{"id":9879,"date":"2022-03-29T17:45:07","date_gmt":"2022-03-29T15:45:07","guid":{"rendered":"https:\/\/www.vss-sezana.si\/?page_id=9879"},"modified":"2022-10-10T10:02:46","modified_gmt":"2022-10-10T08:02:46","slug":"program-usposabljanja-avdiovizualno-ustvarjanje-znotraj-delovnega-procesa","status":"publish","type":"page","link":"https:\/\/www.vss-sezana.si\/?page_id=9879","title":{"rendered":"PROGRAM USPOSABLJANJA AVDIOVIZUALNO USTVARJANJE ZNOTRAJ DELOVNEGA PROCESA"},"content":{"rendered":"<div class=\"flex_column av_one_third  flex_column_div av-zero-column-padding first  avia-builder-el-0  el_before_av_two_third  avia-builder-el-first  \" style='border-radius:0px; '><div class='avia-image-container  av-styling-    avia-builder-el-1  avia-builder-el-no-sibling  avia-align-center '  itemprop=\"image\" itemscope=\"itemscope\" itemtype=\"https:\/\/schema.org\/ImageObject\"  ><div class='avia-image-container-inner'><div class='avia-image-overlay-wrap'><img class='avia_image' src='https:\/\/i0.wp.com\/www.vss-sezana.si\/wp-content\/uploads\/2021\/03\/munera-logotip.gif?fit=102%2C124&ssl=1' alt='' title='munera logotip' height=\"124\" width=\"102\"  itemprop=\"thumbnailUrl\"  \/><\/div><\/div><\/div><\/div>\n<div class=\"flex_column av_two_third  flex_column_div av-zero-column-padding   avia-builder-el-2  el_after_av_one_third  avia-builder-el-last  \" style='border-radius:0px; '><section class=\"av_textblock_section \"  itemscope=\"itemscope\" itemtype=\"https:\/\/schema.org\/CreativeWork\" ><div class='avia_textblock  '   itemprop=\"text\" ><h3><b><span lang=\"SL\">PROGRAM USPOSABLJANJA AVDIOVIZUALNO USTVARJANJE ZNOTRAJ DELOVNEGA PROCESA<\/span><\/b><\/h3>\n<p>Ob nenehnem napredku IKT tehnologije, avdio-video snemalne opreme, programske opreme za monta\u017eo in obdelavo slike in zvoka ter razmahu novih distribucijskih kanalov avdio-video vsebin kot so Youtube in socialna omre\u017eja, sodi osnovno poznavanje avdio-video produkcije k splo\u0161no uporabnim in iskanim znanjem, ki se pri\u010dakujejo od vedno \u0161ir\u0161ega kroga zaposlenih na raznovrstnih podro\u010djih.<\/p>\n<p>\u010ce si tudi vi \u017eelite spoznati z razli\u010dnimi tipi avdio-video snemalne tehnike, s programskim orodjem za video monta\u017eo in postprodukcijo slike in zvoka ter pripravo avdio-video vsebin za razli\u010dne spletne distribucijske kanale, vas vabimo na usposabljanje, ki ga pripravljamo na Vi\u0161ji strokovni \u0161oli Se\u017eana.<\/p>\n<p><strong>Usposabljanje je brezpla\u010dno za vse zaposlene in poteka v okviru projekta Munera 3.<\/strong><\/p>\n<p>Ve\u010d informacij o programu usposabljanja: <a href=\"https:\/\/www.vss-sezana.si\/wp-content\/uploads\/2022\/03\/Munera_avdiovizualno-ustvarjanje-znotraj-delovnega-procesa-1.docx\"><strong><u>RAZPIS \u2013 AVDIOVIZUALNO USTVARJANJE<\/u><\/strong><u>.<\/u><\/a><\/p>\n<p>Video izdelek udele\u017eenke prve skupine usposabljanja:<\/p>\n<p><span class=\"embed-youtube\" style=\"text-align:center; display: block;\"><iframe loading=\"lazy\" class=\"youtube-player\" width=\"1500\" height=\"844\" src=\"https:\/\/www.youtube.com\/embed\/kRvzsjJjC1U?version=3&#038;rel=1&#038;showsearch=0&#038;showinfo=1&#038;iv_load_policy=1&#038;fs=1&#038;hl=sl-SI&#038;autohide=2&#038;wmode=transparent\" allowfullscreen=\"true\" style=\"border:0;\" sandbox=\"allow-scripts allow-same-origin allow-popups allow-presentation allow-popups-to-escape-sandbox\"><\/iframe><\/span><\/p>\n<\/div><\/section><\/div>\n","protected":false},"excerpt":{"rendered":"","protected":false},"author":4,"featured_media":0,"parent":7203,"menu_order":0,"comment_status":"closed","ping_status":"closed","template":"","meta":{"footnotes":""},"class_list":["post-9879","page","type-page","status-publish","hentry"],"aioseo_notices":[],"jetpack_sharing_enabled":true,"jetpack_shortlink":"https:\/\/wp.me\/P6N9ot-2zl","jetpack-related-posts":[],"_links":{"self":[{"href":"https:\/\/www.vss-sezana.si\/index.php?rest_route=\/wp\/v2\/pages\/9879","targetHints":{"allow":["GET"]}}],"collection":[{"href":"https:\/\/www.vss-sezana.si\/index.php?rest_route=\/wp\/v2\/pages"}],"about":[{"href":"https:\/\/www.vss-sezana.si\/index.php?rest_route=\/wp\/v2\/types\/page"}],"author":[{"embeddable":true,"href":"https:\/\/www.vss-sezana.si\/index.php?rest_route=\/wp\/v2\/users\/4"}],"replies":[{"embeddable":true,"href":"https:\/\/www.vss-sezana.si\/index.php?rest_route=%2Fwp%2Fv2%2Fcomments&post=9879"}],"version-history":[{"count":7,"href":"https:\/\/www.vss-sezana.si\/index.php?rest_route=\/wp\/v2\/pages\/9879\/revisions"}],"predecessor-version":[{"id":10340,"href":"https:\/\/www.vss-sezana.si\/index.php?rest_route=\/wp\/v2\/pages\/9879\/revisions\/10340"}],"up":[{"embeddable":true,"href":"https:\/\/www.vss-sezana.si\/index.php?rest_route=\/wp\/v2\/pages\/7203"}],"wp:attachment":[{"href":"https:\/\/www.vss-sezana.si\/index.php?rest_route=%2Fwp%2Fv2%2Fmedia&parent=9879"}],"curies":[{"name":"wp","href":"https:\/\/api.w.org\/{rel}","templated":true}]}}