{"id":92,"date":"2013-08-25T18:37:25","date_gmt":"2013-08-25T16:37:25","guid":{"rendered":"http:\/\/1028.gvs.arnes.si\/blog\/?page_id=92"},"modified":"2014-01-22T15:58:03","modified_gmt":"2014-01-22T14:58:03","slug":"predstavitev-programa","status":"publish","type":"page","link":"https:\/\/www.vss-sezana.si\/?page_id=92","title":{"rendered":"Predstavitev modulov"},"content":{"rendered":"<div class=\"flex_column av_one_third  flex_column_div first  avia-builder-el-0  el_before_av_two_third  avia-builder-el-first  \" ><div class='avia-image-container  av-styling-    avia-builder-el-1  avia-builder-el-no-sibling  avia-align-center '  itemprop=\"image\" itemscope=\"itemscope\" itemtype=\"https:\/\/schema.org\/ImageObject\"  ><div class='avia-image-container-inner'><div class='avia-image-overlay-wrap'><img data-recalc-dims=\"1\" class='avia_image' src=\"https:\/\/i0.wp.com\/vss-sezana.si\/wp-content\/uploads\/2013\/08\/Tina_Simerl_Avtoportret_5.jpg?w=1500&#038;ssl=1\" alt='Tina Simerl. Avtoportret.' title='Tina Simerl. Avtoportret.'   itemprop=\"thumbnailUrl\"  \/><\/div><\/div><\/div><\/div>\n<div class=\"flex_column av_two_third  flex_column_div   avia-builder-el-2  el_after_av_one_third  avia-builder-el-last  \" ><section class=\"av_textblock_section \"  itemscope=\"itemscope\" itemtype=\"https:\/\/schema.org\/CreativeWork\" ><div class='avia_textblock  '   itemprop=\"text\" ><div title=\"Page 23\">\n<h2><\/h2>\n<h2><strong>PREDSTAVITEV PROGRAMA IN MODULOV<\/strong><\/h2>\n<p>\u0160tudij\u00a0po vi\u0161je\u0161olskem programu <strong>fotografija<\/strong> seznanja \u0161tudente s fotografskimi in\u00a0video materiali, z metodami dela, s postopki in tehnologijami na podro\u010djih fotografije, animacije in videa ter usposablja za\u00a0vse stopnje delovnih procesov. Posreduje znanja in ve\u0161\u010dine z razli\u010dnih podro\u010dij uporabe fotografije, animacije in videa, spodbuja kreativnost in komunikativnost ter razvija sposobnost za individualno in timsko delo. V vsakem letniku \u0161tudentje opravijo deset tednov prakti\u010dnega izobra\u017eevanja v podjetjih ali zavodih, tudi v tujini, preko projektov mednarodne mobilnosti. Ob koncu \u0161tudija \u0161tudent pridobi naziv <strong>in\u017eenir<\/strong> oz. <strong>in\u017eenirka fotografije<\/strong> (<strong>in\u017e. fot.<\/strong>).<\/p>\n<p>\u0160tudijski program, ovrednoten s 120 kreditnimi to\u010dkami (KT) po sistemu ECTS,\u00a0obsega obvezne in izbirne predmete in module (predmetnik si lahko ogledate <a href=\"https:\/\/www.vss-sezana.si\/wp-content\/uploads\/2014\/01\/predmetnik-FOT-2014.pdf\" target=\"_blank\">tukaj<\/a>). \u0160tevilo izbirnih predmetov in modulov, ki jih \u0161ola izvaja v posameznem \u0161tudijskem letu,\u00a0je odvisno od \u0161tevila in interesa vpisanih \u0161tudentov.\u00a0\u0160ola si v\u00a0primeru, da k posameznemu modulu ali predmetu v \u0161tudijskem letu\u00a0ni prijavljenih vsaj deset \u0161tudentov, pridr\u017euje pravico, da modula oz. predmeta v tem letu ne izvaja.<\/p>\n<p>Obvezni del \u0161tudijskega programa \u0161tudente uvede v temeljna podro\u010dja fotografije in seznani z osnovami\u00a0animacije in videa, s poudarkom na snemanju in monta\u017ei tona in slike. \u0160tudentje se usposobijo za samostojno oblikovanje idejne re\u0161itve in realizacijo fotografske naloge, spoznajo fotografsko opremo, tehnike snemanja, temeljne zvrsti fotografije, zakonitosti fotografske slike in osnove vizualnega jezika. \u00a0Spoznajo tudi razvoj in pomen fotografije v okviru vizualne kulture ter oblikovanja vizualnih komunikacij.\u00a0Za vstop na trg dela in delovanje v poslovnem okolju pridobijo znanja poslovnega komuniciranja, podjetni\u0161tva, tr\u017eenja, ra\u010dunalni\u0161tva in informatike ter strokovne terminologije v angle\u0161kem jeziku.<\/p>\n<p>Izbirni del programa omogo\u010da poglabljanje znanja na podro\u010dju kreativne fotografije, reporta\u017ene fotografije ali ustvarjanje na podro\u010dju videa in filma.<\/p>\n<p>Poleg izbire enega od navedenih podro\u010dij se \u0161tudentje odlo\u010dajo tudi\u00a0 za posamezne predmete. Izberejo lahko znanstveno in dokumentarno fotografijo, izpovedno avtorsko fotografijo ali fotografsko postprodukcijo, v okviru katere osvojijo postopke digitalne obdelave posnetega materiala in priprave za tisk.<\/p>\n<p>Kreativna in reporta\u017ena fotografija potekata v povezavi s \u0161tudijem <strong>ateljejske fotografije<\/strong>. Ob delu v fotografskem studiu, s studijsko snemalno in osvetljevalno opremo, uporabo standardnih in improviziranih rekvizitov, se \u0161tudentje nau\u010dijo upodabljati razli\u010dne materiale in predmete.<\/p>\n<p>V sklopu modula <strong>kreativne fotografije<\/strong> se \u0161tudenti seznanjajo s sodobnimi trendi v ogla\u0161evanju in ogla\u0161evalski fotografiji, odkrivajo osnovne zakonitosti modne fotografije ter se, v okviru arhitekturne fotografije, nau\u010dijo interpretirati arhitekturo in prostor skozi fotografski medij. Znanja in spretnosti s podro\u010dja fotografije dopolnjujejo vedenja o zakonitostih tr\u017enega komuniciranja in vlogi fotografije v ogla\u0161evanju v okviru razli\u010dnih medijev. \u0160tudentje se seznanijo tudi z oblikovanjem vizualnih komunikacij in z vlogo fotografije znotraj njih.<\/p>\n<p>V okviru modula <strong>reporta\u017ena fotografija<\/strong> so zajeta znanja, ki omogo\u010dajo samostojno izpolnjevanje nalog s podro\u010dja reporta\u017ene in dokumentarne fotografije, od zasnove do izvedbe in predstavitve.\u00a0\u0160tudentje analizirajo na\u010dela vizualnega sporo\u010danja skozi pregled razvoja\u00a0 razli\u010dnih mno\u017ei\u010dnih medijev in vloge fotografije v njih. Spoznajo razli\u010dne pristope glede na tematiko dogodka in zvrsti fotoreporta\u017ee. Seznanijo se z na\u010deli\u00a0 besednega sporo\u010danja, ter novinarskega in uredni\u0161kega dela.\u00a0\u0160tudentje pridobijo ve\u0161\u010dine in spretnosti, potrebne za uspe\u0161no delo fotoreporterja,\u00a0z izvedbo prakti\u010dnih nalog ter s kriti\u010dnim vrednotenjem lastnega in tujega dela.<\/p>\n<p>Pri vseh predmetih je pogoj za pristop k izpitu najmanj 80% udele\u017eba na seminarskih oz. laboratorijskih vajah.<\/p>\n<\/div>\n<\/div><\/section><br \/>\n<div style='height:33px' class='hr hr-invisible   avia-builder-el-4  el_after_av_textblock  avia-builder-el-last '><span class='hr-inner ' ><span class='hr-inner-style'><\/span><\/span><\/div><\/p><\/div>\n","protected":false},"excerpt":{"rendered":"","protected":false},"author":2,"featured_media":0,"parent":60,"menu_order":10,"comment_status":"open","ping_status":"closed","template":"","meta":{"footnotes":""},"class_list":["post-92","page","type-page","status-publish","hentry"],"aioseo_notices":[],"jetpack_sharing_enabled":true,"jetpack_shortlink":"https:\/\/wp.me\/P6N9ot-1u","jetpack-related-posts":[],"_links":{"self":[{"href":"https:\/\/www.vss-sezana.si\/index.php?rest_route=\/wp\/v2\/pages\/92","targetHints":{"allow":["GET"]}}],"collection":[{"href":"https:\/\/www.vss-sezana.si\/index.php?rest_route=\/wp\/v2\/pages"}],"about":[{"href":"https:\/\/www.vss-sezana.si\/index.php?rest_route=\/wp\/v2\/types\/page"}],"author":[{"embeddable":true,"href":"https:\/\/www.vss-sezana.si\/index.php?rest_route=\/wp\/v2\/users\/2"}],"replies":[{"embeddable":true,"href":"https:\/\/www.vss-sezana.si\/index.php?rest_route=%2Fwp%2Fv2%2Fcomments&post=92"}],"version-history":[{"count":17,"href":"https:\/\/www.vss-sezana.si\/index.php?rest_route=\/wp\/v2\/pages\/92\/revisions"}],"predecessor-version":[{"id":2709,"href":"https:\/\/www.vss-sezana.si\/index.php?rest_route=\/wp\/v2\/pages\/92\/revisions\/2709"}],"up":[{"embeddable":true,"href":"https:\/\/www.vss-sezana.si\/index.php?rest_route=\/wp\/v2\/pages\/60"}],"wp:attachment":[{"href":"https:\/\/www.vss-sezana.si\/index.php?rest_route=%2Fwp%2Fv2%2Fmedia&parent=92"}],"curies":[{"name":"wp","href":"https:\/\/api.w.org\/{rel}","templated":true}]}}