{"id":8927,"date":"2021-03-25T10:31:14","date_gmt":"2021-03-25T09:31:14","guid":{"rendered":"https:\/\/www.vss-sezana.si\/?page_id=8927"},"modified":"2022-10-10T10:01:35","modified_gmt":"2022-10-10T08:01:35","slug":"program-usposabljanja-gradnje-suhozidnih-konstrukcij","status":"publish","type":"page","link":"https:\/\/www.vss-sezana.si\/?page_id=8927","title":{"rendered":"PROGRAM USPOSABLJANJA GRADNJE SUHOZIDNIH KONSTRUKCIJ"},"content":{"rendered":"<div class=\"flex_column av_one_third  flex_column_div av-zero-column-padding first  avia-builder-el-0  el_before_av_three_fifth  avia-builder-el-first  \" style='border-radius:0px; '><div class='avia-image-container  av-styling- av-hover-grow   avia-builder-el-1  avia-builder-el-no-sibling  avia-align-left '  itemprop=\"image\" itemscope=\"itemscope\" itemtype=\"https:\/\/schema.org\/ImageObject\"  ><div class='avia-image-container-inner'><div class='avia-image-overlay-wrap'><img class='avia_image' src='https:\/\/i0.wp.com\/www.vss-sezana.si\/wp-content\/uploads\/2021\/03\/munera-logotip.gif?fit=102%2C124&ssl=1' alt='' title='munera logotip' height=\"124\" width=\"102\"  itemprop=\"thumbnailUrl\"  \/><\/div><\/div><\/div><\/div>\n<div class=\"flex_column av_three_fifth  flex_column_div av-zero-column-padding   avia-builder-el-2  el_after_av_one_third  el_before_av_one_third  \" style='border-radius:0px; '><section class=\"av_textblock_section \"  itemscope=\"itemscope\" itemtype=\"https:\/\/schema.org\/CreativeWork\" ><div class='avia_textblock  '   itemprop=\"text\" ><h3><b><span lang=\"SL\">PROGRAM USPOSABLJANJA GRADNJE SUHOZIDNIH KONSTRUKCIJ<\/span><\/b><\/h3>\n<p>Ste vedeli, da je suhozidna gradnja vpisana na Unescov seznam nesnovne kulturne dedi\u0161\u010dine? Bi radi tudi sami pridobili ve\u0161\u010dine na\u010drtovanja in gradnje suhozidnih konstrukcij ter s tem pripomogli k ohranjanju snovne in nesnovne kulturne dedi\u0161\u010dine?<\/p>\n<p>\u010ce ste na vpra\u0161anje odgovorili z \u00bbda\u00ab, vas vabimo na usposabljanje\u00a0 \u00bbGradnje suhozidnih konstrukcij\u00ab, ki ga za vas pripravljamo na Vi\u0161ji strokovni \u0161oli Se\u017eana, v sodelovanju z Inkubatorjem d.o.o. Se\u017eana (Izobra\u017eevalno razvojno sredi\u0161\u010de) ter Partnerstvom kra\u0161ke suhozidne gradnje.<\/p>\n<p>Ve\u010d o samem usposabljanju si lahko preberete na povezavi: <a href=\"https:\/\/www.vss-sezana.si\/wp-content\/uploads\/2021\/05\/Razpis-Suhozidna-gradnja.docx\" target=\"_blank\" rel=\"noopener\"><strong>RAZPIS &#8211; SUHOZIDNA GRADNJA<\/strong><\/a><\/p>\n<p><strong>Usposabljanje je brezpla\u010dno za vse zaposlene in poteka v okviru projekta Munera 3.<\/strong><\/p>\n<p>Nekaj utrinkov prvega zaklju\u010denega usposabljanja Gradnje suhozidnih konstrukcij:<\/p>\n<ul>\n<li><a href=\"https:\/\/www.vss-sezana.si\/?p=9054\">https:\/\/www.vss-sezana.si\/?p=9054<\/a><\/li>\n<li><a href=\"https:\/\/www.vss-sezana.si\/?p=9122\">https:\/\/www.vss-sezana.si\/?p=9122<\/a><\/li>\n<\/ul>\n<p><img data-recalc-dims=\"1\" loading=\"lazy\" decoding=\"async\" data-attachment-id=\"8981\" data-permalink=\"https:\/\/www.vss-sezana.si\/?attachment_id=8981\" data-orig-file=\"https:\/\/i0.wp.com\/www.vss-sezana.si\/wp-content\/uploads\/2021\/05\/Rafael-Marn-Ad-Pirum-8.jpg?fit=1440%2C958&amp;ssl=1\" data-orig-size=\"1440,958\" data-comments-opened=\"1\" data-image-meta=\"{&quot;aperture&quot;:&quot;8&quot;,&quot;credit&quot;:&quot;&quot;,&quot;camera&quot;:&quot;NIKON D700&quot;,&quot;caption&quot;:&quot;&quot;,&quot;created_timestamp&quot;:&quot;1271509936&quot;,&quot;copyright&quot;:&quot;fotografija: Rafael Marn\/Ad Pirum&quot;,&quot;focal_length&quot;:&quot;300&quot;,&quot;iso&quot;:&quot;200&quot;,&quot;shutter_speed&quot;:&quot;0.0015625&quot;,&quot;title&quot;:&quot;&quot;,&quot;orientation&quot;:&quot;1&quot;}\" data-image-title=\"Rafael Marn, Ad Pirum (8)\" data-image-description=\"\" data-image-caption=\"\" data-large-file=\"https:\/\/i0.wp.com\/www.vss-sezana.si\/wp-content\/uploads\/2021\/05\/Rafael-Marn-Ad-Pirum-8.jpg?fit=1030%2C685&amp;ssl=1\" class=\"alignnone size-medium wp-image-8981\" src=\"https:\/\/i0.wp.com\/www.vss-sezana.si\/wp-content\/uploads\/2021\/05\/Rafael-Marn-Ad-Pirum-8.jpg?resize=300%2C200&#038;ssl=1\" alt=\"\" width=\"300\" height=\"200\" srcset=\"https:\/\/i0.wp.com\/www.vss-sezana.si\/wp-content\/uploads\/2021\/05\/Rafael-Marn-Ad-Pirum-8.jpg?resize=300%2C200&amp;ssl=1 300w, https:\/\/i0.wp.com\/www.vss-sezana.si\/wp-content\/uploads\/2021\/05\/Rafael-Marn-Ad-Pirum-8.jpg?resize=1030%2C685&amp;ssl=1 1030w, https:\/\/i0.wp.com\/www.vss-sezana.si\/wp-content\/uploads\/2021\/05\/Rafael-Marn-Ad-Pirum-8.jpg?resize=768%2C511&amp;ssl=1 768w, https:\/\/i0.wp.com\/www.vss-sezana.si\/wp-content\/uploads\/2021\/05\/Rafael-Marn-Ad-Pirum-8.jpg?resize=705%2C469&amp;ssl=1 705w, https:\/\/i0.wp.com\/www.vss-sezana.si\/wp-content\/uploads\/2021\/05\/Rafael-Marn-Ad-Pirum-8.jpg?resize=450%2C299&amp;ssl=1 450w, https:\/\/i0.wp.com\/www.vss-sezana.si\/wp-content\/uploads\/2021\/05\/Rafael-Marn-Ad-Pirum-8.jpg?w=1440&amp;ssl=1 1440w\" sizes=\"auto, (max-width: 300px) 100vw, 300px\" \/><\/p>\n<p>Rafael Marn, Ad Pirum<\/p>\n<p><img data-recalc-dims=\"1\" loading=\"lazy\" decoding=\"async\" data-attachment-id=\"8982\" data-permalink=\"https:\/\/www.vss-sezana.si\/?attachment_id=8982\" data-orig-file=\"https:\/\/i0.wp.com\/www.vss-sezana.si\/wp-content\/uploads\/2021\/05\/Andrej-Murovec-Inkubator-Sezana-2.jpg?fit=1440%2C960&amp;ssl=1\" data-orig-size=\"1440,960\" data-comments-opened=\"1\" data-image-meta=\"{&quot;aperture&quot;:&quot;8&quot;,&quot;credit&quot;:&quot;Andrej Murovec&quot;,&quot;camera&quot;:&quot;NIKON D800&quot;,&quot;caption&quot;:&quot;&quot;,&quot;created_timestamp&quot;:&quot;1405102310&quot;,&quot;copyright&quot;:&quot;fotografija: Rafael Marn\/Ad Pirum&quot;,&quot;focal_length&quot;:&quot;35&quot;,&quot;iso&quot;:&quot;200&quot;,&quot;shutter_speed&quot;:&quot;0.0015625&quot;,&quot;title&quot;:&quot;&quot;,&quot;orientation&quot;:&quot;1&quot;}\" data-image-title=\"Andrej Murovec, Inkubator Se\u017eana (2)\" data-image-description=\"\" data-image-caption=\"\" data-large-file=\"https:\/\/i0.wp.com\/www.vss-sezana.si\/wp-content\/uploads\/2021\/05\/Andrej-Murovec-Inkubator-Sezana-2.jpg?fit=1030%2C687&amp;ssl=1\" class=\"alignnone size-medium wp-image-8982\" src=\"https:\/\/i0.wp.com\/www.vss-sezana.si\/wp-content\/uploads\/2021\/05\/Andrej-Murovec-Inkubator-Sezana-2.jpg?resize=300%2C200&#038;ssl=1\" alt=\"\" width=\"300\" height=\"200\" srcset=\"https:\/\/i0.wp.com\/www.vss-sezana.si\/wp-content\/uploads\/2021\/05\/Andrej-Murovec-Inkubator-Sezana-2.jpg?resize=300%2C200&amp;ssl=1 300w, https:\/\/i0.wp.com\/www.vss-sezana.si\/wp-content\/uploads\/2021\/05\/Andrej-Murovec-Inkubator-Sezana-2.jpg?resize=1030%2C687&amp;ssl=1 1030w, https:\/\/i0.wp.com\/www.vss-sezana.si\/wp-content\/uploads\/2021\/05\/Andrej-Murovec-Inkubator-Sezana-2.jpg?resize=768%2C512&amp;ssl=1 768w, https:\/\/i0.wp.com\/www.vss-sezana.si\/wp-content\/uploads\/2021\/05\/Andrej-Murovec-Inkubator-Sezana-2.jpg?resize=705%2C470&amp;ssl=1 705w, https:\/\/i0.wp.com\/www.vss-sezana.si\/wp-content\/uploads\/2021\/05\/Andrej-Murovec-Inkubator-Sezana-2.jpg?resize=450%2C300&amp;ssl=1 450w, https:\/\/i0.wp.com\/www.vss-sezana.si\/wp-content\/uploads\/2021\/05\/Andrej-Murovec-Inkubator-Sezana-2.jpg?w=1440&amp;ssl=1 1440w\" sizes=\"auto, (max-width: 300px) 100vw, 300px\" \/><\/p>\n<p>Andrej Murovec, Inkubator Se\u017eana<\/p>\n<p><img data-recalc-dims=\"1\" loading=\"lazy\" decoding=\"async\" data-attachment-id=\"8983\" data-permalink=\"https:\/\/www.vss-sezana.si\/?attachment_id=8983\" data-orig-file=\"https:\/\/i0.wp.com\/www.vss-sezana.si\/wp-content\/uploads\/2021\/05\/Rafael-Marn-Ad-Pirum-6.jpg?fit=1440%2C958&amp;ssl=1\" data-orig-size=\"1440,958\" data-comments-opened=\"1\" data-image-meta=\"{&quot;aperture&quot;:&quot;9&quot;,&quot;credit&quot;:&quot;&quot;,&quot;camera&quot;:&quot;NIKON D700&quot;,&quot;caption&quot;:&quot;&quot;,&quot;created_timestamp&quot;:&quot;1288869815&quot;,&quot;copyright&quot;:&quot;fotografija: Rafael Marn\/Ad Pirum&quot;,&quot;focal_length&quot;:&quot;140&quot;,&quot;iso&quot;:&quot;250&quot;,&quot;shutter_speed&quot;:&quot;0.008&quot;,&quot;title&quot;:&quot;&quot;,&quot;orientation&quot;:&quot;1&quot;}\" data-image-title=\"Rafael Marn, Ad Pirum (6)\" data-image-description=\"\" data-image-caption=\"\" data-large-file=\"https:\/\/i0.wp.com\/www.vss-sezana.si\/wp-content\/uploads\/2021\/05\/Rafael-Marn-Ad-Pirum-6.jpg?fit=1030%2C685&amp;ssl=1\" class=\"alignnone size-medium wp-image-8983\" src=\"https:\/\/i0.wp.com\/www.vss-sezana.si\/wp-content\/uploads\/2021\/05\/Rafael-Marn-Ad-Pirum-6.jpg?resize=300%2C200&#038;ssl=1\" alt=\"\" width=\"300\" height=\"200\" srcset=\"https:\/\/i0.wp.com\/www.vss-sezana.si\/wp-content\/uploads\/2021\/05\/Rafael-Marn-Ad-Pirum-6.jpg?resize=300%2C200&amp;ssl=1 300w, https:\/\/i0.wp.com\/www.vss-sezana.si\/wp-content\/uploads\/2021\/05\/Rafael-Marn-Ad-Pirum-6.jpg?resize=1030%2C685&amp;ssl=1 1030w, https:\/\/i0.wp.com\/www.vss-sezana.si\/wp-content\/uploads\/2021\/05\/Rafael-Marn-Ad-Pirum-6.jpg?resize=768%2C511&amp;ssl=1 768w, https:\/\/i0.wp.com\/www.vss-sezana.si\/wp-content\/uploads\/2021\/05\/Rafael-Marn-Ad-Pirum-6.jpg?resize=705%2C469&amp;ssl=1 705w, https:\/\/i0.wp.com\/www.vss-sezana.si\/wp-content\/uploads\/2021\/05\/Rafael-Marn-Ad-Pirum-6.jpg?resize=450%2C299&amp;ssl=1 450w, https:\/\/i0.wp.com\/www.vss-sezana.si\/wp-content\/uploads\/2021\/05\/Rafael-Marn-Ad-Pirum-6.jpg?w=1440&amp;ssl=1 1440w\" sizes=\"auto, (max-width: 300px) 100vw, 300px\" \/><\/p>\n<p>Rafael Marn, Ad Pirum<\/p>\n<\/div><\/section><\/div><div class=\"flex_column av_one_third  flex_column_div av-zero-column-padding first  avia-builder-el-4  el_after_av_three_fifth  el_before_av_one_full  \" style='border-radius:0px; '><\/div><\/p>\n<div class=\"flex_column av_one_full  flex_column_div av-zero-column-padding first  avia-builder-el-5  el_after_av_one_third  avia-builder-el-last  column-top-margin\" style='border-radius:0px; '><\/div>\n","protected":false},"excerpt":{"rendered":"","protected":false},"author":4,"featured_media":0,"parent":7203,"menu_order":0,"comment_status":"closed","ping_status":"closed","template":"","meta":{"footnotes":""},"class_list":["post-8927","page","type-page","status-publish","hentry"],"aioseo_notices":[],"jetpack_sharing_enabled":true,"jetpack_shortlink":"https:\/\/wp.me\/P6N9ot-2jZ","jetpack-related-posts":[],"_links":{"self":[{"href":"https:\/\/www.vss-sezana.si\/index.php?rest_route=\/wp\/v2\/pages\/8927","targetHints":{"allow":["GET"]}}],"collection":[{"href":"https:\/\/www.vss-sezana.si\/index.php?rest_route=\/wp\/v2\/pages"}],"about":[{"href":"https:\/\/www.vss-sezana.si\/index.php?rest_route=\/wp\/v2\/types\/page"}],"author":[{"embeddable":true,"href":"https:\/\/www.vss-sezana.si\/index.php?rest_route=\/wp\/v2\/users\/4"}],"replies":[{"embeddable":true,"href":"https:\/\/www.vss-sezana.si\/index.php?rest_route=%2Fwp%2Fv2%2Fcomments&post=8927"}],"version-history":[{"count":6,"href":"https:\/\/www.vss-sezana.si\/index.php?rest_route=\/wp\/v2\/pages\/8927\/revisions"}],"predecessor-version":[{"id":10338,"href":"https:\/\/www.vss-sezana.si\/index.php?rest_route=\/wp\/v2\/pages\/8927\/revisions\/10338"}],"up":[{"embeddable":true,"href":"https:\/\/www.vss-sezana.si\/index.php?rest_route=\/wp\/v2\/pages\/7203"}],"wp:attachment":[{"href":"https:\/\/www.vss-sezana.si\/index.php?rest_route=%2Fwp%2Fv2%2Fmedia&parent=8927"}],"curies":[{"name":"wp","href":"https:\/\/api.w.org\/{rel}","templated":true}]}}