{"id":8920,"date":"2021-03-25T10:27:32","date_gmt":"2021-03-25T09:27:32","guid":{"rendered":"https:\/\/www.vss-sezana.si\/?page_id=8920"},"modified":"2022-10-10T10:00:49","modified_gmt":"2022-10-10T08:00:49","slug":"program-usposabljanja-gemologija","status":"publish","type":"page","link":"https:\/\/www.vss-sezana.si\/?page_id=8920","title":{"rendered":"PROGRAM USPOSABLJANJA GEMOLOGIJA"},"content":{"rendered":"<div class=\"flex_column av_one_third  flex_column_div av-zero-column-padding first  avia-builder-el-0  el_before_av_two_third  avia-builder-el-first  \" style='border-radius:0px; '><p><div class='avia-image-container  av-styling- av-hover-grow   avia-builder-el-1  el_before_av_image  avia-builder-el-first  avia-align-right '  itemprop=\"image\" itemscope=\"itemscope\" itemtype=\"https:\/\/schema.org\/ImageObject\"  ><div class='avia-image-container-inner'><div class='avia-image-overlay-wrap'><img class='avia_image' src='https:\/\/i0.wp.com\/www.vss-sezana.si\/wp-content\/uploads\/2021\/03\/Karneol_Nina-Prunk-scaled.jpg?fit=2560%2C1700&ssl=1' alt='' title='Karneol_Nina Prunk' height=\"1700\" width=\"2560\"  itemprop=\"thumbnailUrl\"  \/><\/div><\/div><\/div><br \/>\n<div class='avia-image-container  av-styling- av-hover-grow   avia-builder-el-2  el_after_av_image  el_before_av_image  avia-align-right '  itemprop=\"image\" itemscope=\"itemscope\" itemtype=\"https:\/\/schema.org\/ImageObject\"  ><div class='avia-image-container-inner'><div class='avia-image-overlay-wrap'><img class='avia_image' src='https:\/\/i0.wp.com\/www.vss-sezana.si\/wp-content\/uploads\/2021\/03\/Rozenec-s-Krasa_Zan-Kobal-scaled.jpg?fit=2560%2C1700&ssl=1' alt='' title='Rozenec s Krasa_Zan Kobal' height=\"1700\" width=\"2560\"  itemprop=\"thumbnailUrl\"  \/><\/div><\/div><\/div><br \/>\n<div class='avia-image-container  av-styling- av-hover-grow   avia-builder-el-3  el_after_av_image  avia-builder-el-last  avia-align-right '  itemprop=\"image\" itemscope=\"itemscope\" itemtype=\"https:\/\/schema.org\/ImageObject\"  ><div class='avia-image-container-inner'><div class='avia-image-overlay-wrap'><img class='avia_image' src='https:\/\/i0.wp.com\/www.vss-sezana.si\/wp-content\/uploads\/2021\/03\/Labradorit_Zan-Kobal-scaled.jpg?fit=1700%2C2560&ssl=1' alt='' title='Labradorit_Zan Kobal' height=\"2560\" width=\"1700\"  itemprop=\"thumbnailUrl\"  \/><\/div><\/div><\/div><\/p><\/div>\n<div class=\"flex_column av_two_third  flex_column_div av-zero-column-padding   avia-builder-el-4  el_after_av_one_third  avia-builder-el-last  \" style='border-radius:0px; '><section class=\"av_textblock_section \"  itemscope=\"itemscope\" itemtype=\"https:\/\/schema.org\/CreativeWork\" ><div class='avia_textblock  '   itemprop=\"text\" ><h3><strong>PROGRAM USPOSABLJANJA GEMOLOGIJA <\/strong><\/h3>\n<h4><strong>(zgodovina, raznolikost, prepoznavanje in bru\u0161enje plemenitih kamnov)<\/strong><\/h4>\n<p>Vas zanima, kako nastajajo kristali v naravi? Veste, kako med seboj razlikovati naravne, sinteti\u010dne in umetne kamne? Poznate nahajali\u0161\u010da mineralov v Sloveniji?<\/p>\n<p>Vse to in \u0161e ve\u010d boste lahko spoznali na usposabljanju \u00bbGemologija: zgodovina, raznolikost, prepoznavanje in bru\u0161enje plemenitih kamnov\u00ab, ki ga za vas pripravljamo na Vi\u0161ji strokovni \u0161oli Se\u017eana, v sodelovanju s Prirodoslovnim muzejem Slovenije.<\/p>\n<p>Ve\u010d o samem usposabljanju si lahko preberete na povezavi: <a href=\"https:\/\/www.vss-sezana.si\/wp-content\/uploads\/2021\/03\/Razpis-gemologija.docx\" target=\"_blank\" rel=\"noopener\"><strong>RAZPIS &#8211; GEMOLOGIJA<\/strong><\/a><\/p>\n<p><strong>Usposabljanje je brezpla\u010dno za vse zaposlene in poteka v okviru projekta Munera 3.<\/strong><\/p>\n<p>Nekaj utrinkov zaklju\u010denih usposabljanja iz Gemologije:<\/p>\n<ul>\n<li>prva izvedba:\u00a0 <a href=\"https:\/\/www.vss-sezana.si\/?p=9011\">https:\/\/www.vss-sezana.si\/?p=9011\u00a0<\/a><\/li>\n<li>druga izvedba:\u00a0<a href=\"https:\/\/www.vss-sezana.si\/?p=9532\">https:\/\/www.vss-sezana.si\/?p=9532<\/a><\/li>\n<\/ul>\n<\/div><\/section><\/div>\n","protected":false},"excerpt":{"rendered":"","protected":false},"author":4,"featured_media":0,"parent":7203,"menu_order":0,"comment_status":"closed","ping_status":"closed","template":"","meta":{"footnotes":""},"class_list":["post-8920","page","type-page","status-publish","hentry"],"aioseo_notices":[],"jetpack_sharing_enabled":true,"jetpack_shortlink":"https:\/\/wp.me\/P6N9ot-2jS","jetpack-related-posts":[],"_links":{"self":[{"href":"https:\/\/www.vss-sezana.si\/index.php?rest_route=\/wp\/v2\/pages\/8920","targetHints":{"allow":["GET"]}}],"collection":[{"href":"https:\/\/www.vss-sezana.si\/index.php?rest_route=\/wp\/v2\/pages"}],"about":[{"href":"https:\/\/www.vss-sezana.si\/index.php?rest_route=\/wp\/v2\/types\/page"}],"author":[{"embeddable":true,"href":"https:\/\/www.vss-sezana.si\/index.php?rest_route=\/wp\/v2\/users\/4"}],"replies":[{"embeddable":true,"href":"https:\/\/www.vss-sezana.si\/index.php?rest_route=%2Fwp%2Fv2%2Fcomments&post=8920"}],"version-history":[{"count":4,"href":"https:\/\/www.vss-sezana.si\/index.php?rest_route=\/wp\/v2\/pages\/8920\/revisions"}],"predecessor-version":[{"id":10337,"href":"https:\/\/www.vss-sezana.si\/index.php?rest_route=\/wp\/v2\/pages\/8920\/revisions\/10337"}],"up":[{"embeddable":true,"href":"https:\/\/www.vss-sezana.si\/index.php?rest_route=\/wp\/v2\/pages\/7203"}],"wp:attachment":[{"href":"https:\/\/www.vss-sezana.si\/index.php?rest_route=%2Fwp%2Fv2%2Fmedia&parent=8920"}],"curies":[{"name":"wp","href":"https:\/\/api.w.org\/{rel}","templated":true}]}}