{"id":8706,"date":"2020-10-29T15:49:31","date_gmt":"2020-10-29T14:49:31","guid":{"rendered":"https:\/\/www.vss-sezana.si\/?page_id=8706"},"modified":"2022-10-10T09:58:16","modified_gmt":"2022-10-10T07:58:16","slug":"izobrazevalni-programi","status":"publish","type":"page","link":"https:\/\/www.vss-sezana.si\/?page_id=8706","title":{"rendered":"IZOBRA\u017dEVALNI PROGRAMI"},"content":{"rendered":"<div class=\"flex_column av_one_third  flex_column_div av-zero-column-padding first  avia-builder-el-0  el_before_av_two_third  avia-builder-el-first  \" style='border-radius:0px; '><div class='avia-image-container  av-styling- av-hover-grow   avia-builder-el-1  avia-builder-el-no-sibling  avia-align-right '  itemprop=\"image\" itemscope=\"itemscope\" itemtype=\"https:\/\/schema.org\/ImageObject\"  ><div class='avia-image-container-inner'><div class='avia-image-overlay-wrap'><img class='avia_image' src='https:\/\/i0.wp.com\/www.vss-sezana.si\/wp-content\/uploads\/2018\/09\/Skupaj-MUNERA-3-1.jpg?fit=1924%2C330&ssl=1' alt='' title='Skupaj MUNERA 3' height=\"330\" width=\"1924\"  itemprop=\"thumbnailUrl\"  \/><\/div><\/div><\/div><\/div>\n<div class=\"flex_column av_two_third  flex_column_div av-zero-column-padding   avia-builder-el-2  el_after_av_one_third  avia-builder-el-last  \" style='border-radius:0px; '><section class=\"av_textblock_section \"  itemscope=\"itemscope\" itemtype=\"https:\/\/schema.org\/CreativeWork\" ><div class='avia_textblock  '   itemprop=\"text\" ><h1>MUNERA 3<\/h1>\n<p><em><strong>BESEDILO RAZPISA MUNERA 3<\/strong><\/em><\/p>\n<p>V obdobju 2018\u20132022 bomo izvajali programe za pridobitev vi\u0161je strokovne izobrazbe in prekvalifikacij na podro\u010dju vi\u0161jega strokovnega izobra\u017eevanja. Izobra\u017eevanje bo za udele\u017eence brezpla\u010dno.<\/p>\n<p>\u00bbNalo\u017ebo sofinancirata Republika Slovenija in Evropska unija iz Evropskega socialnega sklada\u00ab.<\/p>\n<p>Vi\u0161ja strokovna \u0161ola \u0160C Sre\u010dka Kosovela sodeluje v projektu MUNERA 3, s katerim je bila skupaj s konzorcijskimi partnerji izbrana na razpisu \u00bbIzvajanje programov nadaljnjega poklicnega izobra\u017eevanja in usposabljanja 2018\u20132022\u00ab. V okviru projekta se bodo na vseh sodelujo\u010dih \u0161olah izvajali programi nadaljnjega poklicnega izobra\u017eevanja in usposabljanja za zaposlene. Cilj projekta je v te programe vklju\u010diti 17.640 zaposlenih oseb, z namenom doseganja ve\u010dje zaposljivosti in mobilnosti med podro\u010dji dela, osebnega razvoja in delovanja v sodobni dru\u017ebi.<\/p>\n<p>Ve\u010d o samem projektu si lahko preberete na spletni strani:<br \/>\n<a href=\"http:\/\/www.mizs.gov.si\/fileadmin\/mizs.gov.si\/pageuploads\/podrocje\/ss\/ESS_javni_razpisi_2014-2020\/JR_NPIU\/1_JR_NPIU_Besedilo_JR_31_5_2018_P.pdf\">http:\/\/www.mizs.gov.si\/fileadmin\/mizs.gov.si\/pageuploads\/podrocje\/ss\/ESS_javni_razpisi_2014-2020\/JR_NPIU\/1_JR_NPIU_Besedilo_JR_31_5_2018_P.pdf<\/a><\/p>\n<\/div><\/section><\/div>\n","protected":false},"excerpt":{"rendered":"","protected":false},"author":4,"featured_media":0,"parent":7203,"menu_order":0,"comment_status":"closed","ping_status":"closed","template":"","meta":{"footnotes":""},"class_list":["post-8706","page","type-page","status-publish","hentry"],"aioseo_notices":[],"jetpack_sharing_enabled":true,"jetpack_shortlink":"https:\/\/wp.me\/P6N9ot-2gq","jetpack-related-posts":[],"_links":{"self":[{"href":"https:\/\/www.vss-sezana.si\/index.php?rest_route=\/wp\/v2\/pages\/8706","targetHints":{"allow":["GET"]}}],"collection":[{"href":"https:\/\/www.vss-sezana.si\/index.php?rest_route=\/wp\/v2\/pages"}],"about":[{"href":"https:\/\/www.vss-sezana.si\/index.php?rest_route=\/wp\/v2\/types\/page"}],"author":[{"embeddable":true,"href":"https:\/\/www.vss-sezana.si\/index.php?rest_route=\/wp\/v2\/users\/4"}],"replies":[{"embeddable":true,"href":"https:\/\/www.vss-sezana.si\/index.php?rest_route=%2Fwp%2Fv2%2Fcomments&post=8706"}],"version-history":[{"count":3,"href":"https:\/\/www.vss-sezana.si\/index.php?rest_route=\/wp\/v2\/pages\/8706\/revisions"}],"predecessor-version":[{"id":10335,"href":"https:\/\/www.vss-sezana.si\/index.php?rest_route=\/wp\/v2\/pages\/8706\/revisions\/10335"}],"up":[{"embeddable":true,"href":"https:\/\/www.vss-sezana.si\/index.php?rest_route=\/wp\/v2\/pages\/7203"}],"wp:attachment":[{"href":"https:\/\/www.vss-sezana.si\/index.php?rest_route=%2Fwp%2Fv2%2Fmedia&parent=8706"}],"curies":[{"name":"wp","href":"https:\/\/api.w.org\/{rel}","templated":true}]}}