{"id":84,"date":"2013-08-25T18:31:29","date_gmt":"2013-08-25T16:31:29","guid":{"rendered":"http:\/\/1028.gvs.arnes.si\/blog\/?page_id=84"},"modified":"2026-04-01T11:37:04","modified_gmt":"2026-04-01T09:37:04","slug":"izredni-studij-2","status":"publish","type":"page","link":"https:\/\/www.vss-sezana.si\/?page_id=84","title":{"rendered":"Izredni \u0161tudij"},"content":{"rendered":"<div class=\"flex_column av_one_third  flex_column_div first  avia-builder-el-0  el_before_av_two_third  avia-builder-el-first  \" ><p><div class='avia-image-container  av-styling-    avia-builder-el-1  el_before_av_image  avia-builder-el-first  avia-align-center '  itemprop=\"image\" itemscope=\"itemscope\" itemtype=\"https:\/\/schema.org\/ImageObject\"  ><div class='avia-image-container-inner'><div class='avia-image-overlay-wrap'><img data-recalc-dims=\"1\" class='avia_image' src=\"https:\/\/i0.wp.com\/vss-sezana.si\/wp-content\/uploads\/2013\/08\/Martin-Peca-Studio54.jpg?w=1500&#038;ssl=1\" alt='Martin Peca' title='Martin Peca'   itemprop=\"thumbnailUrl\"  \/><\/div><\/div><\/div><br \/>\n<div class='avia-image-container  av-styling-    avia-builder-el-2  el_after_av_image  avia-builder-el-last  avia-align-center '  itemprop=\"image\" itemscope=\"itemscope\" itemtype=\"https:\/\/schema.org\/ImageObject\"  ><div class='avia-image-container-inner'><div class='avia-image-overlay-wrap'><img data-recalc-dims=\"1\" class='avia_image' src=\"https:\/\/i0.wp.com\/vss-sezana.si\/wp-content\/uploads\/2013\/08\/Martin-Peca-Studio3.jpg?w=1500&#038;ssl=1\" alt='Martin Peca' title='Martin Peca'   itemprop=\"thumbnailUrl\"  \/><\/div><\/div><\/div><\/p><\/div>\n<div class=\"flex_column av_two_third  flex_column_div av-zero-column-padding   avia-builder-el-3  el_after_av_one_third  avia-builder-el-last  \" style='border-radius:0px; '><section class=\"av_textblock_section \"  itemscope=\"itemscope\" itemtype=\"https:\/\/schema.org\/CreativeWork\" ><div class='avia_textblock  '   itemprop=\"text\" ><h1>Izredni \u0161tudij: Tvoja kariera, tvoja pravila<\/h1>\n<p>Izredni \u0161tudij na na\u0161i \u0161oli je zasnovan za tiste, ki \u017eelite prevzeti nadzor nad svojo prihodnostjo. Prilagajamo se va\u0161emu ritmu, a ne sklepamo kompromisov pri kakovosti. \u010ce ste zaposleni ali \u017ee gradite svojo pot v fotografiji oziroma oblikovanju materialov, je to prava izbira za vas.<\/p>\n<h2>Kako poteka \u0161tudij?<\/h2>\n<p>\u0160tudij je primarno organiziran v sklopu rednega \u0161tudijskega procesa, kar pomeni, da \u0161tudijske obveznosti opravljate skupaj z rednimi \u0161tudenti v dopoldanskem \u010dasu (od oktobra do aprila).<\/p>\n<p>Posebna prilagoditev se izvede le v primeru ve\u010djega vpisa:<\/p>\n<ul>\n<li><strong>Samostojna izvedba (vsaj 30 vpisanih \u0161tudentov):<\/strong> V tem primeru se \u0161tudij organizira lo\u010deno in poteka v popoldanskem \u010dasu ter ob sobotah dopoldne. Program je takrat optimiziran in traja dve leti in pol (trije cikli), predavanja pa potekajo po sklopih (le 2 ali 3 predmeti hkrati).<\/li>\n<\/ul>\n<p>Podrobna pravila in obveznosti si lahko preberete v dokumentu: <a title=\"null\" href=\"https:\/\/www.vss-sezana.si\/wp-content\/uploads\/2014\/02\/Pravilnik-VS\u0160-o-izrednem-\u0161tudiju-11.pdf\">Pravilnik o izrednem \u0161tudiju (PDF)<\/a>.<\/p>\n<h2>Oprema in delo v \u017eivo<\/h2>\n<p>Pri nas verjamemo v mo\u010d dotika in ostrega o\u010desa. Ker fotografija in oblikovanje kamna zahtevata vrhunske pogoje, vam zagotavljamo:<\/p>\n<ul>\n<li><strong>Vrhunsko opremljen foto studio<\/strong> in specializirane <strong>kamnose\u0161ke delavnice<\/strong>.<\/li>\n<li>Dostop do opreme in prostorov tudi v popoldanskem \u010dasu, da lahko svoje projekte razvijate na profesionalnem nivoju.<\/li>\n<li>U\u010denje poteka <strong>izklju\u010dno v \u017eivo<\/strong>, saj le neposreden prenos znanja mojstrov in mentorjev zagotavlja standarde, ki jih zahteva trg.<\/li>\n<\/ul>\n<h2>Prakti\u010dno izobra\u017eevanje (PRI)<\/h2>\n<p>Za izredni \u0161tudij v organizirani obliki PRI ni predviden, vendar je pogoj za diplomo. Imate dve mo\u017enosti:<\/p>\n<ol>\n<li><strong>Priznavanje izku\u0161enj:<\/strong> \u010ce \u017ee delate v stroki, vam prakti\u010dno izobra\u017eevanje lahko deloma ali v celoti priznamo.<\/li>\n<li><strong>Podpora \u0161ole:<\/strong> Za vse ostale smo tukaj z nasveti, gradivi in informacijami, da najdete podjetje ali zavod, kjer boste pridobili dragocene izku\u0161nje.<\/li>\n<\/ol>\n<h2>Investicija v tvojo prihodnost \u2013 \u0160tudiraj skoraj brezpla\u010dno!<\/h2>\n<p>\u0160olnina vklju\u010duje vse: od administrativnih stro\u0161kov in knji\u017enice do uporabe specialne opreme ter stro\u0161kov diplomskega izpita. \u0160tudij se pla\u010da v dveh obrokih, za vsako leto posebej.<\/p>\n<p><strong>POMEMBNO: Ne zamudite prilo\u017enosti za sofinanciranje!<\/strong><\/p>\n<p>Trenutno je na voljo<a href=\"https:\/\/e-uprava.gov.si\/si\/podrocja\/izobrazevanje-kultura\/sofinanciranje-izobrazevanja-odraslih\/sofinanciranje-solnin-pridobitev-izobrazbe-2024-2029-pi?lang=si\" target=\"_blank\" rel=\"noopener\"><strong> Sofinanciranje \u0161olnin Pridobitev izobrazbe 2024\u20132029 &#8211; PI<\/strong><\/a>, ki omogo\u010da <strong>povrnitev \u0161olnine<\/strong>. To je izjemna prilo\u017enost, da pridobite vi\u0161je\u0161olsko izobrazbo z minimalnim finan\u010dnim vlo\u017ekom.<\/p>\n<h2>Pogoji za napredovanje<\/h2>\n<p>Vpis se izvaja za vsako \u0161tudijsko leto posebej. Letnik se prizna ob opravljenih vseh obveznostih. Zahtevana je 80-odstotna prisotnost na vajah (seminarske, laboratorijske), saj je prakti\u010dna kilometrina tisto, kar vas bo lo\u010dilo od konkurence.<\/p>\n<p><strong>Postanite del generacije, ki oblikuje vizualni in materialni svet!<\/strong><\/p>\n<\/div><\/section><\/div>\n","protected":false},"excerpt":{"rendered":"","protected":false},"author":2,"featured_media":0,"parent":2,"menu_order":60,"comment_status":"open","ping_status":"closed","template":"","meta":{"footnotes":""},"class_list":["post-84","page","type-page","status-publish","hentry"],"aioseo_notices":[],"jetpack_sharing_enabled":true,"jetpack_shortlink":"https:\/\/wp.me\/P6N9ot-1m","jetpack-related-posts":[],"_links":{"self":[{"href":"https:\/\/www.vss-sezana.si\/index.php?rest_route=\/wp\/v2\/pages\/84","targetHints":{"allow":["GET"]}}],"collection":[{"href":"https:\/\/www.vss-sezana.si\/index.php?rest_route=\/wp\/v2\/pages"}],"about":[{"href":"https:\/\/www.vss-sezana.si\/index.php?rest_route=\/wp\/v2\/types\/page"}],"author":[{"embeddable":true,"href":"https:\/\/www.vss-sezana.si\/index.php?rest_route=\/wp\/v2\/users\/2"}],"replies":[{"embeddable":true,"href":"https:\/\/www.vss-sezana.si\/index.php?rest_route=%2Fwp%2Fv2%2Fcomments&post=84"}],"version-history":[{"count":16,"href":"https:\/\/www.vss-sezana.si\/index.php?rest_route=\/wp\/v2\/pages\/84\/revisions"}],"predecessor-version":[{"id":11277,"href":"https:\/\/www.vss-sezana.si\/index.php?rest_route=\/wp\/v2\/pages\/84\/revisions\/11277"}],"up":[{"embeddable":true,"href":"https:\/\/www.vss-sezana.si\/index.php?rest_route=\/wp\/v2\/pages\/2"}],"wp:attachment":[{"href":"https:\/\/www.vss-sezana.si\/index.php?rest_route=%2Fwp%2Fv2%2Fmedia&parent=84"}],"curies":[{"name":"wp","href":"https:\/\/api.w.org\/{rel}","templated":true}]}}