{"id":754,"date":"2013-09-14T10:59:56","date_gmt":"2013-09-14T08:59:56","guid":{"rendered":"http:\/\/1028.gvs.arnes.si\/blog\/?page_id=754"},"modified":"2018-03-30T00:14:18","modified_gmt":"2018-03-29T22:14:18","slug":"kamenblog","status":"publish","type":"page","link":"https:\/\/www.vss-sezana.si\/?page_id=754","title":{"rendered":"KamenBlog"},"content":{"rendered":"<div class='av-alb-blogposts template-blog  '  itemscope=\"itemscope\" itemtype=\"https:\/\/schema.org\/Blog\" ><article class='post-entry post-entry-type-standard post-entry-5110 post-loop-1 post-parity-odd single-big  post-5110 post type-post status-publish format-standard hentry category-oblikovalski-blog category-obl-1 category-obl-2 category-obvestila'  itemscope=\"itemscope\" itemtype=\"https:\/\/schema.org\/BlogPosting\" ><div class='blog-meta'><\/div><div class='entry-content-wrapper clearfix standard-content'><header class=\"entry-content-header\"><h2 class='post-title entry-title'  itemprop=\"headline\" >\t<a href='https:\/\/www.vss-sezana.si\/?p=5110' rel='bookmark' title='Permanent Link: Meeting of Design Students &#8211; mednarodne delavnice'>Meeting of Design Students &#8211; mednarodne delavnice\t\t\t<span class='post-format-icon minor-meta'><\/span>\t<\/a><\/h2><span class='post-meta-infos'><time class='date-container minor-meta updated' >11. aprila, 2016<\/time><span class='text-sep text-sep-date'>\/<\/span><span class='comment-container minor-meta'><a href=\"https:\/\/www.vss-sezana.si\/?p=5110#respond\" class=\"comments-link\" >0 Comments<\/a><\/span><span class='text-sep text-sep-comment'>\/<\/span><span class=\"blog-categories minor-meta\">in <a href=\"https:\/\/www.vss-sezana.si\/?cat=63\" rel=\"tag\">KamenBlog<\/a>, <a href=\"https:\/\/www.vss-sezana.si\/?cat=31\" rel=\"tag\">OBL 1<\/a>, <a href=\"https:\/\/www.vss-sezana.si\/?cat=32\" rel=\"tag\">OBL 2<\/a>, <a href=\"https:\/\/www.vss-sezana.si\/?cat=13\" rel=\"tag\">Obvestila za \u0161tudente<\/a> <\/span><span class=\"text-sep text-sep-cat\">\/<\/span><span class=\"blog-author minor-meta\">by <span class=\"entry-author-link\" ><span class=\"vcard author\"><span class=\"fn\"><a href=\"https:\/\/www.vss-sezana.si\/?author=2\" title=\"Prispevki od LIlijana\" rel=\"author\">LIlijana<\/a><\/span><\/span><\/span><\/span><\/span><\/header><div class=\"entry-content\"  itemprop=\"text\" ><p>Mednarodna, neprofitna \u00a0organizacija Meeting of Design Students zdru\u017euje \u0161tudente arhitekture in oblikovanja. Organizacija vsako leto organizira dvotedenske intenzivne delavnice iz teh podro\u010dij, vsako leto na drugem mestu. Letos \u00a0od 1. do 15. avgusta se selijo v Bukare\u0161to. Na delavnice se lahko prijavite kot tutor (lahko tudi v skupini) ali kot participant. Tutorji so vodje projektov, [&hellip;]<\/p>\n<div class=\"read-more-link\"><a href=\"https:\/\/www.vss-sezana.si\/?p=5110\" class=\"more-link\">Read more<span class=\"more-link-arrow\"><\/span><\/a><\/div>\n<\/div><footer class=\"entry-footer\"><\/footer><div class='post_delimiter'><\/div><\/div><div class='post_author_timeline'><\/div><span class='hidden'>\n\t\t\t<span class='av-structured-data'  itemprop=\"image\" itemscope=\"itemscope\" itemtype=\"https:\/\/schema.org\/ImageObject\"  itemprop='image'>\n\t\t\t\t\t   <span itemprop='url' >https:\/\/vss-sezana.si\/wp-content\/uploads\/2013\/08\/Logo_VSS_340x156px.jpg<\/span>\n\t\t\t\t\t   <span itemprop='height' >0<\/span>\n\t\t\t\t\t   <span itemprop='width' >0<\/span>\n\t\t\t\t  <\/span><span class='av-structured-data'  itemprop=\"publisher\" itemtype=\"https:\/\/schema.org\/Organization\" itemscope=\"itemscope\" >\n\t\t\t\t<span itemprop='name'>LIlijana<\/span>\n\t\t\t\t<span itemprop='logo' itemscope itemtype='https:\/\/schema.org\/ImageObject'>\n\t\t\t\t   <span itemprop='url'>https:\/\/vss-sezana.si\/wp-content\/uploads\/2013\/08\/Logo_VSS_340x156px.jpg<\/span>\n\t\t\t\t <\/span>\n\t\t\t  <\/span><span class='av-structured-data'  itemprop=\"author\" itemscope=\"itemscope\" itemtype=\"https:\/\/schema.org\/Person\" ><span itemprop='name'>LIlijana<\/span><\/span><span class='av-structured-data'  itemprop=\"datePublished\" datetime=\"2016-04-11T14:31:22+02:00\" >2016-04-11 14:31:22<\/span><span class='av-structured-data'  itemprop=\"dateModified\" itemtype=\"https:\/\/schema.org\/dateModified\" >2016-04-11 14:31:22<\/span><span class='av-structured-data'  itemprop=\"mainEntityOfPage\" itemtype=\"https:\/\/schema.org\/mainEntityOfPage\" ><span itemprop='name'>Meeting of Design Students - mednarodne delavnice<\/span><\/span><\/span><\/article><article class='post-entry post-entry-type-gallery post-entry-4885 post-loop-2 post-parity-even single-big with-slider post-4885 post type-post status-publish format-gallery has-post-thumbnail hentry category-aktualno category-film-blog category-fotoblog category-oblikovalski-blog post_format-post-format-gallery'  itemscope=\"itemscope\" itemtype=\"https:\/\/schema.org\/BlogPosting\" ><div class=\"big-preview single-big\"><a href=\"https:\/\/www.vss-sezana.si\/?p=4885\" title=\"Peta generacija diplomantov\"><img loading=\"lazy\" decoding=\"async\" width=\"845\" height=\"321\" src=\"https:\/\/i0.wp.com\/www.vss-sezana.si\/wp-content\/uploads\/2016\/01\/diplome-povodnik1.jpg?resize=845%2C321&amp;ssl=1\" class=\"attachment-entry_with_sidebar size-entry_with_sidebar wp-post-image\" alt=\"\" srcset=\"https:\/\/i0.wp.com\/www.vss-sezana.si\/wp-content\/uploads\/2016\/01\/diplome-povodnik1.jpg?resize=845%2C321&amp;ssl=1 845w, https:\/\/i0.wp.com\/www.vss-sezana.si\/wp-content\/uploads\/2016\/01\/diplome-povodnik1.jpg?zoom=2&amp;resize=845%2C321&amp;ssl=1 1690w\" sizes=\"auto, (max-width: 845px) 100vw, 845px\" data-attachment-id=\"4897\" data-permalink=\"https:\/\/www.vss-sezana.si\/?attachment_id=4897\" data-orig-file=\"https:\/\/i0.wp.com\/www.vss-sezana.si\/wp-content\/uploads\/2016\/01\/diplome-povodnik1.jpg?fit=2000%2C1222&amp;ssl=1\" data-orig-size=\"2000,1222\" data-comments-opened=\"1\" data-image-meta=\"{&quot;aperture&quot;:&quot;2.8&quot;,&quot;credit&quot;:&quot;Foto: Tomaz Povodnik&quot;,&quot;camera&quot;:&quot;NIKON D800&quot;,&quot;caption&quot;:&quot;&quot;,&quot;created_timestamp&quot;:&quot;1452799497&quot;,&quot;copyright&quot;:&quot;Foto: Tomaz Povodnik&quot;,&quot;focal_length&quot;:&quot;38&quot;,&quot;iso&quot;:&quot;1250&quot;,&quot;shutter_speed&quot;:&quot;0.00625&quot;,&quot;title&quot;:&quot;&quot;,&quot;orientation&quot;:&quot;0&quot;}\" data-image-title=\"diplome-povodnik1\" data-image-description=\"\" data-image-caption=\"\" data-large-file=\"https:\/\/i0.wp.com\/www.vss-sezana.si\/wp-content\/uploads\/2016\/01\/diplome-povodnik1.jpg?fit=1030%2C629&amp;ssl=1\" \/><\/a><\/div><div class='blog-meta'><\/div><div class='entry-content-wrapper clearfix gallery-content'><header class=\"entry-content-header\"><h2 class='post-title entry-title'  itemprop=\"headline\" >\t<a href='https:\/\/www.vss-sezana.si\/?p=4885' rel='bookmark' title='Permanent Link: Peta generacija diplomantov'>Peta generacija diplomantov\t\t\t<span class='post-format-icon minor-meta'><\/span>\t<\/a><\/h2><span class='post-meta-infos'><time class='date-container minor-meta updated' >19. januarja, 2016<\/time><span class='text-sep text-sep-date'>\/<\/span><span class='comment-container minor-meta'><a href=\"https:\/\/www.vss-sezana.si\/?p=4885#respond\" class=\"comments-link\" >0 Comments<\/a><\/span><span class='text-sep text-sep-comment'>\/<\/span><span class=\"blog-categories minor-meta\">in <a href=\"https:\/\/www.vss-sezana.si\/?cat=12\" rel=\"tag\">Aktualne novice<\/a>, <a href=\"https:\/\/www.vss-sezana.si\/?cat=65\" rel=\"tag\">FilmBlog<\/a>, <a href=\"https:\/\/www.vss-sezana.si\/?cat=61\" rel=\"tag\">FotoBlog<\/a>, <a href=\"https:\/\/www.vss-sezana.si\/?cat=63\" rel=\"tag\">KamenBlog<\/a> <\/span><span class=\"text-sep text-sep-cat\">\/<\/span><span class=\"blog-author minor-meta\">by <span class=\"entry-author-link\" ><span class=\"vcard author\"><span class=\"fn\"><a href=\"https:\/\/www.vss-sezana.si\/?author=2\" title=\"Prispevki od LIlijana\" rel=\"author\">LIlijana<\/a><\/span><\/span><\/span><\/span><\/span><\/header><div class=\"entry-content\"  itemprop=\"text\" ><p>&nbsp; SVE\u010cANA PODELITEV DIPLOMSKIH LISTIN VI\u0160JE STROKOVNE \u0160OLE SE\u017dANA V \u010detrtek, 14.1. 2016, je v Kosovelovem domu Se\u017eana potekala sve\u010dana podelitev diplomskih listin. Peta generacija diplomantov se je izkazala z inovativnimi prakti\u010dnimi izdelki z razli\u010dnih podro\u010dij fotografije in oblikovanja materialov. Vi\u0161ja strokovna \u0161ola Se\u017eana v okviru \u0161tudija oblikovanja materialov sledi tradicionalnemu izro\u010dilu kamnose\u0161tva na Krasu [&hellip;]<\/p>\n<div class=\"read-more-link\"><a href=\"https:\/\/www.vss-sezana.si\/?p=4885\" class=\"more-link\">Read more<span class=\"more-link-arrow\"><\/span><\/a><\/div>\n<\/div><footer class=\"entry-footer\"><\/footer><div class='post_delimiter'><\/div><\/div><div class='post_author_timeline'><\/div><span class='hidden'>\n\t\t\t<span class='av-structured-data'  itemprop=\"image\" itemscope=\"itemscope\" itemtype=\"https:\/\/schema.org\/ImageObject\"  itemprop='image'>\n\t\t\t\t\t   <span itemprop='url' >https:\/\/i0.wp.com\/www.vss-sezana.si\/wp-content\/uploads\/2016\/01\/diplome-povodnik1.jpg?fit=2000%2C1222&ssl=1<\/span>\n\t\t\t\t\t   <span itemprop='height' >1222<\/span>\n\t\t\t\t\t   <span itemprop='width' >2000<\/span>\n\t\t\t\t  <\/span><span class='av-structured-data'  itemprop=\"publisher\" itemtype=\"https:\/\/schema.org\/Organization\" itemscope=\"itemscope\" >\n\t\t\t\t<span itemprop='name'>LIlijana<\/span>\n\t\t\t\t<span itemprop='logo' itemscope itemtype='https:\/\/schema.org\/ImageObject'>\n\t\t\t\t   <span itemprop='url'>https:\/\/vss-sezana.si\/wp-content\/uploads\/2013\/08\/Logo_VSS_340x156px.jpg<\/span>\n\t\t\t\t <\/span>\n\t\t\t  <\/span><span class='av-structured-data'  itemprop=\"author\" itemscope=\"itemscope\" itemtype=\"https:\/\/schema.org\/Person\" ><span itemprop='name'>LIlijana<\/span><\/span><span class='av-structured-data'  itemprop=\"datePublished\" datetime=\"2016-01-19T11:26:35+01:00\" >2016-01-19 11:26:35<\/span><span class='av-structured-data'  itemprop=\"dateModified\" itemtype=\"https:\/\/schema.org\/dateModified\" >2016-01-19 11:26:41<\/span><span class='av-structured-data'  itemprop=\"mainEntityOfPage\" itemtype=\"https:\/\/schema.org\/mainEntityOfPage\" ><span itemprop='name'>Peta generacija diplomantov<\/span><\/span><\/span><\/article><article class='post-entry post-entry-type-standard post-entry-3373 post-loop-3 post-parity-odd single-big  post-3373 post type-post status-publish format-standard hentry category-oblikovalski-blog'  itemscope=\"itemscope\" itemtype=\"https:\/\/schema.org\/BlogPosting\" ><div class='blog-meta'><\/div><div class='entry-content-wrapper clearfix standard-content'><header class=\"entry-content-header\"><h2 class='post-title entry-title'  itemprop=\"headline\" >\t<a href='https:\/\/www.vss-sezana.si\/?p=3373' rel='bookmark' title='Permanent Link: 42. MINFOS v Tr\u017ei\u010du'>42. MINFOS v Tr\u017ei\u010du\t\t\t<span class='post-format-icon minor-meta'><\/span>\t<\/a><\/h2><span class='post-meta-infos'><time class='date-container minor-meta updated' >13. maja, 2014<\/time><span class='text-sep text-sep-date'>\/<\/span><span class='comment-container minor-meta'><a href=\"https:\/\/www.vss-sezana.si\/?p=3373#respond\" class=\"comments-link\" >0 Comments<\/a><\/span><span class='text-sep text-sep-comment'>\/<\/span><span class=\"blog-categories minor-meta\">in <a href=\"https:\/\/www.vss-sezana.si\/?cat=63\" rel=\"tag\">KamenBlog<\/a> <\/span><span class=\"text-sep text-sep-cat\">\/<\/span><span class=\"blog-author minor-meta\">by <span class=\"entry-author-link\" ><span class=\"vcard author\"><span class=\"fn\"><a href=\"https:\/\/www.vss-sezana.si\/?author=2\" title=\"Prispevki od LIlijana\" rel=\"author\">LIlijana<\/a><\/span><\/span><\/span><\/span><\/span><\/header><div class=\"entry-content\"  itemprop=\"text\" ><p>Sejem\u00a0 mineralov in fosilov Minfos 2104 (Tr\u017ei\u010d, 10. &#8211; 11. 5. 2014) je za nami. Nasa \u0161ola se je v sodelovanju s Prirodoslovnim muzejem Slovenije, Rudnikom \u017eivega srebra Idrija in Geoparkom Idrija predstavila z razstavo Barviti svet ob reki Idrijci. Na razstavi so bili predstavljeni izdelki \u0161tudentk in \u0161tudentov 2. letnika oblikovanja kamna, ki so [&hellip;]<\/p>\n<div class=\"read-more-link\"><a href=\"https:\/\/www.vss-sezana.si\/?p=3373\" class=\"more-link\">Read more<span class=\"more-link-arrow\"><\/span><\/a><\/div>\n<\/div><footer class=\"entry-footer\"><\/footer><div class='post_delimiter'><\/div><\/div><div class='post_author_timeline'><\/div><span class='hidden'>\n\t\t\t<span class='av-structured-data'  itemprop=\"image\" itemscope=\"itemscope\" itemtype=\"https:\/\/schema.org\/ImageObject\"  itemprop='image'>\n\t\t\t\t\t   <span itemprop='url' >https:\/\/vss-sezana.si\/wp-content\/uploads\/2013\/08\/Logo_VSS_340x156px.jpg<\/span>\n\t\t\t\t\t   <span itemprop='height' >0<\/span>\n\t\t\t\t\t   <span itemprop='width' >0<\/span>\n\t\t\t\t  <\/span><span class='av-structured-data'  itemprop=\"publisher\" itemtype=\"https:\/\/schema.org\/Organization\" itemscope=\"itemscope\" >\n\t\t\t\t<span itemprop='name'>LIlijana<\/span>\n\t\t\t\t<span itemprop='logo' itemscope itemtype='https:\/\/schema.org\/ImageObject'>\n\t\t\t\t   <span itemprop='url'>https:\/\/vss-sezana.si\/wp-content\/uploads\/2013\/08\/Logo_VSS_340x156px.jpg<\/span>\n\t\t\t\t <\/span>\n\t\t\t  <\/span><span class='av-structured-data'  itemprop=\"author\" itemscope=\"itemscope\" itemtype=\"https:\/\/schema.org\/Person\" ><span itemprop='name'>LIlijana<\/span><\/span><span class='av-structured-data'  itemprop=\"datePublished\" datetime=\"2014-05-13T15:42:57+02:00\" >2014-05-13 15:42:57<\/span><span class='av-structured-data'  itemprop=\"dateModified\" itemtype=\"https:\/\/schema.org\/dateModified\" >2014-05-13 15:44:49<\/span><span class='av-structured-data'  itemprop=\"mainEntityOfPage\" itemtype=\"https:\/\/schema.org\/mainEntityOfPage\" ><span itemprop='name'>42. MINFOS v Tr\u017ei\u010du<\/span><\/span><\/span><\/article><article class='post-entry post-entry-type-standard post-entry-3230 post-loop-4 post-parity-even single-big  post-3230 post type-post status-publish format-standard hentry category-oblikovalski-blog'  itemscope=\"itemscope\" itemtype=\"https:\/\/schema.org\/BlogPosting\" ><div class='blog-meta'><\/div><div class='entry-content-wrapper clearfix standard-content'><header class=\"entry-content-header\"><h2 class='post-title entry-title'  itemprop=\"headline\" >\t<a href='https:\/\/www.vss-sezana.si\/?p=3230' rel='bookmark' title='Permanent Link: Predstavitev osnov oblikovanja kamna'>Predstavitev osnov oblikovanja kamna\t\t\t<span class='post-format-icon minor-meta'><\/span>\t<\/a><\/h2><span class='post-meta-infos'><time class='date-container minor-meta updated' >15. aprila, 2014<\/time><span class='text-sep text-sep-date'>\/<\/span><span class='comment-container minor-meta'><a href=\"https:\/\/www.vss-sezana.si\/?p=3230#respond\" class=\"comments-link\" >0 Comments<\/a><\/span><span class='text-sep text-sep-comment'>\/<\/span><span class=\"blog-categories minor-meta\">in <a href=\"https:\/\/www.vss-sezana.si\/?cat=63\" rel=\"tag\">KamenBlog<\/a> <\/span><span class=\"text-sep text-sep-cat\">\/<\/span><span class=\"blog-author minor-meta\">by <span class=\"entry-author-link\" ><span class=\"vcard author\"><span class=\"fn\"><a href=\"https:\/\/www.vss-sezana.si\/?author=10\" title=\"Prispevki od Maja Pre\u0161eren\" rel=\"author\">Maja Pre\u0161eren<\/a><\/span><\/span><\/span><\/span><\/span><\/header><div class=\"entry-content\"  itemprop=\"text\" ><p>V soboto, 29. 3. 2014, se je v \u0161portni hali v Se\u017eani odvijalo mednarodno tekmovanje osnovnih \u0161ol v igri \u00bbMed dvema ognjema\u00ab. Tekmovanje je pod okriljem \u0160KL gostila Osnovna \u0161ola Sre\u010dka Kosovela Se\u017eana. Organizator je k sodelovanju povabil tudi \u0160olski center Sre\u010dka Kosovela Se\u017eana z obema enotama. Aran\u017eerji so pripravili kreativne Art delavnice, oblikovalci kamna [&hellip;]<\/p>\n<div class=\"read-more-link\"><a href=\"https:\/\/www.vss-sezana.si\/?p=3230\" class=\"more-link\">Read more<span class=\"more-link-arrow\"><\/span><\/a><\/div>\n<\/div><footer class=\"entry-footer\"><\/footer><div class='post_delimiter'><\/div><\/div><div class='post_author_timeline'><\/div><span class='hidden'>\n\t\t\t<span class='av-structured-data'  itemprop=\"image\" itemscope=\"itemscope\" itemtype=\"https:\/\/schema.org\/ImageObject\"  itemprop='image'>\n\t\t\t\t\t   <span itemprop='url' >https:\/\/vss-sezana.si\/wp-content\/uploads\/2013\/08\/Logo_VSS_340x156px.jpg<\/span>\n\t\t\t\t\t   <span itemprop='height' >0<\/span>\n\t\t\t\t\t   <span itemprop='width' >0<\/span>\n\t\t\t\t  <\/span><span class='av-structured-data'  itemprop=\"publisher\" itemtype=\"https:\/\/schema.org\/Organization\" itemscope=\"itemscope\" >\n\t\t\t\t<span itemprop='name'>Maja Pre\u0161eren<\/span>\n\t\t\t\t<span itemprop='logo' itemscope itemtype='https:\/\/schema.org\/ImageObject'>\n\t\t\t\t   <span itemprop='url'>https:\/\/vss-sezana.si\/wp-content\/uploads\/2013\/08\/Logo_VSS_340x156px.jpg<\/span>\n\t\t\t\t <\/span>\n\t\t\t  <\/span><span class='av-structured-data'  itemprop=\"author\" itemscope=\"itemscope\" itemtype=\"https:\/\/schema.org\/Person\" ><span itemprop='name'>Maja Pre\u0161eren<\/span><\/span><span class='av-structured-data'  itemprop=\"datePublished\" datetime=\"2014-04-15T20:41:57+02:00\" >2014-04-15 20:41:57<\/span><span class='av-structured-data'  itemprop=\"dateModified\" itemtype=\"https:\/\/schema.org\/dateModified\" >2014-04-15 20:45:17<\/span><span class='av-structured-data'  itemprop=\"mainEntityOfPage\" itemtype=\"https:\/\/schema.org\/mainEntityOfPage\" ><span itemprop='name'>Predstavitev osnov oblikovanja kamna <\/span><\/span><\/span><\/article><article class='post-entry post-entry-type-standard post-entry-1740 post-loop-5 post-parity-odd post-entry-last single-big with-slider post-1740 post type-post status-publish format-standard has-post-thumbnail hentry category-aktualno category-fotoblog category-oblikovalski-blog'  itemscope=\"itemscope\" itemtype=\"https:\/\/schema.org\/BlogPosting\" ><div class=\"big-preview single-big\"><a href=\"https:\/\/www.vss-sezana.si\/?p=1740\" title=\"Tekmovalec pri \u0161tokanju kamna z nazob\u010danim kladivom.\"><img loading=\"lazy\" decoding=\"async\" width=\"710\" height=\"270\" src=\"https:\/\/i0.wp.com\/www.vss-sezana.si\/wp-content\/uploads\/2013\/09\/Andrej-Murovec_Pliskovica_2013_DSC_4218.jpg?resize=710%2C270&amp;ssl=1\" class=\"attachment-entry_with_sidebar size-entry_with_sidebar wp-post-image\" alt=\"\" data-attachment-id=\"1747\" data-permalink=\"https:\/\/www.vss-sezana.si\/?attachment_id=1747\" data-orig-file=\"https:\/\/i0.wp.com\/www.vss-sezana.si\/wp-content\/uploads\/2013\/09\/Andrej-Murovec_Pliskovica_2013_DSC_4218.jpg?fit=1000%2C667&amp;ssl=1\" data-orig-size=\"1000,667\" data-comments-opened=\"1\" data-image-meta=\"{&quot;aperture&quot;:&quot;4&quot;,&quot;credit&quot;:&quot;&quot;,&quot;camera&quot;:&quot;NIKON D800&quot;,&quot;caption&quot;:&quot;&quot;,&quot;created_timestamp&quot;:&quot;1379848033&quot;,&quot;copyright&quot;:&quot;\\u00a9 Andrej Murovec&quot;,&quot;focal_length&quot;:&quot;70&quot;,&quot;iso&quot;:&quot;400&quot;,&quot;shutter_speed&quot;:&quot;0.001&quot;,&quot;title&quot;:&quot;Pliskovica&quot;}\" data-image-title=\"Fotografija: Andrej Murovec, VS\u0160 Se\u017eana\" data-image-description=\"&lt;p&gt;Tekmovalec pri \u0161tokanju kamna z nazob\u010danim kladivom.&lt;\/p&gt;\n\" data-image-caption=\"&lt;p&gt;Tekmovalec pri \u0161tokanju kamna z nazob\u010danim kladivom.&lt;\/p&gt;\n\" data-large-file=\"https:\/\/i0.wp.com\/www.vss-sezana.si\/wp-content\/uploads\/2013\/09\/Andrej-Murovec_Pliskovica_2013_DSC_4218.jpg?fit=1000%2C667&amp;ssl=1\" \/><\/a><\/div><div class='blog-meta'><\/div><div class='entry-content-wrapper clearfix standard-content'><header class=\"entry-content-header\"><h2 class='post-title entry-title'  itemprop=\"headline\" >\t<a href='https:\/\/www.vss-sezana.si\/?p=1740' rel='bookmark' title='Permanent Link: FESTIVAL KAMNA V PLISKOVICI (reporta\u017ea: Andrej Murovec)'>FESTIVAL KAMNA V PLISKOVICI (reporta\u017ea: Andrej Murovec)\t\t\t<span class='post-format-icon minor-meta'><\/span>\t<\/a><\/h2><span class='post-meta-infos'><time class='date-container minor-meta updated' >28. septembra, 2013<\/time><span class='text-sep text-sep-date'>\/<\/span><span class='comment-container minor-meta'><a href=\"https:\/\/www.vss-sezana.si\/?p=1740#respond\" class=\"comments-link\" >0 Comments<\/a><\/span><span class='text-sep text-sep-comment'>\/<\/span><span class=\"blog-categories minor-meta\">in <a href=\"https:\/\/www.vss-sezana.si\/?cat=12\" rel=\"tag\">Aktualne novice<\/a>, <a href=\"https:\/\/www.vss-sezana.si\/?cat=61\" rel=\"tag\">FotoBlog<\/a>, <a href=\"https:\/\/www.vss-sezana.si\/?cat=63\" rel=\"tag\">KamenBlog<\/a> <\/span><span class=\"text-sep text-sep-cat\">\/<\/span><span class=\"blog-author minor-meta\">by <span class=\"entry-author-link\" ><span class=\"vcard author\"><span class=\"fn\"><a href=\"https:\/\/www.vss-sezana.si\/?author=4\" title=\"Prispevki od Katja\" rel=\"author\">Katja<\/a><\/span><\/span><\/span><\/span><\/span><\/header><div class=\"entry-content\"  itemprop=\"text\" ><p>V Pliskovici, idili\u010dni kra\u0161ki vasici obdani z vinogradi in pa\u0161niki se je 21. in 22. septembra odvijal Festival kamna 2013. Material, ki je nelo\u010dljivo povezan z \u017eivljenjem tega obmo\u010dja je pritegnil \u0161tevilne doma\u010de in tuje obiskovalce, ki so lahko u\u017eivali v razstavi kamnose\u0161kih izdelkov, zanimivih predavanjih in pestri ponudbi tradicionalnih kra\u0161kih dobrot ter izdelkov. Jedro [&hellip;]<\/p>\n<div class=\"read-more-link\"><a href=\"https:\/\/www.vss-sezana.si\/?p=1740\" class=\"more-link\">Read more<span class=\"more-link-arrow\"><\/span><\/a><\/div>\n<\/div><footer class=\"entry-footer\"><\/footer><div class='post_delimiter'><\/div><\/div><div class='post_author_timeline'><\/div><span class='hidden'>\n\t\t\t<span class='av-structured-data'  itemprop=\"image\" itemscope=\"itemscope\" itemtype=\"https:\/\/schema.org\/ImageObject\"  itemprop='image'>\n\t\t\t\t\t   <span itemprop='url' >https:\/\/i0.wp.com\/www.vss-sezana.si\/wp-content\/uploads\/2013\/09\/Andrej-Murovec_Pliskovica_2013_DSC_4218.jpg?fit=1000%2C667&ssl=1<\/span>\n\t\t\t\t\t   <span itemprop='height' >667<\/span>\n\t\t\t\t\t   <span itemprop='width' >1000<\/span>\n\t\t\t\t  <\/span><span class='av-structured-data'  itemprop=\"publisher\" itemtype=\"https:\/\/schema.org\/Organization\" itemscope=\"itemscope\" >\n\t\t\t\t<span itemprop='name'>Katja<\/span>\n\t\t\t\t<span itemprop='logo' itemscope itemtype='https:\/\/schema.org\/ImageObject'>\n\t\t\t\t   <span itemprop='url'>https:\/\/vss-sezana.si\/wp-content\/uploads\/2013\/08\/Logo_VSS_340x156px.jpg<\/span>\n\t\t\t\t <\/span>\n\t\t\t  <\/span><span class='av-structured-data'  itemprop=\"author\" itemscope=\"itemscope\" itemtype=\"https:\/\/schema.org\/Person\" ><span itemprop='name'>Katja<\/span><\/span><span class='av-structured-data'  itemprop=\"datePublished\" datetime=\"2013-09-28T21:07:37+02:00\" >2013-09-28 21:07:37<\/span><span class='av-structured-data'  itemprop=\"dateModified\" itemtype=\"https:\/\/schema.org\/dateModified\" >2018-05-28 12:20:15<\/span><span class='av-structured-data'  itemprop=\"mainEntityOfPage\" itemtype=\"https:\/\/schema.org\/mainEntityOfPage\" ><span itemprop='name'>FESTIVAL KAMNA V PLISKOVICI (reporta\u017ea: Andrej Murovec)<\/span><\/span><\/span><\/article><div class='single-big'><nav class='pagination'><span class='pagination-meta'>Page 1 of 2<\/span><span class='current'>1<\/span><a href='https:\/\/www.vss-sezana.si\/index.php?rest_route=%2Fwp%2Fv2%2Fpages%2F754&#038;paged=2' class='inactive next_page' >2<\/a><\/nav>\n<\/div><\/div>\n","protected":false},"excerpt":{"rendered":"","protected":false},"author":4,"featured_media":0,"parent":58,"menu_order":40,"comment_status":"open","ping_status":"open","template":"","meta":{"footnotes":""},"class_list":["post-754","page","type-page","status-publish","hentry"],"aioseo_notices":[],"jetpack_sharing_enabled":true,"jetpack_shortlink":"https:\/\/wp.me\/P6N9ot-ca","jetpack-related-posts":[],"_links":{"self":[{"href":"https:\/\/www.vss-sezana.si\/index.php?rest_route=\/wp\/v2\/pages\/754","targetHints":{"allow":["GET"]}}],"collection":[{"href":"https:\/\/www.vss-sezana.si\/index.php?rest_route=\/wp\/v2\/pages"}],"about":[{"href":"https:\/\/www.vss-sezana.si\/index.php?rest_route=\/wp\/v2\/types\/page"}],"author":[{"embeddable":true,"href":"https:\/\/www.vss-sezana.si\/index.php?rest_route=\/wp\/v2\/users\/4"}],"replies":[{"embeddable":true,"href":"https:\/\/www.vss-sezana.si\/index.php?rest_route=%2Fwp%2Fv2%2Fcomments&post=754"}],"version-history":[{"count":5,"href":"https:\/\/www.vss-sezana.si\/index.php?rest_route=\/wp\/v2\/pages\/754\/revisions"}],"predecessor-version":[{"id":6359,"href":"https:\/\/www.vss-sezana.si\/index.php?rest_route=\/wp\/v2\/pages\/754\/revisions\/6359"}],"up":[{"embeddable":true,"href":"https:\/\/www.vss-sezana.si\/index.php?rest_route=\/wp\/v2\/pages\/58"}],"wp:attachment":[{"href":"https:\/\/www.vss-sezana.si\/index.php?rest_route=%2Fwp%2Fv2%2Fmedia&parent=754"}],"curies":[{"name":"wp","href":"https:\/\/api.w.org\/{rel}","templated":true}]}}