{"id":7210,"date":"2018-09-20T10:19:04","date_gmt":"2018-09-20T08:19:04","guid":{"rendered":"http:\/\/www.vss-sezana.si\/?page_id=7210"},"modified":"2022-08-30T12:52:37","modified_gmt":"2022-08-30T10:52:37","slug":"munera-3","status":"publish","type":"page","link":"https:\/\/www.vss-sezana.si\/?page_id=7210","title":{"rendered":"MUNERA 3"},"content":{"rendered":"<div class=\"flex_column av_one_third  flex_column_div av-zero-column-padding first  avia-builder-el-0  el_before_av_two_third  avia-builder-el-first  \" style='border-radius:0px; '><p><div class='avia-image-container  av-styling- av-hover-grow   avia-builder-el-1  el_before_av_hr  avia-builder-el-first  avia-align-right '  itemprop=\"image\" itemscope=\"itemscope\" itemtype=\"https:\/\/schema.org\/ImageObject\"  ><div class='avia-image-container-inner'><div class='avia-image-overlay-wrap'><img class='avia_image' src='https:\/\/i0.wp.com\/www.vss-sezana.si\/wp-content\/uploads\/2018\/09\/Skupaj-MUNERA-3-1.jpg?fit=1924%2C330&ssl=1' alt='' title='Skupaj MUNERA 3' height=\"330\" width=\"1924\"  itemprop=\"thumbnailUrl\"  \/><\/div><\/div><\/div><br \/>\n<div style='height:130px' class='hr hr-invisible   avia-builder-el-2  el_after_av_image  el_before_av_textblock '><span class='hr-inner ' ><span class='hr-inner-style'><\/span><\/span><\/div><br \/>\n<section class=\"av_textblock_section \"  itemscope=\"itemscope\" itemtype=\"https:\/\/schema.org\/CreativeWork\" ><div class='avia_textblock  '   itemprop=\"text\" ><p><strong><a title=\"IZOBRA\u017dEVALNI PROGRAMI\" href=\"https:\/\/www.vss-sezana.si\/?page_id=8706\">IZOBRA\u017dEVALNI PROGRAMI<\/a><\/strong><\/p>\n<p style=\"font-weight: 400;\"><strong><a href=\"https:\/\/www.vss-sezana.si\/?page_id=10282\">PROGRAM USPOSABLJANJA ANALOGNE FOTOGRAFSKE TEHNIKE<\/a> <\/strong><\/p>\n<p><a href=\"https:\/\/www.vss-sezana.si\/?page_id=8920\" target=\"_blank\" rel=\"noopener\"><strong>PROGRAM USPOSABLJANJA GEMOLOGIJA<\/strong><\/a><\/p>\n<p><a href=\"https:\/\/www.vss-sezana.si\/?page_id=8927\" target=\"_blank\" rel=\"noopener\"><strong>PROGRAM USPOSABLJANJA GRADNJE SUHOZIDNIH KONSTRUKCIJ<\/strong><\/a><\/p>\n<p><a href=\"https:\/\/www.vss-sezana.si\/?page_id=9874\"><strong>PROGRAM USPOSABLJANJA OBLIKOVANJE GLINE \u2013 TRADICIONALNEGA MATERIALA<\/strong><\/a><\/p>\n<p><a href=\"https:\/\/www.vss-sezana.si\/?page_id=9879\"><strong>PROGRAM USPOSABLJANJA AVDIOVIZUALNO USTVARJANJE ZNOTRAJ DELOVNEGA PROCESA<\/strong><\/a><\/p>\n<\/div><\/section><\/p><\/div><div class=\"flex_column av_two_third  flex_column_div av-zero-column-padding   avia-builder-el-4  el_after_av_one_third  avia-builder-el-last  \" style='border-radius:0px; '><p><div class='avia-image-container  av-styling-    avia-builder-el-5  el_before_av_hr  avia-builder-el-first  avia-align-left '  itemprop=\"image\" itemscope=\"itemscope\" itemtype=\"https:\/\/schema.org\/ImageObject\"  ><div class='avia-image-container-inner'><div class='avia-image-overlay-wrap'><img class='avia_image' src='https:\/\/i0.wp.com\/www.vss-sezana.si\/wp-content\/uploads\/2021\/03\/munera.png?fit=102%2C124&ssl=1' alt='' title='munera' height=\"124\" width=\"102\"  itemprop=\"thumbnailUrl\"  \/><\/div><\/div><\/div><br \/>\n<div style='height:50px' class='hr hr-invisible   avia-builder-el-6  el_after_av_image  el_before_av_textblock '><span class='hr-inner ' ><span class='hr-inner-style'><\/span><\/span><\/div><br \/>\n<section class=\"av_textblock_section \"  itemscope=\"itemscope\" itemtype=\"https:\/\/schema.org\/CreativeWork\" ><div class='avia_textblock  '   itemprop=\"text\" ><h1>MUNERA 3<\/h1>\n<p>Zaposleni se lahko v okviru tega projekta vpi\u0161ejo na <strong>brezpla\u010dno nadaljevanje \u0161tudija<\/strong> (\u0161tudijska programa Fotografija ter Oblikovanje materialov) ali pa se udele\u017eijo razli\u010dnih <strong>usposabljanj<\/strong>, s pomo\u010djo katerih bodo pridobili \u0161tevilne nove kompetence.<\/p>\n<p>V obdobju 2018\u20132022 bomo izvajali programe za pridobitev vi\u0161je strokovne izobrazbe in prekvalifikacij na podro\u010dju vi\u0161jega strokovnega izobra\u017eevanja. Izobra\u017eevanje bo za udele\u017eence <strong>brezpla\u010dno<\/strong>.<\/p>\n<p>\u00bbNalo\u017ebo sofinancirata Republika Slovenija in Evropska unija iz Evropskega socialnega sklada\u00ab.<\/p>\n<\/div><\/section><\/p><\/div><\/p>\n","protected":false},"excerpt":{"rendered":"","protected":false},"author":4,"featured_media":0,"parent":7203,"menu_order":0,"comment_status":"closed","ping_status":"closed","template":"","meta":{"footnotes":""},"class_list":["post-7210","page","type-page","status-publish","hentry"],"aioseo_notices":[],"jetpack_sharing_enabled":true,"jetpack_shortlink":"https:\/\/wp.me\/P6N9ot-1Si","jetpack-related-posts":[],"_links":{"self":[{"href":"https:\/\/www.vss-sezana.si\/index.php?rest_route=\/wp\/v2\/pages\/7210","targetHints":{"allow":["GET"]}}],"collection":[{"href":"https:\/\/www.vss-sezana.si\/index.php?rest_route=\/wp\/v2\/pages"}],"about":[{"href":"https:\/\/www.vss-sezana.si\/index.php?rest_route=\/wp\/v2\/types\/page"}],"author":[{"embeddable":true,"href":"https:\/\/www.vss-sezana.si\/index.php?rest_route=\/wp\/v2\/users\/4"}],"replies":[{"embeddable":true,"href":"https:\/\/www.vss-sezana.si\/index.php?rest_route=%2Fwp%2Fv2%2Fcomments&post=7210"}],"version-history":[{"count":36,"href":"https:\/\/www.vss-sezana.si\/index.php?rest_route=\/wp\/v2\/pages\/7210\/revisions"}],"predecessor-version":[{"id":10285,"href":"https:\/\/www.vss-sezana.si\/index.php?rest_route=\/wp\/v2\/pages\/7210\/revisions\/10285"}],"up":[{"embeddable":true,"href":"https:\/\/www.vss-sezana.si\/index.php?rest_route=\/wp\/v2\/pages\/7203"}],"wp:attachment":[{"href":"https:\/\/www.vss-sezana.si\/index.php?rest_route=%2Fwp%2Fv2%2Fmedia&parent=7210"}],"curies":[{"name":"wp","href":"https:\/\/api.w.org\/{rel}","templated":true}]}}