{"id":7203,"date":"2018-09-20T10:16:19","date_gmt":"2018-09-20T08:16:19","guid":{"rendered":"http:\/\/www.vss-sezana.si\/?page_id=7203"},"modified":"2018-09-20T10:23:00","modified_gmt":"2018-09-20T08:23:00","slug":"projekti-2","status":"publish","type":"page","link":"https:\/\/www.vss-sezana.si\/?page_id=7203","title":{"rendered":"Projekti"},"content":{"rendered":"<div class=\"flex_column av_one_third  flex_column_div av-zero-column-padding first  avia-builder-el-0  el_before_av_two_third  avia-builder-el-first  \" style='border-radius:0px; '><\/div>\n<div class=\"flex_column av_two_third  flex_column_div av-zero-column-padding   avia-builder-el-1  el_after_av_one_third  avia-builder-el-last  \" style='border-radius:0px; '><section class=\"av_textblock_section \"  itemscope=\"itemscope\" itemtype=\"https:\/\/schema.org\/CreativeWork\" ><div class='avia_textblock  '   itemprop=\"text\" ><h2><a href=\"https:\/\/www.vss-sezana.si\/?page_id=6678\">KAMEN IN KULINARIKA<\/a><\/h2>\n<p>Vi\u0161ja strokovna \u0161ola Se\u017eana je partner v projektu Kulinarika in kamen, ki ga vodi OOZ Se\u017eana.<\/p>\n<p>Pobuda za projekt je bila dana s strani gostincev, kajti \u017eelijo si ve\u010djo in predvsem enotno prepoznavnost svoje dejavnosti na Krasu. Pri tem \u017eelijo upo\u0161tevati tradicijo obdelave kamna s \u010dimer bodo dvignili dodano vrednost lokalnim proizvodom in se usmerili v trajnostni turizem, ki bo omogo\u010dal odpiranje novih delovnih mest v gostinstvu, kamnose\u0161tvu in turizmu. Hkrati bodo prepoznavno dvignili kvaliteto hrane s spodbujanjem uporabe lokalno pridelane hrane preko delavnic za kuharje. Vse dejavnosti bodo izvedene s sodobnimi prijemi povezave kamna in kulinarike in s povezovanjem razli\u010dnih akterjev na obmo\u010dju LAS.<\/p>\n<p><a href=\"https:\/\/www.vss-sezana.si\/?page_id=6678\">Ve\u010d o projektu&#8230;<\/a><\/p>\n<h2><a href=\"https:\/\/www.vss-sezana.si\/?page_id=7210\">MUNERA 3<\/a><\/h2>\n<p><strong>BREZPLA\u010cEN IZREDNI \u0160TUDIJ V OKVIRU PROJEKTA MUNERA 3 \u2013 osnovne informacije<\/strong><\/p>\n<p>Vi\u0161ja strokovna \u0161ola \u0160C Sre\u010dka Kosovela Se\u017eana sodeluje v projektu MUNERA 3 \u00bbIzvajanje programov nadaljnjega poklicnega izobra\u017eevanja in usposabljanja 2018-2022\u00ab. V okviru\u00a0tega programa se\u00a0izvajajo programi\u00a0strokovnega izobra\u017eevanja in usposabljanja za zaposlene.<\/p>\n<p><a href=\"https:\/\/www.vss-sezana.si\/?page_id=7210\">Ve\u010d o projektu&#8230;<\/a><\/p>\n<\/div><\/section><\/div>\n","protected":false},"excerpt":{"rendered":"","protected":false},"author":4,"featured_media":0,"parent":0,"menu_order":0,"comment_status":"closed","ping_status":"closed","template":"","meta":{"footnotes":""},"class_list":["post-7203","page","type-page","status-publish","hentry"],"aioseo_notices":[],"jetpack_sharing_enabled":true,"jetpack_shortlink":"https:\/\/wp.me\/P6N9ot-1Sb","jetpack-related-posts":[],"_links":{"self":[{"href":"https:\/\/www.vss-sezana.si\/index.php?rest_route=\/wp\/v2\/pages\/7203","targetHints":{"allow":["GET"]}}],"collection":[{"href":"https:\/\/www.vss-sezana.si\/index.php?rest_route=\/wp\/v2\/pages"}],"about":[{"href":"https:\/\/www.vss-sezana.si\/index.php?rest_route=\/wp\/v2\/types\/page"}],"author":[{"embeddable":true,"href":"https:\/\/www.vss-sezana.si\/index.php?rest_route=\/wp\/v2\/users\/4"}],"replies":[{"embeddable":true,"href":"https:\/\/www.vss-sezana.si\/index.php?rest_route=%2Fwp%2Fv2%2Fcomments&post=7203"}],"version-history":[{"count":5,"href":"https:\/\/www.vss-sezana.si\/index.php?rest_route=\/wp\/v2\/pages\/7203\/revisions"}],"predecessor-version":[{"id":7220,"href":"https:\/\/www.vss-sezana.si\/index.php?rest_route=\/wp\/v2\/pages\/7203\/revisions\/7220"}],"wp:attachment":[{"href":"https:\/\/www.vss-sezana.si\/index.php?rest_route=%2Fwp%2Fv2%2Fmedia&parent=7203"}],"curies":[{"name":"wp","href":"https:\/\/api.w.org\/{rel}","templated":true}]}}