{"id":69,"date":"2013-08-25T18:24:01","date_gmt":"2013-08-25T16:24:01","guid":{"rendered":"http:\/\/1028.gvs.arnes.si\/blog\/?page_id=69"},"modified":"2020-07-20T11:33:53","modified_gmt":"2020-07-20T09:33:53","slug":"erasmus","status":"publish","type":"page","link":"https:\/\/www.vss-sezana.si\/?page_id=69","title":{"rendered":"Erasmus in NFM"},"content":{"rendered":"<div class=\"flex_column av_one_third  flex_column_div first  avia-builder-el-0  el_before_av_two_third  avia-builder-el-first  \" ><p><section class=\"av_textblock_section \"  itemscope=\"itemscope\" itemtype=\"https:\/\/schema.org\/CreativeWork\" ><div class='avia_textblock  '   itemprop=\"text\" ><p><strong>INTERNATIONAL MOBILITY OF SCHOOL CENTER SRE\u010cKO KOSOVEL SE\u017dANA<\/strong><br \/>\n<a href=\"https:\/\/www.vss-sezana.si\/wp-content\/uploads\/2020\/07\/Kosovelizacija-nova.pdf\" target=\"_blank\" rel=\"noopener noreferrer\">PDF booklet<\/a><\/p>\n<\/div><\/section><br \/>\n<div class='avia-image-container  av-styling-    avia-builder-el-2  el_after_av_textblock  el_before_av_image  avia-align-center '  itemprop=\"image\" itemscope=\"itemscope\" itemtype=\"https:\/\/schema.org\/ImageObject\"  ><div class='avia-image-container-inner'><div class='avia-image-overlay-wrap'><img data-recalc-dims=\"1\" class='avia_image' src=\"https:\/\/i0.wp.com\/vss-sezana.si\/wp-content\/uploads\/2013\/08\/Almedina.jpg?w=1500&#038;ssl=1\" alt='' title='Almedina'   itemprop=\"thumbnailUrl\"  \/><\/div><\/div><\/div><br \/>\n<div class='avia-image-container  av-styling-    avia-builder-el-3  el_after_av_image  avia-builder-el-last  avia-align-center '  itemprop=\"image\" itemscope=\"itemscope\" itemtype=\"https:\/\/schema.org\/ImageObject\"  ><div class='avia-image-container-inner'><div class='avia-image-overlay-wrap'><img data-recalc-dims=\"1\" class='avia_image' src=\"https:\/\/i0.wp.com\/vss-sezana.si\/wp-content\/uploads\/2013\/08\/PicnicPlay_Almedina.jpg?w=1500&#038;ssl=1\" alt='' title='PicnicPlay_Almedina'   itemprop=\"thumbnailUrl\"  \/><\/div><\/div><\/div><\/p><\/div><div class=\"flex_column av_two_third  flex_column_div av-zero-column-padding   avia-builder-el-4  el_after_av_one_third  avia-builder-el-last  \" style='border-radius:0px; '><section class=\"av_textblock_section \"  itemscope=\"itemscope\" itemtype=\"https:\/\/schema.org\/CreativeWork\" ><div class='avia_textblock  '   itemprop=\"text\" ><h2><strong>ERASMUS<\/strong><\/h2>\n<h3><strong>Erasmus univerzitetna listina<\/strong><\/h3>\n<p style=\"text-align: justify;\">Vi\u0161ja strokovna \u0161ola \u0160olskega centra Sre\u010dka Kosovela Se\u017eana je\u00a0imetnica\u00a0<strong><a href=\"http:\/\/www.viviss.si\/img\/vss\/erasmus.jpg\" target=\"_blank\" rel=\"noopener noreferrer\">raz\u0161irjene univerzitetne Erasmus listine<\/a><\/strong>\u00a0ter uresni\u010duje<strong>\u00a0<a href=\"https:\/\/vss-sezana.si\/wp-content\/uploads\/2013\/09\/ERASMUS_POLICY_STATEMENT.pdf\" target=\"_blank\" rel=\"noopener noreferrer\">Strategijo vklju\u010devanja Erasmus aktivnosti v svoje delo (EPS)<\/a><\/strong>.<\/p>\n<p style=\"text-align: justify;\">\n<h4>Opis programa<\/h4>\n<p style=\"text-align: justify;\">Erasmus je sektorski program v okviru programa Vse\u017eivljenjsko u\u010denje, ki pokriva potrebe po pou\u010devanju in u\u010denju vseh udele\u017eencev formalnega visoko\u0161olskega izobra\u017eevanja ter poklicnega izobra\u017eevanja in usposabljanja na terciarni ravni ne glede na trajanje izobra\u017eevanja ali stopnjo kvalifikacije, vklju\u010dno z doktorskim \u0161tudijem, ter zavode in organizacije, ki izvajajo ali omogo\u010dajo to izobra\u017eevanje in usposabljanje (UL L 327\/45, 24. 11. 2006).<\/p>\n<h4>Namen programa<\/h4>\n<p style=\"text-align: justify;\">Poleg ciljev programa Vse\u017eivljenjsko u\u010denje so posebni cilji programa Erasmus:<br \/>\n\u2022 podpiranje uresni\u010devanja evropskega visoko\u0161olskega prostora (vklju\u010duje tudi vi\u0161je \u0161ole)<br \/>\n\u2022 in krepitev prispevka visoko\u0161olskega in poklicnega izobra\u017eevanja na vi\u0161jih stopnjah k inovativnim procesom<\/p>\n<h4>Operativni cilji programa Erasmus<\/h4>\n<p style=\"text-align: justify;\">\u2022 izbolj\u0161anje kakovosti in pove\u010danje obsega mobilnosti \u0161tudentov in u\u010diteljskega osebja po Evropi, tako da bi do leta 2012 v sklopu programa Erasmus in njegovih predhodnikov v \u0161tudentsko mobilnost bilo vklju\u010deno najmanj 3 milijone posameznikov;<br \/>\n\u2022 izbolj\u0161anje kakovosti in pove\u010danje obsega ve\u010dstranskega sodelovanja med visoko\u0161olskimi zavodi v Evropi;<br \/>\n\u2022 pove\u010danje stopnje preglednosti in zdru\u017eljivosti med kvalifikacijami, pridobljenimi v visoko\u0161olskem izobra\u017eevanju in na vi\u0161jih ravneh poklicnega izobra\u017eevanja v Evropi;<br \/>\n\u2022 izbolj\u0161anje kakovosti in pove\u010danje obsega sodelovanja med visoko\u0161olskimi zavodi in podjetji;<br \/>\n\u2022 omogo\u010danje razvoja inovativnih praks v izobra\u017eevanju in usposabljanju na terciarni ravni ter njihov prenos, vklju\u010dno s prenosom iz ene dr\u017eave udele\u017eenke v ostale;<br \/>\n\u2022 razvijanje inovativnih vsebin, storitev, pedagogike in prakse za vse\u017eivljenjsko u\u010denje, ki temeljijo na IKT.<\/p>\n<p><strong><a href=\"https:\/\/vss-sezana.si\/wp-content\/uploads\/2013\/09\/guideECTS_sl.pdf\" target=\"_blank\" rel=\"noopener noreferrer\">ECTS vodnik<\/a><\/strong><\/p>\n<h5>Kdo lahko sodeluje?<\/h5>\n<p style=\"text-align: justify;\">Upravi\u010dene institucije, ki morajo za sodelovanje v Erasmus aktivnostih biti nosilke Erasmus univerzitetne listine:<br \/>\n\u2022 katera koli vrsta visoko\u0161olskega zavoda, ki deluje v skladu z nacionalno zakonodajo ali prakso<br \/>\n\u2022 kateri koli zavod, ki deluje v skladu z nacionalno zakonodajo ali prakso in omogo\u010da poklicno izobra\u017eevanje in usposabljanje na terciarni stopnji<\/p>\n<h5>Komu je namenjen?<\/h5>\n<p style=\"text-align: justify;\">V okviru programa Vse\u017eivljenjsko u\u010denje je program Erasmus namenjen:<br \/>\n1. \u0161tudentom in udele\u017eencem usposabljanja v vseh oblikah izobra\u017eevanja in usposabljanja na terciarni ravni;<br \/>\n2. upravi\u010denim institucijam, ki jih dolo\u010dijo dr\u017eave \u010dlanice;<br \/>\n3. u\u010diteljem, vodjem usposabljanja in ostalemu osebju teh zavodov;<br \/>\n4. zdru\u017eenjem in predstavnikom oseb, vklju\u010denih v visoko \u0161olstvo, vklju\u010dno z ustreznimi zdru\u017eenji \u0161tudentov, univerz in u\u010diteljev\/vodij usposabljanja;<br \/>\n5. podjetjem, socialnim partnerjem in drugim predstavnikom poklicnega \u017eivljenja;<br \/>\n6. javnim in zasebnim telesom, vklju\u010dno z nepridobitnimi organizacijami in NVO-ji, ki so odgovorni za organiziranje in izvajanje izobra\u017eevanja in usposabljanja na lokalnih, regionalnih in nacionalnih ravneh;<br \/>\n7. raziskovalnim centrom in telesom, ki se ukvarjajo z vpra\u0161anjem vse\u017eivljenjskega u\u010denja (L 327\/56 SL Uradni list Evropske unije 24.11.2006);<br \/>\n8. telesom, ki izvajajo storitve usmerjanja, svetovanja in obve\u0161\u010danja v zvezi z vse\u017eivljenjskim u\u010denjem.<\/p>\n<\/div><\/section><\/div><\/p>\n","protected":false},"excerpt":{"rendered":"","protected":false},"author":2,"featured_media":0,"parent":0,"menu_order":6,"comment_status":"open","ping_status":"closed","template":"","meta":{"footnotes":""},"class_list":["post-69","page","type-page","status-publish","hentry"],"aioseo_notices":[],"jetpack_sharing_enabled":true,"jetpack_shortlink":"https:\/\/wp.me\/P6N9ot-17","jetpack-related-posts":[],"_links":{"self":[{"href":"https:\/\/www.vss-sezana.si\/index.php?rest_route=\/wp\/v2\/pages\/69","targetHints":{"allow":["GET"]}}],"collection":[{"href":"https:\/\/www.vss-sezana.si\/index.php?rest_route=\/wp\/v2\/pages"}],"about":[{"href":"https:\/\/www.vss-sezana.si\/index.php?rest_route=\/wp\/v2\/types\/page"}],"author":[{"embeddable":true,"href":"https:\/\/www.vss-sezana.si\/index.php?rest_route=\/wp\/v2\/users\/2"}],"replies":[{"embeddable":true,"href":"https:\/\/www.vss-sezana.si\/index.php?rest_route=%2Fwp%2Fv2%2Fcomments&post=69"}],"version-history":[{"count":14,"href":"https:\/\/www.vss-sezana.si\/index.php?rest_route=\/wp\/v2\/pages\/69\/revisions"}],"predecessor-version":[{"id":8563,"href":"https:\/\/www.vss-sezana.si\/index.php?rest_route=\/wp\/v2\/pages\/69\/revisions\/8563"}],"wp:attachment":[{"href":"https:\/\/www.vss-sezana.si\/index.php?rest_route=%2Fwp%2Fv2%2Fmedia&parent=69"}],"curies":[{"name":"wp","href":"https:\/\/api.w.org\/{rel}","templated":true}]}}