{"id":596,"date":"2013-09-11T17:11:13","date_gmt":"2013-09-11T15:11:13","guid":{"rendered":"http:\/\/1028.gvs.arnes.si\/blog\/?page_id=596"},"modified":"2014-04-09T18:38:29","modified_gmt":"2014-04-09T16:38:29","slug":"o-nas-v-medijih","status":"publish","type":"page","link":"https:\/\/www.vss-sezana.si\/?page_id=596","title":{"rendered":"Objave v medijih"},"content":{"rendered":"<div class=\"flex_column av_one_third  flex_column_div first  avia-builder-el-0  el_before_av_two_third  avia-builder-el-first  \" ><\/div>\n<div class=\"flex_column av_two_third  flex_column_div   avia-builder-el-1  el_after_av_one_third  avia-builder-el-last  \" ><div class='avia-icon-list-container   avia-builder-el-2  avia-builder-el-no-sibling '><ul class='avia-icon-list avia-icon-list-left av-iconlist-big avia_animate_when_almost_visible avia-iconlist-animate'>\n<li><div  class='iconlist_icon  avia-font-entypo-fontello'><span class='iconlist-char ' aria-hidden='true' data-av_icon='\ue8b1' data-av_iconfont='entypo-fontello'><\/span><\/div><article class=\"article-icon-entry \"  itemscope=\"itemscope\" itemtype=\"https:\/\/schema.org\/CreativeWork\" ><div class='iconlist_content_wrap'><header class=\"entry-content-header\"><h4 class='av_iconlist_title iconlist_title  '  itemprop=\"headline\"  >Spletni mediji<\/h4><\/header><div class='iconlist_content  '  itemprop=\"text\"  ><p><a href=\"http:\/\/www.primorske.si\/Primorska\/Srednja-Primorska\/Oblika-in-slika-iz-rok-studentov.aspx\" target=\"_blank\"><strong>Oblika in slika iz rok \u0161tudentov<\/strong><\/a>,\u00a0\u010dlanek objavljen na spletnem portalu Primorskih novic,\u00a0ponedeljek, 27. januar 2014<\/p>\n<p><a href=\"http:\/\/www.primorske.si\/Primorska\/Srednja-Primorska\/tudijske-koristi-skupne-Evrope.aspx\" target=\"_blank\"><strong>\u0160tudijske koristi skupne Evrope<\/strong><\/a>,\u00a0\u010dlanek objavljen na spletnem portalu Primorskih novic,\u00a0ponedeljek, 4. november 2013<\/p>\n<p><strong><a href=\"http:\/\/www.primorske.si\/Primorska\/Srednja-Primorska\/Kamen-postaja-znova-cenjen.aspx\" target=\"_blank\">Kamen postaja znova cenjen<\/a><\/strong>,\u00a0\u010dlanek objavljen na spletnem portalu Primorskih novic,\u00a0torek, 24. september 2013<\/p>\n<p><strong><a href=\"http:\/\/www.rtvslo.si\/lokalne-novice\/foto-umetnisko-ozivljeno-robidisce\/310995\" target=\"_blank\">Umetni\u0161ko o\u017eivljeno Robidi\u0161\u010de<\/a><\/strong>,\u00a0\u010dlanek objavljen na spletnem portalu RTV SLO<\/p>\n<p><strong><a href=\"http:\/\/www.slomedia.it\/druga-generacija-diplomantov-sezanske-visje-strokovne-sole\">Druga generacija diplomantov se\u017eanske vi\u0161je strokovne \u0161ole<\/a><\/strong>,\u00a0\u010dlanek objavljen na spletnem portalu Slomedia.it,\u00a021.01.2013<\/p>\n<p><strong><a href=\"http:\/\/www.primorske.si\/Primorska\/Srednja-Primorska\/Prve-diplome-iz-Sezane.aspx\" target=\"_blank\">Prve diplome iz Se\u017eane<\/a><\/strong>,\u00a0\u010dlanek objavljen na spletnem portalu Primorskih novic,\u00a0\u010detrtek, 5. maj 2011<\/p>\n<\/div><\/div><footer class=\"entry-footer\"><\/footer><\/article><div class='iconlist-timeline'><\/div><\/li>\n<li><div  class='iconlist_icon  avia-font-entypo-fontello'><span class='iconlist-char ' aria-hidden='true' data-av_icon='\ue840' data-av_iconfont='entypo-fontello'><\/span><\/div><article class=\"article-icon-entry \"  itemscope=\"itemscope\" itemtype=\"https:\/\/schema.org\/CreativeWork\" ><div class='iconlist_content_wrap'><header class=\"entry-content-header\"><h4 class='av_iconlist_title iconlist_title  '  itemprop=\"headline\"  >Tiskani mediji<\/h4><\/header><div class='iconlist_content  '  itemprop=\"text\"  ><p><b><a href=\"https:\/\/www.vss-sezana.si\/wp-content\/uploads\/2014\/04\/pil-002.jpg\" target=\"_blank\">Pil na Prelovcu eden redkih v obnovo<\/a>, <\/b>\u010dlanek objavljen v \u010dasopisu Primorske novice, 31.3.2014<\/p>\n<p><a href=\"https:\/\/www.vss-sezana.si\/wp-content\/uploads\/2014\/03\/skenirano1-004.jpg\" target=\"_blank\"><strong>\u0160tudij v srcu Krasa<\/strong><\/a>, \u010dlanek iz revije \u0160tudent (posebna izdaja) &#8211; INFORMATIVNI DNEVI, marec 2014<\/p>\n<p><a href=\"https:\/\/www.vss-sezana.si\/wp-content\/uploads\/2014\/03\/razstavaTIR_Primorskih-novic_22feb2014.pdf\" target=\"_blank\"><strong>Na rde\u010di zemlji<\/strong><\/a>,\u00a0\u010dlanek objavljen v \u010dasopisu Primorske novice, sobota,\u00a022. februar 2014<\/p>\n<p><a href=\"https:\/\/www.vss-sezana.si\/wp-content\/uploads\/2014\/01\/informator_dec13_Podeljena-letosnja-jubilejna-in-posebna-priznanja.jpg\" target=\"_blank\"><strong>Podeljena leto\u0161nja jubilejna in posebna priznanja<\/strong><\/a>, \u010clanek je iz revije INFORMATOR, glasilo Obmo\u010dne obrtno-podjetni\u0161ke zbornice Se\u017eana, december 2013<\/p>\n<p><strong><a href=\"https:\/\/www.vss-sezana.si\/wp-content\/uploads\/2014\/01\/Erasmus-Sezana\u2013Oviedo\u2013Split_informator_nov13.jpg\" target=\"_blank\">Program Erasmus (intenzivni program): Se\u017eana\u2013Oviedo\u2013Split<\/a>,\u00a0<\/strong>\u010clanek je iz revije INFORMATOR, glasilo Obmo\u010dne obrtno-podjetni\u0161ke zbornice Se\u017eana, november\u00a02013<\/p>\n<p><a href=\"https:\/\/www.vss-sezana.si\/wp-content\/uploads\/2013\/12\/Erasmus-intenzivni-program-Se\u017eana\u2013Oviedo\u2013Split_KO_december2013.pdf\" target=\"_blank\"><strong>Erasmus intenzivni program: Se\u017eana\u2013Oviedo\u2013Split<\/strong><\/a>, prispevek o Erasmus IP\u00a0objavljen v reviji\u00a0Kra\u0161ki obzornik, december 2013<\/p>\n<p><a href=\"https:\/\/www.vss-sezana.si\/wp-content\/uploads\/2013\/12\/primorske_clanek_2dec2013.jpg\" target=\"_blank\"><strong>Dr\u017eava se obna\u0161a ma\u010dehovsko do malega gospodarstva<\/strong><\/a>, \u010dlanek objavljen v \u010dasopisu Primorske novice, 2. december 2013<\/p>\n<p><strong><a href=\"https:\/\/vss-sezana.si\/wp-content\/uploads\/2013\/09\/Kamnoseki-potrebujejo-inkubator_clanek-DELO-sobota-21sept2013.pdf\" target=\"_blank\">Kamnoseki potrebujejo inkubator<\/a><\/strong>, \u010dlanek objavljen v \u010dasopisu DELO, sobota, 21. september 2013<\/p>\n<p><strong><a href=\"https:\/\/vss-sezana.si\/wp-content\/uploads\/2013\/09\/DIJAK_2013-PR_SreckaKosovela.pdf\" target=\"_blank\">Fotografija in Oblikovanje\u00a0materialov v Se\u017eani<\/a><\/strong>,\u00a0\u010dlanek\u00a0objavljen v reviji DIJAK, september 2013<\/p>\n<p><strong><a href=\"https:\/\/vss-sezana.si\/wp-content\/uploads\/2013\/09\/Robidisce_clanekNEDELO.jpg\">MRAVLJI\u0160\u010cE ROBIDI\u0160\u010cE<\/a><\/strong>, \u010dlanek o projektu WOODSTONE 2013\u00a0objavljen v \u010dasopisu\u00a0Nedelo, 16. 6. 2013<\/p>\n<\/div><\/div><footer class=\"entry-footer\"><\/footer><\/article><div class='iconlist-timeline'><\/div><\/li>\n<li><div  class='iconlist_icon  avia-font-'><span class='iconlist-char ' aria-hidden='true' data-av_icon='\ue8ab' data-av_iconfont='entypo-fontello'><\/span><\/div><article class=\"article-icon-entry \"  itemscope=\"itemscope\" itemtype=\"https:\/\/schema.org\/CreativeWork\" ><div class='iconlist_content_wrap'><header class=\"entry-content-header\"><h4 class='av_iconlist_title iconlist_title  '  itemprop=\"headline\"  >TV objave<\/h4><\/header><div class='iconlist_content  '  itemprop=\"text\"  ><p>List Content goes here<\/p>\n<\/div><\/div><footer class=\"entry-footer\"><\/footer><\/article><div class='iconlist-timeline'><\/div><\/li>\n<\/ul><\/div><\/div>\n","protected":false},"excerpt":{"rendered":"","protected":false},"author":4,"featured_media":0,"parent":2,"menu_order":70,"comment_status":"open","ping_status":"open","template":"","meta":{"footnotes":""},"class_list":["post-596","page","type-page","status-publish","hentry"],"aioseo_notices":[],"jetpack_sharing_enabled":true,"jetpack_shortlink":"https:\/\/wp.me\/P6N9ot-9C","jetpack-related-posts":[],"_links":{"self":[{"href":"https:\/\/www.vss-sezana.si\/index.php?rest_route=\/wp\/v2\/pages\/596","targetHints":{"allow":["GET"]}}],"collection":[{"href":"https:\/\/www.vss-sezana.si\/index.php?rest_route=\/wp\/v2\/pages"}],"about":[{"href":"https:\/\/www.vss-sezana.si\/index.php?rest_route=\/wp\/v2\/types\/page"}],"author":[{"embeddable":true,"href":"https:\/\/www.vss-sezana.si\/index.php?rest_route=\/wp\/v2\/users\/4"}],"replies":[{"embeddable":true,"href":"https:\/\/www.vss-sezana.si\/index.php?rest_route=%2Fwp%2Fv2%2Fcomments&post=596"}],"version-history":[{"count":22,"href":"https:\/\/www.vss-sezana.si\/index.php?rest_route=\/wp\/v2\/pages\/596\/revisions"}],"predecessor-version":[{"id":3191,"href":"https:\/\/www.vss-sezana.si\/index.php?rest_route=\/wp\/v2\/pages\/596\/revisions\/3191"}],"up":[{"embeddable":true,"href":"https:\/\/www.vss-sezana.si\/index.php?rest_route=\/wp\/v2\/pages\/2"}],"wp:attachment":[{"href":"https:\/\/www.vss-sezana.si\/index.php?rest_route=%2Fwp%2Fv2%2Fmedia&parent=596"}],"curies":[{"name":"wp","href":"https:\/\/api.w.org\/{rel}","templated":true}]}}