{"id":58,"date":"2013-08-25T18:17:07","date_gmt":"2013-08-25T16:17:07","guid":{"rendered":"http:\/\/1028.gvs.arnes.si\/blog\/?page_id=58"},"modified":"2018-11-16T14:33:42","modified_gmt":"2018-11-16T13:33:42","slug":"oblikovanje-materijalov","status":"publish","type":"page","link":"https:\/\/www.vss-sezana.si\/?page_id=58","title":{"rendered":"Oblikovanje kamna"},"content":{"rendered":"<div class=\"flex_column av_one_third  flex_column_div first  avia-builder-el-0  el_before_av_two_third  avia-builder-el-first  \" ><div class='avia-image-container  av-styling-    avia-builder-el-1  avia-builder-el-no-sibling  avia-align-center '  itemprop=\"image\" itemscope=\"itemscope\" itemtype=\"https:\/\/schema.org\/ImageObject\"  ><div class='avia-image-container-inner'><div class='avia-image-overlay-wrap'><img data-recalc-dims=\"1\" class='avia_image' src=\"https:\/\/i0.wp.com\/vss-sezana.si\/wp-content\/uploads\/2013\/09\/Albina_Krzic_Svara.jpg?w=1500&#038;ssl=1\" alt='Albina Kr\u017ei\u010d' title='Albina Kr\u017ei\u010d. Mentor: Damjan \u0160vara'   itemprop=\"thumbnailUrl\"  \/><\/div><\/div><\/div><\/div>\n<div class=\"flex_column av_two_third  flex_column_div   avia-builder-el-2  el_after_av_one_third  el_before_av_heading  \" ><section class=\"av_textblock_section \"  itemscope=\"itemscope\" itemtype=\"https:\/\/schema.org\/CreativeWork\" ><div class='avia_textblock  '   itemprop=\"text\" ><h2><\/h2>\n<h2><strong>PREDSTAVITEV PROGRAMA IN MODULA<\/strong><\/h2>\n<p>\u0160tudij\u00a0po vi\u0161je\u0161olskem programu\u00a0<strong>oblikovanje materialov\u00a0<\/strong>\u0161tudente usposobi za re\u0161evanje razli\u010dnih oblikovalskih nalog in s tem navaja na samostojno in timsko delo. \u0160tudij, organiziran v obliki predavanj in vaj, je naravnan k prakti\u010dnemu, kreativnemu delu. Ker temelji na prepletu teoreti\u010dnih znanj in poklicnih ve\u0161\u010din, omogo\u010da neposredno uporabo teoreti\u010dnega znanja pri re\u0161evanju konkretnih problemov iz prakse. V vsakem letniku \u0161tudentje opravijo deset tednov prakti\u010dnega izobra\u017eevanja v podjetjih ali zavodih, tudi v tujini, preko projektov mednarodne mobilnosti. Z zaklju\u010dkom \u0161tudija \u0161tudent pridobi naziv <strong>in\u017eenir<\/strong> oz. <strong>in\u017eenirka oblikovanja<\/strong> (<strong>in\u017e. obl.<\/strong>).<\/p>\n<p>Program <strong>oblikovanje materialov<\/strong>, ovrednoten s 120 kreditnimi to\u010dkami (KT) po sistemu ECTS,\u00a0poleg\u00a0obveznega dela ponuja tri izbirne\u00a0module (kamen, les\u00a0ter kovina in polimeri). V\u00a0Se\u017eani omogo\u010damo \u0161tudij <strong>oblikovanja kamna \u00a0<\/strong>(predmetnik si lahko ogledate <a href=\"https:\/\/www.vss-sezana.si\/wp-content\/uploads\/2014\/01\/predmetnik-OBL-2014.pdf\" target=\"_blank\" rel=\"noopener\">tukaj<\/a>), v okviru katerega se \u0161tudentje usposobijo za re\u0161evanje razli\u010dnih oblikovalskih in izvedbenih nalog, povezanih s kamnom in se navajajo na samostojno in timsko delo.<\/p>\n<p>Obvezni\u00a0del \u0161tudijskega programa nudi \u0161iroko paleto znanj in ve\u0161\u010din, temeljnih za vsak poklic s podro\u010dja oblikovanja, tako s tehni\u010dnega in tehnolo\u0161kega vidika, kot z vidika razumevanja in vrednotenja ustvarjalnega dela.\u00a0Skozi pregled razvoja likovne tvornosti se ob klju\u010dnih primerih kulturne dedi\u0161\u010dine \u0161tudentje seznanijo z razli\u010dnimi umetnostnimi zvrstmi in praksami ter usposobijo za\u00a0 izdelavo, vodenje in arhiviranje dokumentacije izdelkov in postopkov.\u00a0V okviru \u0161tudija pridobijo ve\u0161\u010dine prostoro\u010dnega risanja, skiciranja in konstruiranja, s tehni\u010dnim risanjem pa zamisel pripeljejo od idejne zasnove do tehni\u0161ke realizacije v obliki na\u010drta.\u00a0Nadgradnjo predstavlja ra\u010dunalni\u0161ko podprto tehni\u010dno risanje in na\u010drtovanje z uporabo CAD tehnologije. Predstavitvene tehnike \u0161tudente opremijo z znanjem, potrebnim za u\u010dinkovito predstavitev zamisli kon\u010dnemu uporabniku.\u00a0Za vstop na trg dela in delovanje v poslovnem okolju \u0161tudentje pridobijo znanja poslovnega komuniciranja, podjetni\u0161tva, tr\u017eenja, ra\u010dunalni\u0161tva in informatike ter strokovne terminologije v angle\u0161kem jeziku.<\/p>\n<p>V okviru izbirnega modula kamen se seznanijo z osnovami geologije \u2013 s kamninami, njihovimi mehanskimi in kemi\u010dnimi lastnostmi \u2013 ter odkrivajo, katere od teh lastnosti so uporabne v kamnose\u0161ki praksi.\u00a0Spoznajo tradicionalne in sodobne na\u010dine obdelave\u00a0 kamna, pridobijo znanja o njegovi uporabi, restavriranju, pa tudi na\u010drtovanju in ra\u010dunalni\u0161kem oblikovanju kamnitih izdelkov.\u00a0Nau\u010dijo se tako ro\u010dne kot strojne obdelave ter izbire najprimernej\u0161ega postopka, saj je ta klju\u010dna z ekonomskega vidika in z vidika doseganja estetskih u\u010dinkov.\u00a0S spoznavanjem tehnik in pravil oblikovanja kiparskih objektov \u0161tudentje razvijajo ob\u010dutek za material in volumen. Kadar sku\u0161ajo nov izdelek vklju\u010diti v starej\u0161o celoto, spoznavajo problematiko vgradnje in za\u0161\u010dite kamna.\u00a0Poseben poudarek je na spoznavanju in ohranjanju kamnite dedi\u0161\u010dine, zato se \u0161tudentje seznanijo s temeljnimi konservatorskimi na\u010deli in zakonskimi dolo\u010dili tega podro\u010dja ter v praksi spoznajo konservatorsko-restavratorske posege na kamniti dedi\u0161\u010dini.<\/p>\n<p>Izbirni predmeti omogo\u010dajo u\u010denje obdelave plemenitih in okrasnih kamnov, tako da se poudarijo njihove opti\u010dne lastnosti, ter tehnik mozaika ali inkrustacije, s katerima se iz raznobarvnega kamna ustvarijo motivi na ploskvi oziroma povr\u0161ini objekta. Kot prosto izbirni predmet pa \u0161ola\u00a0ponuja predmet ra\u010dunalni\u0161ka podpora oblikovanju, ki je sicer del modula kovina in polimeri. V\u00a0primeru, da k posameznemu predmetu v \u0161tudijskem letu\u00a0ni prijavljenih vsaj deset \u0161tudentov, si \u0161ola pridr\u017euje pravico, da modula oz. predmeta v tem letu ne izvaja.<\/p>\n<p>Pri vseh predmetih je pogoj za pristop k izpitu najmanj 80% udele\u017eba na seminarskih oz. laboratorijskih vajah.<\/p>\n<h2>DESIGNING MATERIALS \u2013 STONE<\/h2>\n<h3><em>Mode of study:<\/em> Full-time\u00a0or Part-time<\/h3>\n<h3><em>Main components of the study programme and study requirements:<\/em><\/h3>\n<p>Number of lectures and exercises: <strong>1200 hours<br \/>\n<\/strong>Practical training: <strong>800 hours<br \/>\n<\/strong>Number of credit points under ECTS: <strong>120 credit points<\/strong><\/p>\n<p>Attendance at lectures, seminar exercises and laboratory exercises is determined by the implementing curriculum. Within the scope of practical training of students in companies based on their contracts, students shall prepare project work and present their diploma paper. Upon completion of all obligations set forth by the study programme, students shall also have to pass a diploma examination.<\/p>\n<h3><strong><em>Study programme details:<\/em><\/strong><\/h3>\n<p><a href=\"https:\/\/www.vss-sezana.si\/wp-content\/uploads\/2018\/11\/Designing-Materials_ANG.pdf\">Designing Materials_Programme<\/a><\/p>\n<\/div><\/section><\/div><div style='padding-bottom:10px; ' class='av-special-heading av-special-heading-h3 meta-heading   avia-builder-el-4  el_after_av_two_third  el_before_av_textblock   '><h3 class='av-special-heading-tag '  itemprop=\"headline\"  >NA\u0160A VIZIJA<\/h3><div class='special-heading-border'><div class='special-heading-inner-border' ><\/div><\/div><\/div><\/p>\n<section class=\"av_textblock_section \"  itemscope=\"itemscope\" itemtype=\"https:\/\/schema.org\/CreativeWork\" ><div class='avia_textblock  '   itemprop=\"text\" ><p>Smo ugledna izobra\u017eevalna ustanova za podro\u010dja oblikovanja, fotografije in videa. Ob upo\u0161tevanju realnih potreb in tradicije bomo narekovali razvojne smernice v dr\u017eavnem in mednarodnem merilu.<\/p>\n<\/div><\/section>\n","protected":false},"excerpt":{"rendered":"","protected":false},"author":2,"featured_media":0,"parent":0,"menu_order":3,"comment_status":"open","ping_status":"closed","template":"","meta":{"footnotes":""},"class_list":["post-58","page","type-page","status-publish","hentry"],"aioseo_notices":[],"jetpack_sharing_enabled":true,"jetpack_shortlink":"https:\/\/wp.me\/P6N9ot-W","jetpack-related-posts":[],"_links":{"self":[{"href":"https:\/\/www.vss-sezana.si\/index.php?rest_route=\/wp\/v2\/pages\/58","targetHints":{"allow":["GET"]}}],"collection":[{"href":"https:\/\/www.vss-sezana.si\/index.php?rest_route=\/wp\/v2\/pages"}],"about":[{"href":"https:\/\/www.vss-sezana.si\/index.php?rest_route=\/wp\/v2\/types\/page"}],"author":[{"embeddable":true,"href":"https:\/\/www.vss-sezana.si\/index.php?rest_route=\/wp\/v2\/users\/2"}],"replies":[{"embeddable":true,"href":"https:\/\/www.vss-sezana.si\/index.php?rest_route=%2Fwp%2Fv2%2Fcomments&post=58"}],"version-history":[{"count":47,"href":"https:\/\/www.vss-sezana.si\/index.php?rest_route=\/wp\/v2\/pages\/58\/revisions"}],"predecessor-version":[{"id":7461,"href":"https:\/\/www.vss-sezana.si\/index.php?rest_route=\/wp\/v2\/pages\/58\/revisions\/7461"}],"wp:attachment":[{"href":"https:\/\/www.vss-sezana.si\/index.php?rest_route=%2Fwp%2Fv2%2Fmedia&parent=58"}],"curies":[{"name":"wp","href":"https:\/\/api.w.org\/{rel}","templated":true}]}}