{"id":5018,"date":"2016-03-07T11:26:40","date_gmt":"2016-03-07T10:26:40","guid":{"rendered":"http:\/\/www.vss-sezana.si\/?page_id=5018"},"modified":"2016-11-19T12:17:06","modified_gmt":"2016-11-19T11:17:06","slug":"earn","status":"publish","type":"page","link":"https:\/\/www.vss-sezana.si\/?page_id=5018","title":{"rendered":"EARN"},"content":{"rendered":"<div class=\"flex_column av_one_third  flex_column_div av-zero-column-padding first  avia-builder-el-0  el_before_av_two_third  avia-builder-el-first  \" style='border-radius:0px; '><div class='avia-image-container  av-styling-    avia-builder-el-1  avia-builder-el-no-sibling  avia-align-center '  itemprop=\"image\" itemscope=\"itemscope\" itemtype=\"https:\/\/schema.org\/ImageObject\"  ><div class='avia-image-container-inner'><div class='avia-image-overlay-wrap'><img class='avia_image' src='https:\/\/i0.wp.com\/www.vss-sezana.si\/wp-content\/uploads\/2016\/03\/EU-flag-Erasmus_vect_POS.jpg?fit=1964%2C561&ssl=1' alt='' title='EU flag-Erasmus+_vect_POS' height=\"561\" width=\"1964\"  itemprop=\"thumbnailUrl\"  \/><\/div><\/div><\/div><\/div>\n<div class=\"flex_column av_two_third  flex_column_div av-zero-column-padding   avia-builder-el-2  el_after_av_one_third  avia-builder-el-last  \" style='border-radius:0px; '><section class=\"av_textblock_section \"  itemscope=\"itemscope\" itemtype=\"https:\/\/schema.org\/CreativeWork\" ><div class='avia_textblock  '   itemprop=\"text\" ><h2>EARN &#8211; U\u010denje za razvoj kompetenc v kamnose\u0161tvu<\/h2>\n<p>V okviru razpisa Erazmus + 2015, Strate\u0161ka partnerstva (KA2) je Obmo\u010dna obrtno \u2013 podjetni\u0161ka zbornica Se\u017eana uspe\u0161no kandidirala z vlogo U\u010denje za razvoj kompetenc v kamnose\u0161tvu (EARN). Projekt se za\u010dne izvajati 1.9.2015 in se zaklju\u010di 1.8.2018.<\/p>\n<p>Projektno partnerstvo sestavljajo predstavniki delodajalcev in \u0161ol iz treh vklju\u010denih dr\u017eav in sicer Obmo\u010dna obrtno-podjetni\u0161ka zbornica Se\u017eana kot vodilni partner, Srednja gradbena, geodetska in okoljevarstvena \u0161ola iz Ljubljane ter <strong>\u0160olski center Sre\u010dka Kosovela<\/strong>, <strong>Vi\u0161ja strokovna \u0161ola iz Se\u017eane<\/strong>, Center za strokovno usposabljanje \u2013 Istituto Salesiano \u201cSan Zeno\u201d\u00a0 iz Verone, Slovensko de\u017eelno gospodarsko zdru\u017eenje iz Trsta, Klesarska \u0161ola iz Bra\u010da ter Grozd za eko-socialne inovacije in razvoj CEDRA iz Splita.<\/p>\n<p>Cilji projekta so:<\/p>\n<ul>\n<li>Izmenjava znanja in dobrih praks med partnerji,<\/li>\n<li>Vzpostavitev novega strate\u0161kega partnerstva zbornic, \u0161ol in delodajalcev (Se\u017eana, Split, Trst) in \u0161ol (Verona, Ljubljana, Bra\u010d, Se\u017eana),<\/li>\n<li>Okrepitev vpliva delodajalcev na izvajanje prakti\u010dnega usposabljanja,<\/li>\n<li>Nadgradnja dosedanjega sodelovanja partnerjev s sorodnimi organizacijami v drugih dr\u017eavah in \u0161iritev tega sodelovanja na nove partnerje,<\/li>\n<li>Vzpostavitev in uvedba novega modela prakti\u010dnega usposabljanja \u00bbU\u010denje za razvoj kompetenc\u00ab ,<\/li>\n<li>Pridobitev novih znanj in kompetenc u\u010diteljev, izobra\u017eevalcev in delodajalcev ,<\/li>\n<li>Pridobitev novih prakti\u010dnih in uporabnih znanj za hitrej\u0161o vklju\u010ditev ter odzivnost dijakov po kon\u010danem \u0161olanju,<\/li>\n<li>Pove\u010danje interesa med mladimi za poklic kamnosek,<\/li>\n<li>Pove\u010danje podjetni\u0161kega interesa med mladimi.<\/li>\n<\/ul>\n<p>Predlagani projekt prispeva k ve\u010dji sinergiji povezovanja med izobra\u017eevalnimi institucijami (\u0161ole, ki izobra\u017eujejo za poklic kamnoseka) in gospodarskim sektorjem (zbornice, delodajalci) ter vzpostavitvi novega modela prakti\u010dnega usposabljanja z delom.<\/p>\n<p>Ve\u010d o aktivnostih projekta si lahko preberete na:\u00a0<a href=\"http:\/\/ooz-sezana.si\/?page_id=6791\" target=\"_blank\" data-saferedirecturl=\"https:\/\/www.google.com\/url?hl=en&amp;q=http:\/\/ooz-sezana.si\/?page_id%3D6791&amp;source=gmail&amp;ust=1479638795960000&amp;usg=AFQjCNGN0FnSR9jjMJWB6czFzWYpQAp2lA\">http:\/\/ooz-sezana.si\/?page_id=<wbr \/>6791<\/a>.<\/p>\n<p>Maja Pre\u0161eren, Erasmus koordinatorka<\/p>\n<\/div><\/section><\/div>\n","protected":false},"excerpt":{"rendered":"","protected":false},"author":4,"featured_media":0,"parent":69,"menu_order":70,"comment_status":"closed","ping_status":"closed","template":"","meta":{"footnotes":""},"class_list":["post-5018","page","type-page","status-publish","hentry"],"aioseo_notices":[],"jetpack_sharing_enabled":true,"jetpack_shortlink":"https:\/\/wp.me\/P6N9ot-1iW","jetpack-related-posts":[],"_links":{"self":[{"href":"https:\/\/www.vss-sezana.si\/index.php?rest_route=\/wp\/v2\/pages\/5018","targetHints":{"allow":["GET"]}}],"collection":[{"href":"https:\/\/www.vss-sezana.si\/index.php?rest_route=\/wp\/v2\/pages"}],"about":[{"href":"https:\/\/www.vss-sezana.si\/index.php?rest_route=\/wp\/v2\/types\/page"}],"author":[{"embeddable":true,"href":"https:\/\/www.vss-sezana.si\/index.php?rest_route=\/wp\/v2\/users\/4"}],"replies":[{"embeddable":true,"href":"https:\/\/www.vss-sezana.si\/index.php?rest_route=%2Fwp%2Fv2%2Fcomments&post=5018"}],"version-history":[{"count":8,"href":"https:\/\/www.vss-sezana.si\/index.php?rest_route=\/wp\/v2\/pages\/5018\/revisions"}],"predecessor-version":[{"id":5379,"href":"https:\/\/www.vss-sezana.si\/index.php?rest_route=\/wp\/v2\/pages\/5018\/revisions\/5379"}],"up":[{"embeddable":true,"href":"https:\/\/www.vss-sezana.si\/index.php?rest_route=\/wp\/v2\/pages\/69"}],"wp:attachment":[{"href":"https:\/\/www.vss-sezana.si\/index.php?rest_route=%2Fwp%2Fv2%2Fmedia&parent=5018"}],"curies":[{"name":"wp","href":"https:\/\/api.w.org\/{rel}","templated":true}]}}