{"id":3240,"date":"2014-04-17T08:43:19","date_gmt":"2014-04-17T06:43:19","guid":{"rendered":"http:\/\/www.vss-sezana.si\/?page_id=3240"},"modified":"2025-12-10T16:17:32","modified_gmt":"2025-12-10T15:17:32","slug":"erasmus","status":"publish","type":"page","link":"https:\/\/www.vss-sezana.si\/?page_id=3240","title":{"rendered":"Erasmus+"},"content":{"rendered":"<section class=\"av_textblock_section \"  itemscope=\"itemscope\" itemtype=\"https:\/\/schema.org\/CreativeWork\" ><div class='avia_textblock  '   itemprop=\"text\" ><p style=\"font-weight: 400;\"><a href=\"https:\/\/www.vss-sezana.si\/wp-content\/uploads\/2025\/12\/Razpis-VSS-25_26-1.doc\"><strong>Razpis ERASMUS+ individualne mobilnosti za leto 2025\/26<\/strong><\/a><strong>\u00a0<\/strong>(Word datoteka)<\/p>\n<p><a href=\"https:\/\/www.vss-sezana.si\/wp-content\/uploads\/2016\/06\/PODATKI-\u0160TUDENTA-ZA-PRIPRAVO-ERASMUS-POGODBE-1516.docx\" target=\"_blank\" rel=\"noopener noreferrer\"><span style=\"color: #0000ee;\"><b>Podatki<\/b><\/span><strong>\u00a0\u0161tudenta\u00a0<\/strong><span style=\"color: #0000ee;\"><b>za pripravo Erasmus pogodbe<\/b><\/span><\/a>\u00a0(Word datoteka)<\/p>\n<p><strong><a href=\"https:\/\/www.vss-sezana.si\/wp-content\/uploads\/2018\/11\/HE-Learning-agreement_traineeships_form_final_2018.docx\" target=\"_blank\" rel=\"noopener noreferrer\">Sporazum za prakti\u010dno usposabljanje &#8211; Learning Agreement for Traineeships<\/a>\u00a0<\/strong>(Word datoteka)<\/p>\n<p><a href=\"https:\/\/www.vss-sezana.si\/wp-content\/uploads\/2021\/05\/ERASMUS-POLICY-STATEMENT.docx\" target=\"_blank\" rel=\"noopener\">\u0160olski center Sre\u010dka Kosovela Se\u017eana je nosilec ECHE listine za novo obdobje 2021-2027, ki temelji na novi Strategiji vklju\u010devanja Erasmus aktivnosti v svoje delo EPS.<\/a><\/p>\n<p><a href=\"https:\/\/www.vss-sezana.si\/wp-content\/uploads\/2025\/07\/Strategija-internacionalizacije.docx\"><strong><span class=\"s6\">Strategija <\/span><span class=\"s6\">internacionalizacije <\/span><span class=\"s6\">\u0160<\/span><span class=\"s6\">olskega centra Sre\u010dka Kosovela Se\u017eana<\/span><span class=\"s6\">, <\/span><span class=\"s6\">V<\/span><span class=\"s6\">i\u0161je strokovne \u0161ole <\/span><span class=\"s6\">za obdobje 202<\/span><span class=\"s6\">3<\/span><span class=\"s6\"> &#8211; 2027<\/span><\/strong><\/a><\/p>\n<p><a href=\"https:\/\/www.vss-sezana.si\/wp-content\/uploads\/2025\/07\/Strategija-internacionalizacije-EN.docx\"><strong>Internationalisation strategy of the Sre\u010dka Kosovela Se\u017eana School Centre, Higher Professional Schools for the period 2023 &#8211; 2027<\/strong><\/a><\/p>\n<h2><strong>ERASMUS+<\/strong><\/h2>\n<p>Vi\u0161ja strokovna \u0161ola \u0160olskega centra Sre\u010dka Kosovela Se\u017eana je\u00a0imetnica\u00a0ECHE\u00a0ter uresni\u010duje<strong>\u00a0<a href=\"https:\/\/www.vss-sezana.si\/wp-content\/uploads\/2023\/12\/Strategija-vkljucevanja-SC-Sezana.docx\" target=\"_blank\" rel=\"noopener noreferrer\">Strategijo vklju\u010devanja Erasmus aktivnosti v svoje delo (EPS)<\/a><\/strong>.<\/p>\n<p><a href=\"https:\/\/i0.wp.com\/www.vss-sezana.si\/wp-content\/uploads\/2023\/12\/0111_003-scaled.jpg?ssl=1\"><img data-recalc-dims=\"1\" loading=\"lazy\" decoding=\"async\" data-attachment-id=\"10772\" data-permalink=\"https:\/\/www.vss-sezana.si\/?attachment_id=10772\" data-orig-file=\"https:\/\/i0.wp.com\/www.vss-sezana.si\/wp-content\/uploads\/2023\/12\/0111_003-scaled.jpg?fit=1810%2C2560&amp;ssl=1\" data-orig-size=\"1810,2560\" data-comments-opened=\"1\" data-image-meta=\"{&quot;aperture&quot;:&quot;0&quot;,&quot;credit&quot;:&quot;&quot;,&quot;camera&quot;:&quot;&quot;,&quot;caption&quot;:&quot;&quot;,&quot;created_timestamp&quot;:&quot;0&quot;,&quot;copyright&quot;:&quot;&quot;,&quot;focal_length&quot;:&quot;0&quot;,&quot;iso&quot;:&quot;0&quot;,&quot;shutter_speed&quot;:&quot;0&quot;,&quot;title&quot;:&quot;&quot;,&quot;orientation&quot;:&quot;0&quot;}\" data-image-title=\"0111_003\" data-image-description=\"\" data-image-caption=\"\" data-large-file=\"https:\/\/i0.wp.com\/www.vss-sezana.si\/wp-content\/uploads\/2023\/12\/0111_003-scaled.jpg?fit=728%2C1030&amp;ssl=1\" class=\"alignleft wp-image-10772 \" src=\"https:\/\/i0.wp.com\/www.vss-sezana.si\/wp-content\/uploads\/2023\/12\/0111_003-scaled.jpg?resize=439%2C621&#038;ssl=1\" alt=\"\" width=\"439\" height=\"621\" srcset=\"https:\/\/i0.wp.com\/www.vss-sezana.si\/wp-content\/uploads\/2023\/12\/0111_003-scaled.jpg?w=1810&amp;ssl=1 1810w, https:\/\/i0.wp.com\/www.vss-sezana.si\/wp-content\/uploads\/2023\/12\/0111_003-scaled.jpg?resize=212%2C300&amp;ssl=1 212w, https:\/\/i0.wp.com\/www.vss-sezana.si\/wp-content\/uploads\/2023\/12\/0111_003-scaled.jpg?resize=728%2C1030&amp;ssl=1 728w, https:\/\/i0.wp.com\/www.vss-sezana.si\/wp-content\/uploads\/2023\/12\/0111_003-scaled.jpg?resize=768%2C1086&amp;ssl=1 768w, https:\/\/i0.wp.com\/www.vss-sezana.si\/wp-content\/uploads\/2023\/12\/0111_003-scaled.jpg?resize=1086%2C1536&amp;ssl=1 1086w, https:\/\/i0.wp.com\/www.vss-sezana.si\/wp-content\/uploads\/2023\/12\/0111_003-scaled.jpg?resize=1448%2C2048&amp;ssl=1 1448w, https:\/\/i0.wp.com\/www.vss-sezana.si\/wp-content\/uploads\/2023\/12\/0111_003-scaled.jpg?resize=1061%2C1500&amp;ssl=1 1061w, https:\/\/i0.wp.com\/www.vss-sezana.si\/wp-content\/uploads\/2023\/12\/0111_003-scaled.jpg?resize=499%2C705&amp;ssl=1 499w, https:\/\/i0.wp.com\/www.vss-sezana.si\/wp-content\/uploads\/2023\/12\/0111_003-scaled.jpg?resize=450%2C636&amp;ssl=1 450w\" sizes=\"auto, (max-width: 439px) 100vw, 439px\" \/><\/a><a href=\"https:\/\/i0.wp.com\/www.vss-sezana.si\/wp-content\/uploads\/2023\/12\/0111_005-scaled.jpg?ssl=1\"><img data-recalc-dims=\"1\" loading=\"lazy\" decoding=\"async\" data-attachment-id=\"10773\" data-permalink=\"https:\/\/www.vss-sezana.si\/?attachment_id=10773\" data-orig-file=\"https:\/\/i0.wp.com\/www.vss-sezana.si\/wp-content\/uploads\/2023\/12\/0111_005-scaled.jpg?fit=1810%2C2560&amp;ssl=1\" data-orig-size=\"1810,2560\" data-comments-opened=\"1\" data-image-meta=\"{&quot;aperture&quot;:&quot;0&quot;,&quot;credit&quot;:&quot;&quot;,&quot;camera&quot;:&quot;&quot;,&quot;caption&quot;:&quot;&quot;,&quot;created_timestamp&quot;:&quot;0&quot;,&quot;copyright&quot;:&quot;&quot;,&quot;focal_length&quot;:&quot;0&quot;,&quot;iso&quot;:&quot;0&quot;,&quot;shutter_speed&quot;:&quot;0&quot;,&quot;title&quot;:&quot;&quot;,&quot;orientation&quot;:&quot;0&quot;}\" data-image-title=\"0111_005\" data-image-description=\"\" data-image-caption=\"\" data-large-file=\"https:\/\/i0.wp.com\/www.vss-sezana.si\/wp-content\/uploads\/2023\/12\/0111_005-scaled.jpg?fit=728%2C1030&amp;ssl=1\" class=\"alignleft wp-image-10773\" src=\"https:\/\/i0.wp.com\/www.vss-sezana.si\/wp-content\/uploads\/2023\/12\/0111_005-scaled.jpg?resize=440%2C622&#038;ssl=1\" alt=\"\" width=\"440\" height=\"622\" srcset=\"https:\/\/i0.wp.com\/www.vss-sezana.si\/wp-content\/uploads\/2023\/12\/0111_005-scaled.jpg?w=1810&amp;ssl=1 1810w, https:\/\/i0.wp.com\/www.vss-sezana.si\/wp-content\/uploads\/2023\/12\/0111_005-scaled.jpg?resize=212%2C300&amp;ssl=1 212w, https:\/\/i0.wp.com\/www.vss-sezana.si\/wp-content\/uploads\/2023\/12\/0111_005-scaled.jpg?resize=728%2C1030&amp;ssl=1 728w, https:\/\/i0.wp.com\/www.vss-sezana.si\/wp-content\/uploads\/2023\/12\/0111_005-scaled.jpg?resize=768%2C1086&amp;ssl=1 768w, https:\/\/i0.wp.com\/www.vss-sezana.si\/wp-content\/uploads\/2023\/12\/0111_005-scaled.jpg?resize=1086%2C1536&amp;ssl=1 1086w, https:\/\/i0.wp.com\/www.vss-sezana.si\/wp-content\/uploads\/2023\/12\/0111_005-scaled.jpg?resize=1448%2C2048&amp;ssl=1 1448w, https:\/\/i0.wp.com\/www.vss-sezana.si\/wp-content\/uploads\/2023\/12\/0111_005-scaled.jpg?resize=1061%2C1500&amp;ssl=1 1061w, https:\/\/i0.wp.com\/www.vss-sezana.si\/wp-content\/uploads\/2023\/12\/0111_005-scaled.jpg?resize=499%2C705&amp;ssl=1 499w, https:\/\/i0.wp.com\/www.vss-sezana.si\/wp-content\/uploads\/2023\/12\/0111_005-scaled.jpg?resize=450%2C636&amp;ssl=1 450w\" sizes=\"auto, (max-width: 440px) 100vw, 440px\" \/><br \/>\n<\/a><\/p>\n<\/div><\/section>\n","protected":false},"excerpt":{"rendered":"","protected":false},"author":4,"featured_media":0,"parent":69,"menu_order":5,"comment_status":"open","ping_status":"open","template":"","meta":{"footnotes":""},"class_list":["post-3240","page","type-page","status-publish","hentry"],"aioseo_notices":[],"jetpack_sharing_enabled":true,"jetpack_shortlink":"https:\/\/wp.me\/P6N9ot-Qg","jetpack-related-posts":[],"_links":{"self":[{"href":"https:\/\/www.vss-sezana.si\/index.php?rest_route=\/wp\/v2\/pages\/3240","targetHints":{"allow":["GET"]}}],"collection":[{"href":"https:\/\/www.vss-sezana.si\/index.php?rest_route=\/wp\/v2\/pages"}],"about":[{"href":"https:\/\/www.vss-sezana.si\/index.php?rest_route=\/wp\/v2\/types\/page"}],"author":[{"embeddable":true,"href":"https:\/\/www.vss-sezana.si\/index.php?rest_route=\/wp\/v2\/users\/4"}],"replies":[{"embeddable":true,"href":"https:\/\/www.vss-sezana.si\/index.php?rest_route=%2Fwp%2Fv2%2Fcomments&post=3240"}],"version-history":[{"count":38,"href":"https:\/\/www.vss-sezana.si\/index.php?rest_route=\/wp\/v2\/pages\/3240\/revisions"}],"predecessor-version":[{"id":11173,"href":"https:\/\/www.vss-sezana.si\/index.php?rest_route=\/wp\/v2\/pages\/3240\/revisions\/11173"}],"up":[{"embeddable":true,"href":"https:\/\/www.vss-sezana.si\/index.php?rest_route=\/wp\/v2\/pages\/69"}],"wp:attachment":[{"href":"https:\/\/www.vss-sezana.si\/index.php?rest_route=%2Fwp%2Fv2%2Fmedia&parent=3240"}],"curies":[{"name":"wp","href":"https:\/\/api.w.org\/{rel}","templated":true}]}}