{"id":2344,"date":"2013-11-04T16:31:33","date_gmt":"2013-11-04T15:31:33","guid":{"rendered":"http:\/\/www.vss-sezana.si\/?page_id=2344"},"modified":"2014-06-05T10:05:27","modified_gmt":"2014-06-05T08:05:27","slug":"erasmus-ip","status":"publish","type":"page","link":"https:\/\/www.vss-sezana.si\/?page_id=2344","title":{"rendered":"Erasmus IP"},"content":{"rendered":"<div class=\"flex_column av_one_fourth  flex_column_div first  avia-builder-el-0  el_before_av_three_fourth  avia-builder-el-first  \" ><section class=\"av_textblock_section \"  itemscope=\"itemscope\" itemtype=\"https:\/\/schema.org\/CreativeWork\" ><div class='avia_textblock  '   itemprop=\"text\" ><h4><a href=\"https:\/\/www.vss-sezana.si\/wp-content\/uploads\/2013\/11\/Erasmus-IP-2013-razpis.docx\" target=\"_blank\">Erasmus IP 2013-razpis<\/a><\/h4>\n<h4><a href=\"https:\/\/www.vss-sezana.si\/wp-content\/uploads\/2013\/11\/PRIJAVA-IP.docx\" target=\"_blank\">Prijavnica\u00a0Erasmus\u00a0IP<\/a><\/h4>\n<h4><a href=\"https:\/\/www.vss-sezana.si\/wp-content\/uploads\/2013\/11\/Program-Erasmus-IP-1.docx\" target=\"_blank\">Program Erasmus IP-1<\/a><\/h4>\n<\/div><\/section><br \/>\n<div  class='hr hr-default   avia-builder-el-2  el_after_av_textblock  avia-builder-el-last '><span class='hr-inner ' ><span class='hr-inner-style'><\/span><\/span><\/div><\/p><\/div>\n<div class=\"flex_column av_three_fourth  flex_column_div   avia-builder-el-3  el_after_av_one_fourth  avia-builder-el-last  \" ><section class=\"av_textblock_section \"  itemscope=\"itemscope\" itemtype=\"https:\/\/schema.org\/CreativeWork\" ><div class='avia_textblock  '   itemprop=\"text\" ><h2><b>Erasmus IP: STONE IN PICTURE AND SHAPE<\/b><\/h2>\n<p>Project\u00a0 \u201cStone in picture and shape\u201d is based on cooperation of :<\/p>\n<p>\u2022 Higher Vocational School of material design and photography in Se\u017eana, Slovenia,<\/p>\n<p>\u2022 The School of Arts of Oviedo, Spain and<\/p>\n<p>\u2022 Art Accademy in Split, Croatia.<\/p>\n<p>The IP topic would be the process of developing and producing turist souvenirs made of stone. The three participating institutions have similar educational programs. We believe that students from photography, video, sculpture, material design and graphic design will aplly for this program. They will be devided in groups.<\/p>\n<p>There will be the melting of past and future by using traditional stone cutting methods with the options that are given by 3D support in design and the &#8220;through the camera lens&#8221; point of view on the details that make the stone objects and the stone processing methods so unique.<\/p>\n<p>Student will work in mixed groups. The 2 weeks program consists of computer based 3D design of stone objects, studying stone heritage and carving into the fine block of Bra\u010d&#8217;s stone a desired object. The island Bra\u010d near Split has a school with long tradition in stone cutting by using traditional roman methods and tools and their own quarry. The Island and also Split, the nearest city, have various monuments and buildings with the variety of stone processed details ready to catch the curious eye of a photographer. The antique roman process of carving can be documented in the workshops with greatest masters of Pu\u010di\u0161\u010da.<\/p>\n<p>There will be lectures, workshops of\u00a0 tourism, haritage studies, documentaristic photography and video, photojournalism (photo and video), basics of visual communications, architectual photography and advertising photography\/video \u00a0and promotion.<\/p>\n<p>In the last decade the global markets are recording an increasing need for experts with skills in the field of traditional and modern processing technology, design and restoration of stone. The data show that on the world market the need for the treated stone is growing: the final products for use in construction, and for the ambiental and memorial arrangements and\u00a0 other functional and decorative products made of stone.<\/p>\n<p>Slovenia is short of qualified staff, with knowledge about materials, design and creation of functional and decorative items and architectural elements. The main object of the IP is to understand the importance of knowledge about the properties of stone and the stone elements, the\u00a0 processing with traditional hand tools and procedures, before designing the products and objects with 3D programs. You cannot design properly if you don\u2019t know the behaviour of materials.<\/p>\n<p>The\u00a0 students of sculpture should try the traditional\u00a0 process and tools, mentored by high skilled professionals from Bra\u010d. The IP program will allow the achievement of the following skills:<\/p>\n<p>\u2022 Students become familiar with traditional processing techniques of natural stone.<\/p>\n<p>\u2022 Students become familiar with techniques of surface treatment of natural stone: moaning pointing, scraping, brushing, grinding, polishing, aging..<\/p>\n<p>\u2022 Students become familiar with and work tools used for hand shaping and finishing of stone.<\/p>\n<p>\u2022 The student knows the types and uses of domestic natural rock with an emphasis on the basics of heritage crafts.<\/p>\n<p>Students will be documenting the IP. Pictures, video and 3D material will be used in The manual of\u00a0 Traditional roman stone cutting methods with 3D support (one of the results of the project). It will be written in English and published in \u201cselfpublishing\u201d edition. Along with the manual the students (with mentors) will prepare the educational video Tutorial for Traditional roman stone cutting methods with 3D support. So they will gain competences of the following subjects:<\/p>\n<ul>\n<li>Advertising photography,<\/li>\n<li>Architectural photography,<\/li>\n<li>Photojournalism,<\/li>\n<li>Basics of film and television shooting,<\/li>\n<li>Film editing and digital post production,<\/li>\n<li>Photographic and documentation&#8230;<\/li>\n<\/ul>\n<p>We believe that well-organized lectures, workshops and the best photo\/video material can be achieved with the participation of experts from Bra\u010d school.<\/p>\n<p>Coordinator, Maja Pre\u0161eren<\/p>\n<\/div><\/section><br \/>\n<div class='avia-gallery  avia-gallery-1 avia_lazyload avia-gallery-animate avia_animate_when_visible  avia-builder-el-5  el_after_av_textblock  el_before_av_video '  itemprop=\"image\" itemscope=\"itemscope\" itemtype=\"https:\/\/schema.org\/ImageObject\" ><div class='avia-gallery-thumb'> <a href='https:\/\/i0.wp.com\/www.vss-sezana.si\/wp-content\/uploads\/2013\/11\/3D-Visualizations.jpg?fit=484%2C800&ssl=1' data-rel='gallery-1' data-prev-img='https:\/\/i0.wp.com\/www.vss-sezana.si\/wp-content\/uploads\/2013\/11\/3D-Visualizations.jpg?resize=484%2C400&ssl=1' class='first_thumb lightbox ' data-onclick='1' title=''  itemprop=\"thumbnailUrl\" ><img  src='https:\/\/i0.wp.com\/www.vss-sezana.si\/wp-content\/uploads\/2013\/11\/3D-Visualizations.jpg?resize=450%2C450&ssl=1' width='450' height='450'  title='3D Visualizations' alt='' \/><\/a> <a href='https:\/\/i0.wp.com\/www.vss-sezana.si\/wp-content\/uploads\/2013\/11\/Alejandro-Menendez.jpg?fit=484%2C800&ssl=1' data-rel='gallery-1' data-prev-img='https:\/\/i0.wp.com\/www.vss-sezana.si\/wp-content\/uploads\/2013\/11\/Alejandro-Menendez.jpg?resize=484%2C400&ssl=1' class='lightbox ' data-onclick='2' title=''  itemprop=\"thumbnailUrl\" ><img  src='https:\/\/i0.wp.com\/www.vss-sezana.si\/wp-content\/uploads\/2013\/11\/Alejandro-Menendez.jpg?resize=450%2C450&ssl=1' width='450' height='450'  title='Alejandro Menendez' alt='' \/><\/a> <a href='https:\/\/i0.wp.com\/www.vss-sezana.si\/wp-content\/uploads\/2013\/11\/Bo%C5%A1tjan-Bensa.jpg?fit=484%2C800&ssl=1' data-rel='gallery-1' data-prev-img='https:\/\/i0.wp.com\/www.vss-sezana.si\/wp-content\/uploads\/2013\/11\/Bo%C5%A1tjan-Bensa.jpg?resize=484%2C400&ssl=1' class='lightbox ' data-onclick='3' title=''  itemprop=\"thumbnailUrl\" ><img  src='https:\/\/i0.wp.com\/www.vss-sezana.si\/wp-content\/uploads\/2013\/11\/Bo%C5%A1tjan-Bensa.jpg?resize=450%2C450&ssl=1' width='450' height='450'  title='Bo\u0161tjan Bensa' alt='' \/><\/a> <a href='https:\/\/i0.wp.com\/www.vss-sezana.si\/wp-content\/uploads\/2013\/11\/%C4%90ani-Martini%C4%87.jpg?fit=484%2C800&ssl=1' data-rel='gallery-1' data-prev-img='https:\/\/i0.wp.com\/www.vss-sezana.si\/wp-content\/uploads\/2013\/11\/%C4%90ani-Martini%C4%87.jpg?resize=484%2C400&ssl=1' class='lightbox ' data-onclick='4' title=''  itemprop=\"thumbnailUrl\" ><img  src='https:\/\/i0.wp.com\/www.vss-sezana.si\/wp-content\/uploads\/2013\/11\/%C4%90ani-Martini%C4%87.jpg?resize=450%2C450&ssl=1' width='450' height='450'  title='\u0110ani Martini\u0107' alt='' \/><\/a> <a href='https:\/\/i0.wp.com\/www.vss-sezana.si\/wp-content\/uploads\/2013\/11\/Darja-Osojnik.jpg?fit=484%2C800&ssl=1' data-rel='gallery-1' data-prev-img='https:\/\/i0.wp.com\/www.vss-sezana.si\/wp-content\/uploads\/2013\/11\/Darja-Osojnik.jpg?resize=484%2C400&ssl=1' class='lightbox ' data-onclick='5' title=''  itemprop=\"thumbnailUrl\" ><img  src='https:\/\/i0.wp.com\/www.vss-sezana.si\/wp-content\/uploads\/2013\/11\/Darja-Osojnik.jpg?resize=450%2C450&ssl=1' width='450' height='450'  title='Darja Osojnik' alt='' \/><\/a> <a href='https:\/\/i0.wp.com\/www.vss-sezana.si\/wp-content\/uploads\/2013\/11\/Drago.jpg?fit=484%2C800&ssl=1' data-rel='gallery-1' data-prev-img='https:\/\/i0.wp.com\/www.vss-sezana.si\/wp-content\/uploads\/2013\/11\/Drago.jpg?resize=484%2C400&ssl=1' class='first_thumb lightbox ' data-onclick='6' title=''  itemprop=\"thumbnailUrl\" ><img  src='https:\/\/i0.wp.com\/www.vss-sezana.si\/wp-content\/uploads\/2013\/11\/Drago.jpg?resize=450%2C450&ssl=1' width='450' height='450'  title='Drago' alt='' \/><\/a> <a href='https:\/\/i0.wp.com\/www.vss-sezana.si\/wp-content\/uploads\/2013\/11\/Filip-Vidmar.jpg?fit=484%2C800&ssl=1' data-rel='gallery-1' data-prev-img='https:\/\/i0.wp.com\/www.vss-sezana.si\/wp-content\/uploads\/2013\/11\/Filip-Vidmar.jpg?resize=484%2C400&ssl=1' class='lightbox ' data-onclick='7' title=''  itemprop=\"thumbnailUrl\" ><img  src='https:\/\/i0.wp.com\/www.vss-sezana.si\/wp-content\/uploads\/2013\/11\/Filip-Vidmar.jpg?resize=450%2C450&ssl=1' width='450' height='450'  title='Filip Vidmar' alt='' \/><\/a> <a href='https:\/\/i0.wp.com\/www.vss-sezana.si\/wp-content\/uploads\/2013\/11\/Katja-Juren.jpg?fit=484%2C800&ssl=1' data-rel='gallery-1' data-prev-img='https:\/\/i0.wp.com\/www.vss-sezana.si\/wp-content\/uploads\/2013\/11\/Katja-Juren.jpg?resize=484%2C400&ssl=1' class='lightbox ' data-onclick='8' title=''  itemprop=\"thumbnailUrl\" ><img  src='https:\/\/i0.wp.com\/www.vss-sezana.si\/wp-content\/uploads\/2013\/11\/Katja-Juren.jpg?resize=450%2C450&ssl=1' width='450' height='450'  title='Katja Juren' alt='' \/><\/a> <a href='https:\/\/i0.wp.com\/www.vss-sezana.si\/wp-content\/uploads\/2013\/11\/Kevin-Abram.jpg?fit=484%2C800&ssl=1' data-rel='gallery-1' data-prev-img='https:\/\/i0.wp.com\/www.vss-sezana.si\/wp-content\/uploads\/2013\/11\/Kevin-Abram.jpg?resize=484%2C400&ssl=1' class='lightbox ' data-onclick='9' title=''  itemprop=\"thumbnailUrl\" ><img  src='https:\/\/i0.wp.com\/www.vss-sezana.si\/wp-content\/uploads\/2013\/11\/Kevin-Abram.jpg?resize=450%2C450&ssl=1' width='450' height='450'  title='Kevin Abram' alt='' \/><\/a> <a href='https:\/\/i0.wp.com\/www.vss-sezana.si\/wp-content\/uploads\/2013\/11\/Luka-Boltar.jpg?fit=484%2C800&ssl=1' data-rel='gallery-1' data-prev-img='https:\/\/i0.wp.com\/www.vss-sezana.si\/wp-content\/uploads\/2013\/11\/Luka-Boltar.jpg?resize=484%2C400&ssl=1' class='lightbox ' data-onclick='10' title=''  itemprop=\"thumbnailUrl\" ><img  src='https:\/\/i0.wp.com\/www.vss-sezana.si\/wp-content\/uploads\/2013\/11\/Luka-Boltar.jpg?resize=450%2C450&ssl=1' width='450' height='450'  title='Luka Boltar' alt='' \/><\/a> <a href='https:\/\/i0.wp.com\/www.vss-sezana.si\/wp-content\/uploads\/2013\/11\/Luka-Mimica.jpg?fit=484%2C800&ssl=1' data-rel='gallery-1' data-prev-img='https:\/\/i0.wp.com\/www.vss-sezana.si\/wp-content\/uploads\/2013\/11\/Luka-Mimica.jpg?resize=484%2C400&ssl=1' class='first_thumb lightbox ' data-onclick='11' title=''  itemprop=\"thumbnailUrl\" ><img  src='https:\/\/i0.wp.com\/www.vss-sezana.si\/wp-content\/uploads\/2013\/11\/Luka-Mimica.jpg?resize=450%2C450&ssl=1' width='450' height='450'  title='Luka Mimica' alt='' \/><\/a> <a href='https:\/\/i0.wp.com\/www.vss-sezana.si\/wp-content\/uploads\/2013\/11\/Monica-Katerina-Lango1.jpg?fit=484%2C800&ssl=1' data-rel='gallery-1' data-prev-img='https:\/\/i0.wp.com\/www.vss-sezana.si\/wp-content\/uploads\/2013\/11\/Monica-Katerina-Lango1.jpg?resize=484%2C400&ssl=1' class='lightbox ' data-onclick='12' title=''  itemprop=\"thumbnailUrl\" ><img  src='https:\/\/i0.wp.com\/www.vss-sezana.si\/wp-content\/uploads\/2013\/11\/Monica-Katerina-Lango1.jpg?resize=450%2C450&ssl=1' width='450' height='450'  title='Monica Katerina Lango' alt='' \/><\/a> <a href='https:\/\/i0.wp.com\/www.vss-sezana.si\/wp-content\/uploads\/2013\/11\/Petra-Mozeti%C4%8D.jpg?fit=484%2C800&ssl=1' data-rel='gallery-1' data-prev-img='https:\/\/i0.wp.com\/www.vss-sezana.si\/wp-content\/uploads\/2013\/11\/Petra-Mozeti%C4%8D.jpg?resize=484%2C400&ssl=1' class='lightbox ' data-onclick='13' title=''  itemprop=\"thumbnailUrl\" ><img  src='https:\/\/i0.wp.com\/www.vss-sezana.si\/wp-content\/uploads\/2013\/11\/Petra-Mozeti%C4%8D.jpg?resize=450%2C450&ssl=1' width='450' height='450'  title='Petra Mozeti\u010d' alt='' \/><\/a> <a href='https:\/\/i0.wp.com\/www.vss-sezana.si\/wp-content\/uploads\/2013\/11\/Ur%C5%A1ka-Sever.jpg?fit=484%2C800&ssl=1' data-rel='gallery-1' data-prev-img='https:\/\/i0.wp.com\/www.vss-sezana.si\/wp-content\/uploads\/2013\/11\/Ur%C5%A1ka-Sever.jpg?resize=484%2C400&ssl=1' class='lightbox ' data-onclick='14' title=''  itemprop=\"thumbnailUrl\" ><img  src='https:\/\/i0.wp.com\/www.vss-sezana.si\/wp-content\/uploads\/2013\/11\/Ur%C5%A1ka-Sever.jpg?resize=450%2C450&ssl=1' width='450' height='450'  title='Ur\u0161ka Sever' alt='' \/><\/a> <a href='https:\/\/i0.wp.com\/www.vss-sezana.si\/wp-content\/uploads\/2013\/11\/Yvi-Catherine-Brandt.jpg?fit=484%2C800&ssl=1' data-rel='gallery-1' data-prev-img='https:\/\/i0.wp.com\/www.vss-sezana.si\/wp-content\/uploads\/2013\/11\/Yvi-Catherine-Brandt.jpg?resize=484%2C400&ssl=1' class='lightbox ' data-onclick='15' title=''  itemprop=\"thumbnailUrl\" ><img  src='https:\/\/i0.wp.com\/www.vss-sezana.si\/wp-content\/uploads\/2013\/11\/Yvi-Catherine-Brandt.jpg?resize=450%2C450&ssl=1' width='450' height='450'  title='Yvi Catherine Brandt' alt='' \/><\/a><\/div><\/div><br \/>\n<div class='avia-video avia-video-4-3   av-lazyload-immediate  av-lazyload-video-embed  '   itemprop=\"video\" itemtype=\"https:\/\/schema.org\/VideoObject\"  data-original_url='http:\/\/www.youtube.com\/watch?v=1uELkNW-wOE&amp;feature=youtu.be' ><script type='text\/html' class='av-video-tmpl'><span class=\"embed-youtube\" style=\"text-align:center; display: block;\"><iframe loading=\"lazy\" class=\"youtube-player\" width=\"1500\" height=\"844\" src=\"https:\/\/www.youtube.com\/embed\/1uELkNW-wOE?version=3&#038;rel=1&#038;showsearch=0&#038;showinfo=1&#038;iv_load_policy=1&#038;fs=1&#038;hl=sl-SI&#038;autohide=2&#038;wmode=transparent\" allowfullscreen=\"true\" style=\"border:0;\" sandbox=\"allow-scripts allow-same-origin allow-popups allow-presentation allow-popups-to-escape-sandbox\"><\/iframe><\/span><\/script><div class='av-click-to-play-overlay'><div class=\"avia_playpause_icon\"><\/div><\/div><\/div><\/p><\/div>\n","protected":false},"excerpt":{"rendered":"","protected":false},"author":4,"featured_media":0,"parent":69,"menu_order":35,"comment_status":"open","ping_status":"open","template":"","meta":{"footnotes":""},"class_list":["post-2344","page","type-page","status-publish","hentry"],"aioseo_notices":[],"jetpack_sharing_enabled":true,"jetpack_shortlink":"https:\/\/wp.me\/P6N9ot-BO","jetpack-related-posts":[],"_links":{"self":[{"href":"https:\/\/www.vss-sezana.si\/index.php?rest_route=\/wp\/v2\/pages\/2344","targetHints":{"allow":["GET"]}}],"collection":[{"href":"https:\/\/www.vss-sezana.si\/index.php?rest_route=\/wp\/v2\/pages"}],"about":[{"href":"https:\/\/www.vss-sezana.si\/index.php?rest_route=\/wp\/v2\/types\/page"}],"author":[{"embeddable":true,"href":"https:\/\/www.vss-sezana.si\/index.php?rest_route=\/wp\/v2\/users\/4"}],"replies":[{"embeddable":true,"href":"https:\/\/www.vss-sezana.si\/index.php?rest_route=%2Fwp%2Fv2%2Fcomments&post=2344"}],"version-history":[{"count":10,"href":"https:\/\/www.vss-sezana.si\/index.php?rest_route=\/wp\/v2\/pages\/2344\/revisions"}],"predecessor-version":[{"id":3450,"href":"https:\/\/www.vss-sezana.si\/index.php?rest_route=\/wp\/v2\/pages\/2344\/revisions\/3450"}],"up":[{"embeddable":true,"href":"https:\/\/www.vss-sezana.si\/index.php?rest_route=\/wp\/v2\/pages\/69"}],"wp:attachment":[{"href":"https:\/\/www.vss-sezana.si\/index.php?rest_route=%2Fwp%2Fv2%2Fmedia&parent=2344"}],"curies":[{"name":"wp","href":"https:\/\/api.w.org\/{rel}","templated":true}]}}