{"id":207,"date":"2013-08-30T10:53:14","date_gmt":"2013-08-30T08:53:14","guid":{"rendered":"http:\/\/1028.gvs.arnes.si\/blog\/?page_id=207"},"modified":"2018-11-20T15:53:14","modified_gmt":"2018-11-20T14:53:14","slug":"incoming-erasmus","status":"publish","type":"page","link":"https:\/\/www.vss-sezana.si\/?page_id=207","title":{"rendered":"Incoming ERASMUS"},"content":{"rendered":"<div class=\"flex_column av_one_third  flex_column_div first  avia-builder-el-0  el_before_av_two_third  avia-builder-el-first  \" ><div class='avia-image-container  av-styling-    avia-builder-el-1  avia-builder-el-no-sibling  avia-align-center '  itemprop=\"image\" itemscope=\"itemscope\" itemtype=\"https:\/\/schema.org\/ImageObject\"  ><div class='avia-image-container-inner'><div class='avia-image-overlay-wrap'><img data-recalc-dims=\"1\" class='avia_image' src=\"https:\/\/i0.wp.com\/vss-sezana.si\/wp-content\/uploads\/2013\/08\/studenti_klepet.jpg?w=1500&#038;ssl=1\" alt='\u0160tudenti pred \u0161olo' title='\u0160tudenti'   itemprop=\"thumbnailUrl\"  \/><\/div><\/div><\/div><\/div>\n<div class=\"flex_column av_two_third  flex_column_div   avia-builder-el-2  el_after_av_one_third  avia-builder-el-last  \" ><section class=\"av_textblock_section \"  itemscope=\"itemscope\" itemtype=\"https:\/\/schema.org\/CreativeWork\" ><div class='avia_textblock  '   itemprop=\"text\" ><h2><strong>INCOMING ERASMUS<\/strong><\/h2>\n<p style=\"text-align: justify;\">If you are intersted in photography and design, you are welcome to come to the Higher Vocational College Se\u017eana.\u00a0The Higher Vocational College provides two study curricula: Designing Materials and Photography. You have to check with the Erasmus coordinator at your home institution than a Bilateral Agreement has been signed between both institutions.<\/p>\n<p style=\"text-align: justify;\">Students must apply with following documents:<\/p>\n<p style=\"text-align: justify;\">\u2022 Personal motivation letter<br \/>\n\u2022 Curriculum Vitae<br \/>\n\u2022 Portfolio<br \/>\n\u2022 Copy of ID card<br \/>\n<a href=\"https:\/\/www.vss-sezana.si\/wp-content\/uploads\/2018\/11\/HE-Learning-agreement_traineeships_form_final_2018-1.docx\">\u2022 Learning agreement<\/a><\/p>\n<p style=\"text-align: justify;\">These documents must be sent to the Erasmus coordinator:<\/p>\n<p style=\"text-align: justify;\">Maja Pre\u0161eren<br \/>\nVi\u0161ja strokovna \u0161ola \/ Higher Vocational College<br \/>\nKra\u0161ka ulica 2<br \/>\nSI-6210 Se\u017eana<br \/>\nSlovenija<\/p>\n<\/div><\/section><\/div>\n","protected":false},"excerpt":{"rendered":"","protected":false},"author":2,"featured_media":0,"parent":69,"menu_order":30,"comment_status":"open","ping_status":"open","template":"","meta":{"footnotes":""},"class_list":["post-207","page","type-page","status-publish","hentry"],"aioseo_notices":[],"jetpack_sharing_enabled":true,"jetpack_shortlink":"https:\/\/wp.me\/P6N9ot-3l","jetpack-related-posts":[],"_links":{"self":[{"href":"https:\/\/www.vss-sezana.si\/index.php?rest_route=\/wp\/v2\/pages\/207","targetHints":{"allow":["GET"]}}],"collection":[{"href":"https:\/\/www.vss-sezana.si\/index.php?rest_route=\/wp\/v2\/pages"}],"about":[{"href":"https:\/\/www.vss-sezana.si\/index.php?rest_route=\/wp\/v2\/types\/page"}],"author":[{"embeddable":true,"href":"https:\/\/www.vss-sezana.si\/index.php?rest_route=\/wp\/v2\/users\/2"}],"replies":[{"embeddable":true,"href":"https:\/\/www.vss-sezana.si\/index.php?rest_route=%2Fwp%2Fv2%2Fcomments&post=207"}],"version-history":[{"count":12,"href":"https:\/\/www.vss-sezana.si\/index.php?rest_route=\/wp\/v2\/pages\/207\/revisions"}],"predecessor-version":[{"id":7464,"href":"https:\/\/www.vss-sezana.si\/index.php?rest_route=\/wp\/v2\/pages\/207\/revisions\/7464"}],"up":[{"embeddable":true,"href":"https:\/\/www.vss-sezana.si\/index.php?rest_route=\/wp\/v2\/pages\/69"}],"wp:attachment":[{"href":"https:\/\/www.vss-sezana.si\/index.php?rest_route=%2Fwp%2Fv2%2Fmedia&parent=207"}],"curies":[{"name":"wp","href":"https:\/\/api.w.org\/{rel}","templated":true}]}}