{"id":205,"date":"2013-08-30T10:52:55","date_gmt":"2013-08-30T08:52:55","guid":{"rendered":"http:\/\/1028.gvs.arnes.si\/blog\/?page_id=205"},"modified":"2013-09-18T19:03:51","modified_gmt":"2013-09-18T17:03:51","slug":"mobilnost-zaposlenih","status":"publish","type":"page","link":"https:\/\/www.vss-sezana.si\/?page_id=205","title":{"rendered":"Mobilnost zaposlenih"},"content":{"rendered":"<div class=\"flex_column av_one_third  flex_column_div first  avia-builder-el-0  el_before_av_two_third  avia-builder-el-first  \" ><p><div class='avia-image-container  av-styling-    avia-builder-el-1  el_before_av_image  avia-builder-el-first  avia-align-center '  itemprop=\"image\" itemscope=\"itemscope\" itemtype=\"https:\/\/schema.org\/ImageObject\"  ><div class='avia-image-container-inner'><div class='avia-image-overlay-wrap'><img data-recalc-dims=\"1\" class='avia_image' src=\"https:\/\/i0.wp.com\/vss-sezana.si\/wp-content\/uploads\/2013\/08\/1-Erasmus-Oviedo-Matej-%C5%BDupec.jpg?w=1500&#038;ssl=1\" alt='Erasmus Oviedo. Fotografija: Matej \u017dupec' title='Erasmus Oviedo. Fotografija: Matej \u017dupec'   itemprop=\"thumbnailUrl\"  \/><\/div><\/div><\/div><br \/>\n<div class='avia-image-container  av-styling-    avia-builder-el-2  el_after_av_image  avia-builder-el-last  avia-align-center '  itemprop=\"image\" itemscope=\"itemscope\" itemtype=\"https:\/\/schema.org\/ImageObject\"  ><div class='avia-image-container-inner'><div class='avia-image-overlay-wrap'><img data-recalc-dims=\"1\" class='avia_image' src=\"https:\/\/i0.wp.com\/vss-sezana.si\/wp-content\/uploads\/2013\/08\/2-Erasmus-Oviedo-Matej-%C5%BDupec.jpg?w=1500&#038;ssl=1\" alt='Erasmus Oviedo. Fotografija: Matej \u017dupec' title='Erasmus Oviedo. Fotografija: Matej \u017dupec'   itemprop=\"thumbnailUrl\"  \/><\/div><\/div><\/div><\/p><\/div><div class=\"flex_column av_two_third  flex_column_div   avia-builder-el-3  el_after_av_one_third  avia-builder-el-last  \" ><section class=\"av_textblock_section \"  itemscope=\"itemscope\" itemtype=\"https:\/\/schema.org\/CreativeWork\" ><div class='avia_textblock  '   itemprop=\"text\" ><h2><strong>MOBILNOST ZAPOSLENIH<\/strong><\/h2>\n<p style=\"text-align: justify;\">Evropski program Erasmus u\u010dnemu osebju in drugim zaposlenim ponuja mo\u017enost usposabljanja na partnerskih institucijah ali v drugih organizacijah. Mo\u017eno je tudi gostovanje tujega strokovnjaka iz podjetja na instituciji nosilki Erasmus listine.<\/p>\n<p style=\"text-align: justify;\">Cilj aktivnosti je usposabljanje zaposlenih na institucijah nosilkah Erasmus univerzitetne listine. V okviru tega so mo\u017eni slede\u010di tipi mobilnosti:<\/p>\n<p style=\"text-align: justify;\">1. u\u010dno osebje z institucij nosilk Erasmus univerzitetne listine (EUC) se usposablja v podjetju in zaposleni iz podjetja se usposabljajo na instituciji nosilki EUC: namen tega tipa je prenos znanja in pridobivanje prakti\u010dnih spretnosti; lahko gre za seminarje, delavnice, te\u010daje ali konference, prakti\u010dno usposabljanje, kraj\u0161e sledenje na delovnem mestu ipd.;<br \/>\n2. administrativno in drugo osebje institucije nosilke EUC se usposablja na partnerski nosilki EUC: namen je izmenjava izku\u0161enj in prenos dobrih praks, izbolj\u0161anje spretnosti in znanj za izvajanje del in nalog; gre za sledenje na delovnem mestu oziroma \u0161tudijske obiske ipd.;<br \/>\n3. u\u010dno osebje institucije nosilke EUC se usposablja na partnerski nosilki EUC.<\/p>\n<h4>Pogoji aktivnosti<\/h4>\n<p style=\"text-align: justify;\">Minimalni pogoji aktivnosti so vezani na formalno na dejstvo, da ima mati\u010dna institucija nosilka EUC podpisano pogodbo z nacionalno agencijo o izvajanju Erasmus individualne mobilnosti, ter da je mobilna oseba na tej instituciji zaposlena. Usposabljanje naj bi trajalo najmanj 5 delovnih dni (izjemoma manj) in najve\u010d 6 tednov. Izbor udele\u017eencev izvaja mati\u010dna institucija, in sicer na podlagi v naprej dogovorjenega programa usposabljanja med obema vpletenima institucijama in udele\u017eencem.<\/p>\n<h4>Sofinanciranje<\/h4>\n<p style=\"text-align: justify;\">Sredstva Erasmus programa so namenjena zgolj delnemu kritju stro\u0161kov gostovanja v tujini. Sredstva niso namenjena pla\u010dilu dela.<\/p>\n<h4>Postopek prijave<\/h4>\n<p style=\"text-align: justify;\">Za izvedbo je zadol\u017eena mati\u010dna institucija. Vsak interesent se na mati\u010dni instituciji, kjer je zaposlen, pozanima o rokih, postopku prijave, kriterijih izbora idr.<br \/>\nKoordinatorica Erasmus programa na Vi\u0161ji strokovni \u0161oli \u0160C Se\u017eana je Maja Pre\u0161eren.<\/p>\n<\/div><\/section><\/div><\/p>\n","protected":false},"excerpt":{"rendered":"","protected":false},"author":2,"featured_media":0,"parent":69,"menu_order":20,"comment_status":"open","ping_status":"open","template":"","meta":{"footnotes":""},"class_list":["post-205","page","type-page","status-publish","hentry"],"aioseo_notices":[],"jetpack_sharing_enabled":true,"jetpack_shortlink":"https:\/\/wp.me\/P6N9ot-3j","jetpack-related-posts":[],"_links":{"self":[{"href":"https:\/\/www.vss-sezana.si\/index.php?rest_route=\/wp\/v2\/pages\/205","targetHints":{"allow":["GET"]}}],"collection":[{"href":"https:\/\/www.vss-sezana.si\/index.php?rest_route=\/wp\/v2\/pages"}],"about":[{"href":"https:\/\/www.vss-sezana.si\/index.php?rest_route=\/wp\/v2\/types\/page"}],"author":[{"embeddable":true,"href":"https:\/\/www.vss-sezana.si\/index.php?rest_route=\/wp\/v2\/users\/2"}],"replies":[{"embeddable":true,"href":"https:\/\/www.vss-sezana.si\/index.php?rest_route=%2Fwp%2Fv2%2Fcomments&post=205"}],"version-history":[{"count":8,"href":"https:\/\/www.vss-sezana.si\/index.php?rest_route=\/wp\/v2\/pages\/205\/revisions"}],"predecessor-version":[{"id":1010,"href":"https:\/\/www.vss-sezana.si\/index.php?rest_route=\/wp\/v2\/pages\/205\/revisions\/1010"}],"up":[{"embeddable":true,"href":"https:\/\/www.vss-sezana.si\/index.php?rest_route=\/wp\/v2\/pages\/69"}],"wp:attachment":[{"href":"https:\/\/www.vss-sezana.si\/index.php?rest_route=%2Fwp%2Fv2%2Fmedia&parent=205"}],"curies":[{"name":"wp","href":"https:\/\/api.w.org\/{rel}","templated":true}]}}