{"id":203,"date":"2013-08-30T10:52:36","date_gmt":"2013-08-30T08:52:36","guid":{"rendered":"http:\/\/1028.gvs.arnes.si\/blog\/?page_id=203"},"modified":"2023-12-06T12:44:47","modified_gmt":"2023-12-06T11:44:47","slug":"mobilnost-studentov","status":"publish","type":"page","link":"https:\/\/www.vss-sezana.si\/?page_id=203","title":{"rendered":"Mobilnost \u0161tudentov"},"content":{"rendered":"<div class=\"flex_column av_one_third  flex_column_div first  avia-builder-el-0  el_before_av_two_third  avia-builder-el-first  \" ><section class=\"av_textblock_section \"  itemscope=\"itemscope\" itemtype=\"https:\/\/schema.org\/CreativeWork\" ><div class='avia_textblock  '   itemprop=\"text\" ><h3>Postopek prijave<\/h3>\n<p>Za vse informacije se obrnite na koordinatorico Erasmus programa.<\/p>\n<h3>Ponudba \u0161tudentskih praks<\/h3>\n<p><a href=\"http:\/\/www.cmepius.si\/vzu\/erasmus\/individualna-mobilnost\/prakse.aspx\" target=\"_blank\" rel=\"noopener\">Seznam ponudnikov prakti\u010dnega izobra\u017eevanja v tujini<\/a><\/p>\n<\/div><\/section><br \/>\n<div style='height:20px' class='hr hr-invisible   avia-builder-el-2  el_after_av_textblock  el_before_av_image '><span class='hr-inner ' ><span class='hr-inner-style'><\/span><\/span><\/div><br \/>\n<div class='avia-image-container  av-styling-    avia-builder-el-3  el_after_av_hr  el_before_av_image  avia-align-center '  itemprop=\"image\" itemscope=\"itemscope\" itemtype=\"https:\/\/schema.org\/ImageObject\"  ><div class='avia-image-container-inner'><div class='avia-image-overlay-wrap'><img data-recalc-dims=\"1\" class='avia_image' src=\"https:\/\/i0.wp.com\/vss-sezana.si\/wp-content\/uploads\/2013\/08\/12_Ris-Ras-najboljsi-kafic-v-Arhusu.jpg?w=1500&#038;ssl=1\" alt='' title='Katja Goljat_Ris Ras najboljsi kafic v Arhusu'   itemprop=\"thumbnailUrl\"  \/><\/div><\/div><\/div><br \/>\n<div class='avia-image-container  av-styling-    avia-builder-el-4  el_after_av_image  avia-builder-el-last  avia-align-center '  itemprop=\"image\" itemscope=\"itemscope\" itemtype=\"https:\/\/schema.org\/ImageObject\"  ><div class='avia-image-container-inner'><div class='avia-image-overlay-wrap'><img data-recalc-dims=\"1\" class='avia_image' src=\"https:\/\/i0.wp.com\/vss-sezana.si\/wp-content\/uploads\/2013\/08\/14_hepi-parti_Martin.jpg?w=1500&#038;ssl=1\" alt='Katja Goljat_hepi parti_Martin' title='Katja Goljat_hepi parti_Martin'   itemprop=\"thumbnailUrl\"  \/><\/div><\/div><\/div><\/p><\/div><div class=\"flex_column av_two_third  flex_column_div   avia-builder-el-5  el_after_av_one_third  avia-builder-el-last  \" ><section class=\"av_textblock_section \"  itemscope=\"itemscope\" itemtype=\"https:\/\/schema.org\/CreativeWork\" ><div class='avia_textblock  '   itemprop=\"text\" ><h2><strong>MOBILNOST \u0160TUDENTOV<\/strong><\/h2>\n<p style=\"text-align: justify;\">Evropski program sodelovanja na podro\u010dju terciarnega izobra\u017eevanja \u0161tudentom ponuja mo\u017enost del \u0161tudijskih obveznosti ali prakti\u010dno usposabljanje opraviti v eni od sodelujo\u010dih dr\u017eav. Aktivnost je omogo\u010dena le \u0161tudentom, katerih mati\u010dna institucija sodeluje v Erasmus programu (je pridobila ustrezno Erasmus univerzitetno listino in pridobila sredstva za individualno mobilnost na nacionalnem razpisu).<\/p>\n<p style=\"text-align: justify;\">Cilj mobilnosti \u0161tudentov za prakso\u00a0je pre\u017eiveti v \u010dasu \u0161tudija obdobje v podjetju ali podobni organizaciji v drugi sodelujo\u010di dr\u017eavi z namenom, da se posameznik prilagodi potrebam novega evropskega trga dela, pridobi specifi\u010dne spretnosti in izbolj\u0161a razumevanje ekonomske in socialne kulture dr\u017eave gostiteljice.<\/p>\n<h4>Minimalni pogoji<\/h4>\n<p style=\"text-align: justify;\">\u2022 \u0160tudent lahko v tujini biva najmanj 3 mesece in najve\u010d 1 leto. Izjema so vi\u0161je\u0161olski programi, kjer je najkraj\u0161i \u010das bivanja v tujini za opravljanje prakti\u010dnega izobra\u017eevanja omejen na 14 dni.<br \/>\n\u2022 \u0160tudent mora biti v vsakem primeru dr\u017eavljan ene od sodelujo\u010dih dr\u017eav ali pa v eni od teh dr\u017eav imeti stalno bivali\u0161\u010de, status begunca ali status osebe brez dr\u017eavljanstva. Biti mora vpisan na institucijo nosilko EUC, ki je uspe\u0161no pridobila sredstva za individualno mobilnost na nacionalnem razpisu.<br \/>\n\u2022 Vsak \u0161tudent se mora pred odhodom z vsemi vpletenimi dogovoriti glede vsebine obveznosti v tujini: \u010de gre \u0161tudent na mobilnost za prakso, pa mora pred odhodom poskrbeti za pogodbo o namestitvi in pripadajo\u010di dogovor o usposabljanju.<br \/>\n\u2022 Opravljen izpit Strokovna terminologija v tujem jeziku.<\/p>\n<p style=\"text-align: justify;\">Na\u010deloma velja pravilo, da je status \u0161tudenta v \u010dasu izmenjave izena\u010den s statusom \u0161tudentov v dr\u017eavi destinaciji. \u0160tudent ohrani vse vire \u0161tipendiranja iz mati\u010dne dr\u017eave in ne pla\u010da \u0161olnine na instituciji gostiteljici.<\/p>\n<h4 style=\"text-align: justify;\">Sofinanciranje &#8211; Erasmus \u0161tipendija<\/h4>\n<p style=\"text-align: justify;\">Vsak \u0161tudent je glede na nacionalna pravila upravi\u010den do pridobitve finan\u010dne podpore iz programa Erasmus, do t.i. \u00bbErasmus \u0161tipendije\u00ab. Erasmus \u0161tipendija pomaga kriti dodatne stro\u0161ke, ki nastanejo zaradi same mobilnosti. Zneski in kriteriji dodelitve sredstev se med leti spreminjajo, zato mora \u0161tudent vedno najti informacije za ustrezno akademsko leto.<br \/>\nVse informacije o vi\u0161ini \u0161tipendije \u0161tudenti \u0160olskega centra Sre\u010dka Kosovela Se\u017eana, Vi\u0161ja strokovna \u0161ola dobijo pri Maji Pre\u0161eren, ki je koordinatorica Erasmus programa na Vi\u0161ji strokovni \u0161oli.<\/p>\n<h4 style=\"text-align: justify;\"><\/h4>\n<\/div><\/section><\/div><\/p>\n","protected":false},"excerpt":{"rendered":"","protected":false},"author":2,"featured_media":0,"parent":69,"menu_order":10,"comment_status":"open","ping_status":"open","template":"","meta":{"footnotes":""},"class_list":["post-203","page","type-page","status-publish","hentry"],"aioseo_notices":[],"jetpack_sharing_enabled":true,"jetpack_shortlink":"https:\/\/wp.me\/P6N9ot-3h","jetpack-related-posts":[],"_links":{"self":[{"href":"https:\/\/www.vss-sezana.si\/index.php?rest_route=\/wp\/v2\/pages\/203","targetHints":{"allow":["GET"]}}],"collection":[{"href":"https:\/\/www.vss-sezana.si\/index.php?rest_route=\/wp\/v2\/pages"}],"about":[{"href":"https:\/\/www.vss-sezana.si\/index.php?rest_route=\/wp\/v2\/types\/page"}],"author":[{"embeddable":true,"href":"https:\/\/www.vss-sezana.si\/index.php?rest_route=\/wp\/v2\/users\/2"}],"replies":[{"embeddable":true,"href":"https:\/\/www.vss-sezana.si\/index.php?rest_route=%2Fwp%2Fv2%2Fcomments&post=203"}],"version-history":[{"count":10,"href":"https:\/\/www.vss-sezana.si\/index.php?rest_route=\/wp\/v2\/pages\/203\/revisions"}],"predecessor-version":[{"id":10771,"href":"https:\/\/www.vss-sezana.si\/index.php?rest_route=\/wp\/v2\/pages\/203\/revisions\/10771"}],"up":[{"embeddable":true,"href":"https:\/\/www.vss-sezana.si\/index.php?rest_route=\/wp\/v2\/pages\/69"}],"wp:attachment":[{"href":"https:\/\/www.vss-sezana.si\/index.php?rest_route=%2Fwp%2Fv2%2Fmedia&parent=203"}],"curies":[{"name":"wp","href":"https:\/\/api.w.org\/{rel}","templated":true}]}}