{"id":199,"date":"2013-08-30T10:50:10","date_gmt":"2013-08-30T08:50:10","guid":{"rendered":"http:\/\/1028.gvs.arnes.si\/blog\/?page_id=199"},"modified":"2014-02-04T13:53:53","modified_gmt":"2014-02-04T12:53:53","slug":"euroskills","status":"publish","type":"page","link":"https:\/\/www.vss-sezana.si\/?page_id=199","title":{"rendered":"EuroSkills"},"content":{"rendered":"<div class=\"flex_column av_one_third  flex_column_div first  avia-builder-el-0  el_before_av_two_third  avia-builder-el-first  \" ><div class='avia-image-container  av-styling-    avia-builder-el-1  avia-builder-el-no-sibling  avia-align-center '  itemprop=\"image\" itemscope=\"itemscope\" itemtype=\"https:\/\/schema.org\/ImageObject\"  ><div class='avia-image-container-inner'><div class='avia-image-overlay-wrap'><img data-recalc-dims=\"1\" class='avia_image' src=\"https:\/\/i0.wp.com\/vss-sezana.si\/wp-content\/uploads\/2013\/08\/sloveniaskills_logo.jpg?w=1500&#038;ssl=1\" alt='' title=''   itemprop=\"thumbnailUrl\"  \/><\/div><\/div><\/div><\/div>\n<div class=\"flex_column av_two_third  flex_column_div   avia-builder-el-2  el_after_av_one_third  avia-builder-el-last  \" ><section class=\"av_textblock_section \"  itemscope=\"itemscope\" itemtype=\"https:\/\/schema.org\/CreativeWork\" ><div class='avia_textblock  '   itemprop=\"text\" ><h2><strong>EUROSKILLS IN OLIMPIJADA POKLICEV ZA PODRO\u010cJE KAMNOSE\u0160TVA<\/strong><\/h2>\n<p style=\"text-align: justify;\">EuroSkills je evropsko tekmovanje v poklicnih spretnostih, na katerem lahko sodelujejo mladi med 18. in 25. letom starosti. Osnovni cilj tekmovanja, ki se odvija vsaki dve leti, je promocija deficitarnih in redkih poklicev. Tekmovanje je vedno tudi izjemen, dobro obiskan dogodek, na katerem mladi izkazujejo poklicne spretnosti, ob tem pa se spletajo prijateljske in poklicne vezi, ki so pri tlakovanju poklicne poti izjemnega pomena. Poudarek je na uporabnih znanjih in v tem smislu so sestavljene tudi tekmovalne naloge.<br \/>\nSlovenija se je z nekaterimi panogami za\u010dela udele\u017eevati tekmovanj leta 2008, v letu 2014 pa se \u017eelimo tekmovanja, katerega organizacijo je prevzela Francija, predstaviti tudi z mladimi mojstri kamnose\u0161tva.<br \/>\nEuroSkills se lahko udele\u017ei le finalist tekmovanja v poklicnih spretnostih na dr\u017eavni ravni, ki se v Sloveniji izvaja pod imenom Olimpijada poklicev (SloveniaSkills)\u00a0in se izvaja le za tiste tekmovalne kategorije, ki se izvajajo na evropski (EuroSkills) in svetovni ravni (WorldSkills). Ker \u017eelimo zdru\u017eiti s prijetno s koristnim in obenem omogo\u010diti, da bi bila tovrstna izku\u0161nja dostopna \u010dim ve\u010d mladim na za\u010detku poklicne poti, organiziramo tekmovanje na dr\u017eavni ravni tudi kot dru\u017eaben in zabaven dogodek,\u00a0v\u00a0dveh delih:<br \/>\n&#8211; predizbor, od 20. do 22. septembra 2013 v Pliskovici na Krasu\u00a0 (<a href=\"https:\/\/vss-sezana.si\/wp-content\/uploads\/2013\/09\/ZlozenkaFestivalKamna_splet.pdf\" target=\"_blank\">Vabilo na dogodek<\/a>; <a href=\"http:\/\/www.primorske.si\/Primorska\/Srednja-Primorska\/Kamen-postaja-znova-cenjen.aspx\" target=\"_blank\">\u010dlanek v Primorskih novicah<\/a>),<br \/>\n&#8211; dr\u017eavno tekmovanje, ki se ga udele\u017eijo trije najbolj\u0161i iz Pliskovice,\u00a024. in 25. januarja 2014 na sejmu Informativa v Ljubljani.<\/p>\n<p style=\"text-align: justify;\">REZULTATI PREDIZBORA:<br \/>\n1.<strong> Leon Mahni\u010d<\/strong>, mentor Jernej Bortolato<br \/>\n2. <strong>Dejan Bali\u0107<\/strong>, mentor Simon Jelar<br \/>\n3. <strong>Nik \u010cebokli<\/strong>, mentor Sandi \u010cevnja<\/p>\n<p>REZULTATI DR\u017dAVNEGA TEKMOVANJA:<br \/>\n1. <strong>Leon Mahni\u010d<\/strong>, mentor Jernej Bortolato<br \/>\n2. <strong>Nik \u010cebokli<\/strong>, mentor Sandi \u010cevnja<br \/>\n3. <strong>Dejan Bali\u0107<\/strong>, mentor Janko Brun\u010dek<\/p>\n<p>Dokumenti:<br \/>\n&#8211; <a href=\"https:\/\/www.vss-sezana.si\/wp-content\/uploads\/2014\/01\/Olimpijada-podklicev-protokol-in-pravila-2014.pdf\" target=\"_blank\">Olimpijada poklicev:\u00a0Protokol in pravila sistema dr\u017eavnih tekmovanj 2014<\/a><br \/>\n&#8211;\u00a0<a href=\"http:\/\/www.viviss.si\/download\/vss\/Euroskills\/Pravila_tekmovanja_Olimpijada_kamnosestvo.pdf\" target=\"_blank\">Pravila tekmovanja Olimpijada poklicev: kamnose\u0161tvo<\/a><br \/>\n&#8211; <a href=\"https:\/\/www.vss-sezana.si\/wp-content\/uploads\/2014\/01\/Varnost-in-zdravje-pri-delu-navodila.pdf\" target=\"_blank\">Varnost in zdravje pri delu: navodila<\/a><br \/>\n&#8211;\u00a0<a href=\"http:\/\/www.viviss.si\/download\/vss\/Euroskills\/TEHNICNA_NAVODILA_TEKMOVANJA.pdf\" target=\"_blank\">Tehni\u010dna navodila<br \/>\n<\/a>&#8211;\u00a0<a href=\"https:\/\/vss-sezana.si\/wp-content\/uploads\/2013\/09\/Olimpijada-Funkcije_Sestava_organov.pdf\" target=\"_blank\">Kdo je kdo &#8211; predizbor<\/a> in <a href=\"https:\/\/www.vss-sezana.si\/wp-content\/uploads\/2014\/01\/Olimpijada-Funkcije_Sestava_organov-DRZAVNO.pdf\" target=\"_blank\">Kdo je kdo &#8211; finale<\/a>\u00a0(funkcije in sestava organov)<br \/>\n&#8211;\u00a0<a href=\"http:\/\/www.viviss.si\/download\/vss\/Euroskills\/PRIJAVNICA-PLISKOVICA.pdf\" target=\"_blank\">Prijavnica<\/a><br \/>\n&#8211;\u00a0<a href=\"http:\/\/www.viviss.si\/download\/vss\/Euroskills\/Euroskills_2012_Belgium_UK(5).pdf\" target=\"_blank\">Primer tekmovalne naloge<\/a><\/p>\n<\/div><\/section><br \/>\n<div class='avia-image-container  av-styling-    avia-builder-el-4  el_after_av_textblock  el_before_av_textblock  avia-align-left '  itemprop=\"image\" itemscope=\"itemscope\" itemtype=\"https:\/\/schema.org\/ImageObject\"  ><div class='avia-image-container-inner'><div class='avia-image-overlay-wrap'><img data-recalc-dims=\"1\" height=\"598\" width=\"1030\" class='avia_image' src=\"https:\/\/i0.wp.com\/www.vss-sezana.si\/wp-content\/uploads\/2014\/02\/IMG_8963.jpg?resize=1030%2C598&#038;ssl=1\" alt='' title='IMG_8963'   itemprop=\"thumbnailUrl\"  \/><\/div><\/div><\/div><\/p>\n<section class=\"av_textblock_section \"  itemscope=\"itemscope\" itemtype=\"https:\/\/schema.org\/CreativeWork\" ><div class='avia_textblock  '   itemprop=\"text\" ><p><span style=\"color: #808080;\">Udele\u017eenci dr\u017eavnega tekmovanja Olimpijada poklicev v kamnose\u0161tvu (v sredini Leon Mahni\u010d, zastopnik Slovenije na prihodnjem tekmovanju Euroskills oktobra 2014 v Franciji, levo Nik \u010cebokli, desno Dejan Bali\u0107).<\/span><\/p>\n<\/div><\/section><\/div>\n","protected":false},"excerpt":{"rendered":"","protected":false},"author":2,"featured_media":0,"parent":58,"menu_order":40,"comment_status":"open","ping_status":"open","template":"","meta":{"footnotes":""},"class_list":["post-199","page","type-page","status-publish","hentry"],"aioseo_notices":[],"jetpack_sharing_enabled":true,"jetpack_shortlink":"https:\/\/wp.me\/P6N9ot-3d","jetpack-related-posts":[],"_links":{"self":[{"href":"https:\/\/www.vss-sezana.si\/index.php?rest_route=\/wp\/v2\/pages\/199","targetHints":{"allow":["GET"]}}],"collection":[{"href":"https:\/\/www.vss-sezana.si\/index.php?rest_route=\/wp\/v2\/pages"}],"about":[{"href":"https:\/\/www.vss-sezana.si\/index.php?rest_route=\/wp\/v2\/types\/page"}],"author":[{"embeddable":true,"href":"https:\/\/www.vss-sezana.si\/index.php?rest_route=\/wp\/v2\/users\/2"}],"replies":[{"embeddable":true,"href":"https:\/\/www.vss-sezana.si\/index.php?rest_route=%2Fwp%2Fv2%2Fcomments&post=199"}],"version-history":[{"count":28,"href":"https:\/\/www.vss-sezana.si\/index.php?rest_route=\/wp\/v2\/pages\/199\/revisions"}],"predecessor-version":[{"id":2841,"href":"https:\/\/www.vss-sezana.si\/index.php?rest_route=\/wp\/v2\/pages\/199\/revisions\/2841"}],"up":[{"embeddable":true,"href":"https:\/\/www.vss-sezana.si\/index.php?rest_route=\/wp\/v2\/pages\/58"}],"wp:attachment":[{"href":"https:\/\/www.vss-sezana.si\/index.php?rest_route=%2Fwp%2Fv2%2Fmedia&parent=199"}],"curies":[{"name":"wp","href":"https:\/\/api.w.org\/{rel}","templated":true}]}}