{"id":191,"date":"2013-08-30T10:21:26","date_gmt":"2013-08-30T08:21:26","guid":{"rendered":"http:\/\/1028.gvs.arnes.si\/blog\/?page_id=191"},"modified":"2013-09-24T12:35:09","modified_gmt":"2013-09-24T10:35:09","slug":"obrazci","status":"publish","type":"page","link":"https:\/\/www.vss-sezana.si\/?page_id=191","title":{"rendered":"Obrazci"},"content":{"rendered":"<div class=\"flex_column av_one_third  flex_column_div first  avia-builder-el-0  el_before_av_two_third  avia-builder-el-first  \" ><\/div>\n<div class=\"flex_column av_two_third  flex_column_div   avia-builder-el-1  el_after_av_one_third  avia-builder-el-last  \" ><section class=\"av_textblock_section \"  itemscope=\"itemscope\" itemtype=\"https:\/\/schema.org\/CreativeWork\" ><div class='avia_textblock  '   itemprop=\"text\" ><h2><strong>INTERNI OBRAZCI VI\u0160JE STROKOVNE \u0160OLE<\/strong><\/h2>\n<p><b>\u00a0<\/b><\/p>\n<p><strong>\u00a0Obrazce\u00a0obvezno\u00a0natisnite obojestransko!<\/strong><\/p>\n<table border=\"0\">\n<tbody>\n<tr>\n<td>\n<h5>OZNAKA<\/h5>\n<\/td>\n<td>\n<h5>IME OBRAZCA<\/h5>\n<\/td>\n<\/tr>\n<tr>\n<td><b><a href=\"https:\/\/vss-sezana.si\/wp-content\/uploads\/2013\/09\/Vps-1_VPISNICA-1letnik.pdf\" target=\"_blank\">Vps-1<\/a><\/b><\/td>\n<td>Vpisnica\u00a0prvi letnik\/ciklus vi\u0161je\u0161olskega strok. izobra\u017eevanja<\/td>\n<\/tr>\n<tr>\n<td><b><a href=\"https:\/\/vss-sezana.si\/wp-content\/uploads\/2013\/09\/Vps-2_VPISNICA-2letnik.pdf\" target=\"_blank\">Vps-2<\/a><\/b><\/td>\n<td>Vpisnica\u00a0drugi letnik\/ciklus vi\u0161je\u0161olskega strok. izobr.<\/td>\n<\/tr>\n<tr>\n<td><b><a href=\"https:\/\/vss-sezana.si\/wp-content\/uploads\/2013\/09\/Vps-3_VPISNICA-3cikel.pdf\" target=\"_blank\">Vps-3<\/a><\/b><\/td>\n<td>Vpisnica\u00a0tretji ciklus izrednega \u0161tudija<\/td>\n<\/tr>\n<tr>\n<td><b><a href=\"https:\/\/vss-sezana.si\/wp-content\/uploads\/2013\/09\/PonV-vloga_Vloga-PONOVNI-VPIS.pdf\" target=\"_blank\">PonV-vloga<\/a><\/b><\/td>\n<td>Vloga za odobritev ponovnega vpisa<\/td>\n<\/tr>\n<tr>\n<td><b><a href=\"https:\/\/vss-sezana.si\/wp-content\/uploads\/2013\/09\/Vps-EV.pdf\" target=\"_blank\">Vps-EV<\/a><\/b><\/td>\n<td>Vpisnica za eviden\u010dni vpis<\/td>\n<\/tr>\n<tr>\n<td><b><a href=\"https:\/\/vss-sezana.si\/wp-content\/uploads\/2013\/09\/Izp-1_IZPISNICA.pdf\" target=\"_blank\">Izp-1<\/a><\/b><\/td>\n<td>Izpisnica<\/td>\n<\/tr>\n<tr>\n<td><a href=\"https:\/\/vss-sezana.si\/wp-content\/uploads\/2013\/09\/OS-PODATKI-sprememba.pdf\" target=\"_blank\"><b>Os. podatki<\/b><\/a><\/td>\n<td>Obvestilo o spremembi osebnih podatkov<\/td>\n<\/tr>\n<tr>\n<td><a href=\"https:\/\/vss-sezana.si\/wp-content\/uploads\/2013\/09\/Pri-2_PRIJAVNICA-2prijava.pdf\" target=\"_blank\"><b>Pri-2<\/b><\/a><\/td>\n<td>Druga prijava za vpis v prvi letnik vi\u0161je\u0161ol. strok. izobr.<\/td>\n<\/tr>\n<tr>\n<td><b><a href=\"https:\/\/vss-sezana.si\/wp-content\/uploads\/2013\/09\/Pri-NV_Prijavnica-k-nadomescanju-vaj.pdf\" target=\"_blank\">Pri-NV<\/a><\/b><\/td>\n<td>\u00a0Prijavnica k nadome\u0161\u010danju vaj<\/td>\n<\/tr>\n<tr>\n<td><b><a href=\"https:\/\/vss-sezana.si\/wp-content\/uploads\/2013\/09\/Prz-PPZ-vloga1.pdf\" target=\"_blank\">Prz-PPZ\/vloga<\/a><\/b><\/td>\n<td>\u00a0Vloga za priznanje predhodno pridobljenega znanja<\/td>\n<\/tr>\n<tr>\n<td><a href=\"https:\/\/vss-sezana.si\/wp-content\/uploads\/2013\/09\/Prz-PRI-vloga11.pdf\" target=\"_blank\"><b>Prz-PRI\/vloga<\/b><\/a><\/td>\n<td>\u00a0Vloga za priznanje prakti\u010dnega izobra\u017eevanja<\/td>\n<\/tr>\n<tr>\n<td><b><a href=\"https:\/\/vss-sezana.si\/wp-content\/uploads\/2013\/09\/Iz-2_IZJAVA-web_postar.pdf\" target=\"_blank\">IZ-2<\/a><\/b><\/td>\n<td>Izjava za uporabo web po\u0161tarja<\/td>\n<\/tr>\n<tr>\n<td><a href=\"https:\/\/vss-sezana.si\/wp-content\/uploads\/2013\/09\/Iz-1_St-izdelki_IZJAVA.pdf\" target=\"_blank\"><b>IZ-1<\/b><\/a><\/td>\n<td>Pravila ravnanja z izdelki \u0161tudentov<\/td>\n<\/tr>\n<tr>\n<td><a href=\"https:\/\/vss-sezana.si\/wp-content\/uploads\/2013\/09\/FOT-izbira_Anketa_FOT.pdf\" target=\"_blank\"><b>FOT-izbira<\/b><\/a><\/td>\n<td>Izjava o izbiri predmetov in modulov v 2. letniku &#8211; Fotografija<\/td>\n<\/tr>\n<tr>\n<td><b><a href=\"https:\/\/vss-sezana.si\/wp-content\/uploads\/2013\/09\/OBL-izbira_Anketa_OBL.pdf\" target=\"_blank\">OBL-izbira<\/a><\/b><\/td>\n<td>Izjava o izbiri predmetov v 2. letniku &#8211; Obl. materialov<\/td>\n<\/tr>\n<\/tbody>\n<\/table>\n<\/div><\/section><\/div>\n","protected":false},"excerpt":{"rendered":"","protected":false},"author":2,"featured_media":0,"parent":62,"menu_order":60,"comment_status":"open","ping_status":"open","template":"","meta":{"footnotes":""},"class_list":["post-191","page","type-page","status-publish","hentry"],"aioseo_notices":[],"jetpack_sharing_enabled":true,"jetpack_shortlink":"https:\/\/wp.me\/P6N9ot-35","jetpack-related-posts":[],"_links":{"self":[{"href":"https:\/\/www.vss-sezana.si\/index.php?rest_route=\/wp\/v2\/pages\/191","targetHints":{"allow":["GET"]}}],"collection":[{"href":"https:\/\/www.vss-sezana.si\/index.php?rest_route=\/wp\/v2\/pages"}],"about":[{"href":"https:\/\/www.vss-sezana.si\/index.php?rest_route=\/wp\/v2\/types\/page"}],"author":[{"embeddable":true,"href":"https:\/\/www.vss-sezana.si\/index.php?rest_route=\/wp\/v2\/users\/2"}],"replies":[{"embeddable":true,"href":"https:\/\/www.vss-sezana.si\/index.php?rest_route=%2Fwp%2Fv2%2Fcomments&post=191"}],"version-history":[{"count":11,"href":"https:\/\/www.vss-sezana.si\/index.php?rest_route=\/wp\/v2\/pages\/191\/revisions"}],"predecessor-version":[{"id":1456,"href":"https:\/\/www.vss-sezana.si\/index.php?rest_route=\/wp\/v2\/pages\/191\/revisions\/1456"}],"up":[{"embeddable":true,"href":"https:\/\/www.vss-sezana.si\/index.php?rest_route=\/wp\/v2\/pages\/62"}],"wp:attachment":[{"href":"https:\/\/www.vss-sezana.si\/index.php?rest_route=%2Fwp%2Fv2%2Fmedia&parent=191"}],"curies":[{"name":"wp","href":"https:\/\/api.w.org\/{rel}","templated":true}]}}