{"id":189,"date":"2013-08-30T10:18:31","date_gmt":"2013-08-30T08:18:31","guid":{"rendered":"http:\/\/1028.gvs.arnes.si\/blog\/?page_id=189"},"modified":"2026-04-01T11:44:34","modified_gmt":"2026-04-01T09:44:34","slug":"diplomski-izpit","status":"publish","type":"page","link":"https:\/\/www.vss-sezana.si\/?page_id=189","title":{"rendered":"Diplomski izpit"},"content":{"rendered":"<div class=\"flex_column av_one_third  flex_column_div first  avia-builder-el-0  el_before_av_two_third  avia-builder-el-first  \" ><section class=\"av_textblock_section \"  itemscope=\"itemscope\" itemtype=\"https:\/\/schema.org\/CreativeWork\" ><div class='avia_textblock  '   itemprop=\"text\" ><h2><strong>OBRAZCI IN NAVODILA<\/strong><\/h2>\n<ul>\n<li><a href=\"https:\/\/www.vss-sezana.si\/wp-content\/uploads\/2025\/12\/Pravilnik-o-diplomiranju_PRENOVLJEN_2025_2DEL-1.docx\" target=\"_blank\" rel=\"noopener\">Pravilnik o diplomiranju<\/a><\/li>\n<li><a href=\"https:\/\/www.vss-sezana.si\/wp-content\/uploads\/2026\/04\/Navodila-za-pisni-del-diplome-2026.pdf\" target=\"_blank\" rel=\"noopener\">Navodila za izdelavo teoreti\u010dnega dela diplomskega dela oz. teoreti\u010dnega diplomskega dela<\/a><\/li>\n<li><a href=\"https:\/\/vss-sezana.si\/wp-content\/uploads\/2013\/09\/PREDLOGA-ZA-DIPLOMO_a.doc\" target=\"_blank\" rel=\"noopener\">Ra\u010dunalni\u0161ka predloga<\/a>\u00a0&#8211; vsebuje bistvene sestavne dele diplome in ustreza zahtevam glede oblike in sloga<\/li>\n<li>Opredelitev mo\u017enih oblik diplomskega dela in obveznih prilog za program\u00a0<a href=\"https:\/\/vss-sezana.si\/wp-content\/uploads\/2013\/09\/Dipl-opredelitve_OBL.pdf\" target=\"_blank\" rel=\"noopener\">Oblikovanje materialov<\/a><\/li>\n<li>Opredelitev mo\u017enih oblik diplomskega dela in obveznih prilog za program\u00a0<a href=\"https:\/\/vss-sezana.si\/wp-content\/uploads\/2013\/09\/Dipl-opredelitve_FOT.pdf\" target=\"_blank\" rel=\"noopener\">Fotografija<\/a>.<\/li>\n<li>Seznami tem, ki jih predlagajo predavatelji za program\u00a0<a href=\"https:\/\/www.vss-sezana.si\/wp-content\/uploads\/2026\/02\/Razpisane-teme-diplomskih-del-2026-OBL.pdf\" target=\"_blank\" rel=\"noopener\">Oblikovanje materialov<\/a>\u00a0in\u00a0<a href=\"https:\/\/www.vss-sezana.si\/wp-content\/uploads\/2026\/02\/Razpisane-teme-diplomskih-del-2026-FOT.pdf\">Fotografija<\/a><\/li>\n<li>Obrazec\u00a0<a href=\"https:\/\/www.vss-sezana.si\/wp-content\/uploads\/2020\/12\/Dipl-1.doc\">Dipl-1<\/a>\u00a0&#8211; Prijava teme diplomskega dela<\/li>\n<li>Obrazec <a href=\"https:\/\/vss-sezana.si\/wp-content\/uploads\/2013\/09\/Dipl-2.doc\" target=\"_blank\" rel=\"noopener\">Dipl-2<\/a>\u00a0&#8211; Dispozicija diplomskega dela<\/li>\n<li>Obrazec\u00a0<a href=\"https:\/\/vss-sezana.si\/wp-content\/uploads\/2013\/09\/Dipl-3.doc\" target=\"_blank\" rel=\"noopener\">Dipl-3<\/a>\u00a0&#8211; Odstop od teme diplomskega dela<\/li>\n<li>Obrazec\u00a0<a href=\"https:\/\/vss-sezana.si\/wp-content\/uploads\/2013\/09\/Dipl-4.doc\">Dipl-4<\/a> &#8211; Poro\u010dilo mentorja<\/li>\n<li>Obrazec\u00a0<a href=\"https:\/\/www.vss-sezana.si\/wp-content\/uploads\/2017\/11\/Dipl-5_nova-1.doc\">Dipl-5<\/a>\u00a0&#8211; Pro\u0161nja za\u00a0podalj\u0161anje roka oddaje diplomskega dela<\/li>\n<li>Obrazec\u00a0<a href=\"https:\/\/vss-sezana.si\/wp-content\/uploads\/2013\/09\/Dipl-6.doc\" target=\"_blank\" rel=\"noopener\">Dipl-6<\/a>\u00a0&#8211; Izjava o avtorstvu<\/li>\n<li>Obrazec <a href=\"https:\/\/vss-sezana.si\/wp-content\/uploads\/2013\/09\/Dipl-7.doc\" target=\"_blank\" rel=\"noopener\">Dipl-7<\/a>\u00a0&#8211; Izjava lektorja<\/li>\n<li>Obrazec <a href=\"https:\/\/vss-sezana.si\/wp-content\/uploads\/2013\/09\/Dipl-8.doc\">Dipl-8<\/a>\u00a0&#8211; izjava o tehni\u010dni ustreznosti diplomskega dela<\/li>\n<li>Obrazec\u00a0<a href=\"https:\/\/www.vss-sezana.si\/wp-content\/uploads\/2025\/12\/Dipl-9.doc\" target=\"_blank\" rel=\"noopener\">Dipl-9<\/a>\u00a0&#8211; Osnutek pogodbe o sodelovanju<\/li>\n<li>Obrazec\u00a0<a href=\"https:\/\/vss-sezana.si\/wp-content\/uploads\/2013\/09\/Dipl-13.doc\" target=\"_blank\" rel=\"noopener\">Dipl-13<\/a>\u00a0&#8211;\u00a0Mnenje somentorja<\/li>\n<\/ul>\n<\/div><\/section><\/div><div class=\"flex_column av_two_third  flex_column_div av-zero-column-padding   avia-builder-el-2  el_after_av_one_third  el_before_av_one_half  \" style='border-radius:0px; '><section class=\"av_textblock_section \"  itemscope=\"itemscope\" itemtype=\"https:\/\/schema.org\/CreativeWork\" ><div class='avia_textblock  '   itemprop=\"text\" ><h3>Tvoja Pot do Diplome (Navodila in Koraki)<\/h3>\n<p>Diplomski izpit je tvoj <em>veliki finale<\/em> \u2013 sestavljata ga diplomsko delo in njegov zagovor. Z delom doka\u017eite, da znate povezati teorijo in prakso ter uporabiti vsa znanja, pridobljena med \u0161tudijem. Podrobna in to\u010dna navodila so opredeljena v <a href=\"https:\/\/www.vss-sezana.si\/wp-content\/uploads\/2025\/12\/Pravilnik-o-diplomiranju_PRENOVLJEN_2025_2DEL-1.docx\">Pravilniku o diplomiranju<\/a> ter v <a href=\"https:\/\/www.vss-sezana.si\/wp-content\/uploads\/2026\/04\/Navodila-za-pisni-del-diplome-2026.pdf\">Navodilih za pisanje teoreti\u010dnega dela diplomskega dela.<\/a><\/p>\n<ol>\n<li><strong>Prijavite Temo (Dipl-1 in Dipl-2)<\/strong><\/li>\n<\/ol>\n<ul>\n<li><strong>Ideja in Mentor: <\/strong>Temo praviloma predlagajte sami, saj je to va\u0161a prilo\u017enost za samostojen projekt. Izberite mentorja (predavatelja VS\u0160) glede na predmetno podro\u010dje. Razmislite, da bi delo povezali s svojo prakso ali delom v podjetju. Kolikor ni idej, pa lahko izbirate med predlaganimi temami\u00a0<a href=\"https:\/\/www.vss-sezana.si\/wp-content\/uploads\/2026\/02\/Razpisane-teme-diplomskih-del-2026-OBL.pdf\">OBL ali <\/a><a href=\"https:\/\/www.vss-sezana.si\/wp-content\/uploads\/2026\/02\/Razpisane-teme-diplomskih-del-2026-FOT.pdf\">FOT<\/a>.<\/li>\n<li><strong>Oblika diplome<\/strong>: Izberite si eno mo\u017enih oblik diplomskega dela\u00a0<a href=\"https:\/\/vss-sezana.si\/wp-content\/uploads\/2013\/09\/Dipl-opredelitve_OBL.pdf\">OBL ali <\/a><a href=\"https:\/\/vss-sezana.si\/wp-content\/uploads\/2013\/09\/Dipl-opredelitve_FOT.pdf\">FOT<\/a>, bodite pozorni na obvezne priloge.<\/li>\n<li><strong>Kdaj Prijavite?<\/strong>\n<ul>\n<li><strong>Zgodnja prijava (pred prakso):<\/strong>Ko imate opravljene vse obveznosti 1. letnika in pridobljenih vsaj\u00a0<strong>22 KT<\/strong><\/li>\n<li><strong>Kasnej\u0161a prijava: <\/strong>Ko imate opravljene vse obveznosti 1. letnika in pridobljenih najmanj\u00a0<strong>40 KT<\/strong>\u00a0letnika, vklju\u010dno z opravljenim prakti\u010dnim izobra\u017eevanjem.<\/li>\n<\/ul>\n<\/li>\n<li><strong>Dokumentacija: <\/strong>Mentorju predlo\u017eite izpolnjen in podpisan obrazec\u00a0<a href=\"https:\/\/view.officeapps.live.com\/op\/view.aspx?src=https%3A%2F%2Fwww.vss-sezana.si%2Fwp-content%2Fuploads%2F2020%2F12%2FDipl-1.doc&amp;wdOrigin=BROWSELINK\"><strong>Dipl-1<\/strong><\/a>\u00a0in dispozicijo (<a href=\"https:\/\/view.officeapps.live.com\/op\/view.aspx?src=https%3A%2F%2Fvss-sezana.si%2Fwp-content%2Fuploads%2F2013%2F09%2FDipl-2.doc&amp;wdOrigin=BROWSELINK\"><strong>Dipl-2<\/strong><\/a>). Dispozicija naj bo natan\u010dna, obsega naj <strong>3.000 do 5.000 znakov<\/strong>\u00a0(brez presledkov) in vklju\u010duje naslov, cilje, metode in seznam literature.<\/li>\n<li><strong>Uradno Potrjevanje: <\/strong>Mentor in somentor s podpisom potrdita soglasje, nato pa vlogo vlo\u017eite v Referatu. \u0160tudijska komisija temo potrdi ali zavrne v\u00a0<strong>15 dneh<\/strong>\u00a0od obravnave na komisiji. Komisija se sestaja kot je dolo\u010deno v \u0160tudijskem koledarju.<\/li>\n<li><strong>Naro\u010dilo: <\/strong>\u010ce je delo naro\u010deno s strani podjetja, morate v Referat dostaviti podpisano pogodbo (<a href=\"https:\/\/view.officeapps.live.com\/op\/view.aspx?src=https%3A%2F%2Fvss-sezana.si%2Fwp-content%2Fuploads%2F2013%2F09%2FDipl-9.doc&amp;wdOrigin=BROWSELINK\"><strong>Dipl-9<\/strong><\/a>) v\u00a0<strong>30 dneh<\/strong>\u00a0po potrditvi teme.<\/li>\n<\/ul>\n<ol start=\"2\">\n<li><strong> Delo, Roki in Kontrola Kakovosti<\/strong><\/li>\n<\/ol>\n<ul>\n<li><strong>Pisanje: <\/strong>Da bo la\u017eje teklo uporabite\u00a0<a href=\"https:\/\/view.officeapps.live.com\/op\/view.aspx?src=https%3A%2F%2Fvss-sezana.si%2Fwp-content%2Fuploads%2F2013%2F09%2FPREDLOGA-ZA-DIPLOMO_a.doc&amp;wdOrigin=BROWSELINK\">Ra\u010dunalni\u0161ko predlogo<\/a><\/li>\n<li><strong>Mentorsko vodenje: <\/strong>Mentor vam svetuje s teoreti\u010dnimi, strokovnimi in metodolo\u0161kimi napotki. Uporabljajte elektronsko po\u0161to za dogovarjanje o konzultacijah.<\/li>\n<li><strong>Rok za oddajo: <\/strong>Kon\u010dano diplomsko delo morate oddati najkasneje v\u00a0<strong>enem letu<\/strong> od odobritve teme.<\/li>\n<li><strong>Spremembe Rokov: <\/strong>\u010ce ne boste mogli spo\u0161tovati roka, morate pisno zaprositi za podalj\u0161anje (<a href=\"https:\/\/view.officeapps.live.com\/op\/view.aspx?src=https%3A%2F%2Fwww.vss-sezana.si%2Fwp-content%2Fuploads%2F2017%2F11%2FDipl-5_nova-1.doc&amp;wdOrigin=BROWSELINK\"><strong>Dipl-5<\/strong><\/a>), o \u010demer odlo\u010da ravnatelj za najve\u010d\u00a0<strong>9 mesecev<\/strong>. To storitev en mesec pred iztekom roka za oddajo diplomske naloge.<\/li>\n<li><strong>Pregled in Lektoriranje: <\/strong>Ko delo dokon\u010date, poskrbite za\u00a0<strong>lektoriranje<\/strong>\u00a0in pravilno jezikovno, terminolo\u0161ko ter oblikovno ustreznost. \u010ce to ni izpolnjeno, ne morete pristopiti k zagovoru.<\/li>\n<li><strong>Komentarji: <\/strong>Delo izro\u010dite mentorju in somentorju. Somentor ima\u00a0<strong>15 dni<\/strong>\u00a0\u010dasa, da pisne pripombe posreduje mentorju. Mentor vam mora posredovati napotke za spremembe v\u00a0<strong>30 dneh<\/strong>\u00a0od prejema gradiva.<\/li>\n<\/ul>\n<ol start=\"3\">\n<li><strong> Tehni\u010dni Pregled in Kon\u010dna Oddaja<\/strong><\/li>\n<\/ol>\n<p>To je klju\u010dni moment. Diplomsko delo lahko oddate \u0161ele, ko sta izpolnjena dva pogoja:<\/p>\n<ol>\n<li>Mentor v poro\u010dilu (<a href=\"https:\/\/view.officeapps.live.com\/op\/view.aspx?src=https%3A%2F%2Fvss-sezana.si%2Fwp-content%2Fuploads%2F2013%2F09%2FDipl-4.doc&amp;wdOrigin=BROWSELINK\"><strong>Dipl-4<\/strong><\/a>) potrdi, da lahko pristopite k zagovoru.<\/li>\n<li>Pridobite\u00a0<strong>pozitivno mnenje o tehni\u010dni ustreznosti<\/strong>(<a href=\"https:\/\/view.officeapps.live.com\/op\/view.aspx?src=https%3A%2F%2Fvss-sezana.si%2Fwp-content%2Fuploads%2F2013%2F09%2FDipl-8.doc&amp;wdOrigin=BROWSELINK\"><strong>Dipl-8<\/strong><\/a>).<\/li>\n<\/ol>\n<ul>\n<li><strong>Izvedba tehni\u010dnega pregleda: <\/strong>PDF datoteko, oddate v tehni\u010dni pregled knji\u017eni\u010darki na \u0160C Sre\u010dka Kosovela Se\u017eana Nataliji Mikuleti\u010d (05 73 11 286, <u><a href=\"mailto:natalija.mikuletic@sc-sezana.si\">natalija.mikuletic@sc-sezana.si<\/a><\/u> . V roku do 10<strong>\u00a0delovnih dni<\/strong>\u00a0boste prejeli izpolnjen obrazec (<a href=\"https:\/\/view.officeapps.live.com\/op\/view.aspx?src=https%3A%2F%2Fvss-sezana.si%2Fwp-content%2Fuploads%2F2013%2F09%2FDipl-8.doc&amp;wdOrigin=BROWSELINK\"><strong>Dipl-8<\/strong><\/a>).<\/li>\n<li><strong>Trda vezava: <\/strong>\u0160ele po potrditvi tehni\u010dne ustreznosti in po odpravi morebitnih pomanjkljivosti delo oddate v kon\u010dno,\u00a0<strong>trdo vezavo<\/strong> (bordo rde\u010de ali temno modre barve, odvisno od programa). Sledite to\u010dnim <a href=\"https:\/\/vss-sezana.si\/wp-content\/uploads\/2013\/09\/Navodila_za_pisni_del_diplome.pdf\">navodilom za izdelavo teoreti\u010dnega dela diplomskega dela<\/a>.<\/li>\n<li><strong>Finalna Oddaja (Prijava k Zagovoru): <\/strong>Diplomsko delo oddate\u00a0<strong>osebno<\/strong>\u00a0v Referatu. Oddaja se \u0161teje kot prijava k zagovoru. Pred oddajo Referat preveri, ali ste izpolnili vse \u0161tudijske in finan\u010dne obveznosti do \u0161ole \u2013 v nasprotnem primeru se oddaja ne sprejme.<\/li>\n<\/ul>\n<p><strong>Ob oddaji obvezno predlo\u017eite:<\/strong><\/p>\n<ul>\n<li>Izdelek (\u010de je predviden).<\/li>\n<li><strong>Dva trdo vezana <\/strong>izvoda,\u00a0<strong>en spiralno vezan<\/strong>\u00a0izvod (osebno) in\u00a0<strong>eno elektronsko PDF datoteko<\/strong>\u00a0pisnega dela (po mailu).<\/li>\n<li>Izjavo o avtorstvu (<a href=\"https:\/\/view.officeapps.live.com\/op\/view.aspx?src=https%3A%2F%2Fvss-sezana.si%2Fwp-content%2Fuploads%2F2013%2F09%2FDipl-6.doc&amp;wdOrigin=BROWSELINK\"><strong>Dipl-6<\/strong><\/a>).<\/li>\n<li>Izjavo lektorja (<a href=\"https:\/\/view.officeapps.live.com\/op\/view.aspx?src=https%3A%2F%2Fvss-sezana.si%2Fwp-content%2Fuploads%2F2013%2F09%2FDipl-7.doc&amp;wdOrigin=BROWSELINK\"><strong>Dipl-7<\/strong><\/a>).<\/li>\n<li>Izjavo o tehni\u010dni ustreznosti (<a href=\"https:\/\/view.officeapps.live.com\/op\/view.aspx?src=https%3A%2F%2Fvss-sezana.si%2Fwp-content%2Fuploads%2F2013%2F09%2FDipl-8.doc&amp;wdOrigin=BROWSELINK\"><strong>Dipl-8<\/strong><\/a>), kolikor \u0161e ni bilo dostavljeno referatu.<\/li>\n<\/ul>\n<ol start=\"4\">\n<li><strong> Zagovor in Ocenjevanje<\/strong><\/li>\n<\/ol>\n<ul>\n<li><strong>Termini: <\/strong>Zagovori potekajo praviloma zadnji delovni teden v mesecih<strong>\u00a0decembru, marcu, juniju in septembru<\/strong>. Referat vas o terminu obvesti pisno. Zagovor je javen in objavljen na spletni strani.<\/li>\n<li><strong>Komisija: <\/strong>Zagovarjate pred komisijo (predsednik in dva \u010dlana, od katerih je eden mentor).<\/li>\n<li><strong>Potek: <\/strong>Zagovor traja do\u00a0<strong>60 minut<\/strong>. Mentor poda mnenje , vi predstavite delo (pribli\u017eno 15 minut) , nato pa vam \u010dlani komisije zastavijo vpra\u0161anja, ki jih prejmete tudi v pisni obliki. Imate pravico do\u00a0<strong>10-minutne priprave<\/strong>\u00a0na odgovore.<\/li>\n<li><strong>Ocena: <\/strong>Kon\u010dna ocena je sestavljena iz 50 % ocene dela, 30 % ocene zagovora in 20 % povpre\u010dne ocene med \u0161tudijem. Nezadostna ocena katerega koli dela pomeni nezadostno kon\u010dno oceno.<\/li>\n<li><strong>Ponovitev: <\/strong>K zagovoru smete pristopiti najve\u010d\u00a0<strong>dvakrat<\/strong>\u00a0v \u010dasu \u0161tudija.<\/li>\n<\/ul>\n<p>S koncentracijo in natan\u010dnostjo boste ta postopek uspe\u0161no zaklju\u010dili.<\/p>\n<p><strong>Verjamemo v va\u0161o strokovnost!<\/strong><\/p>\n<\/div><\/section><\/div><div class=\"flex_column av_one_half  flex_column_div av-zero-column-padding first  avia-builder-el-4  el_after_av_two_third  el_before_av_two_fifth  column-top-margin\" style='border-radius:0px; '><\/div><\/p>\n<div class=\"flex_column av_two_fifth  flex_column_div av-zero-column-padding   avia-builder-el-5  el_after_av_one_half  el_before_av_one_full  column-top-margin\" style='border-radius:0px; '><\/div>\n<div class=\"flex_column av_one_full  flex_column_div av-zero-column-padding first  avia-builder-el-6  el_after_av_two_fifth  el_before_av_one_half  \" style='border-radius:0px; '><\/div>\n<div class=\"flex_column av_one_half  flex_column_div av-zero-column-padding first  avia-builder-el-7  el_after_av_one_full  el_before_av_three_fifth  column-top-margin\" style='border-radius:0px; '><\/div>\n<div class=\"flex_column av_three_fifth  flex_column_div av-zero-column-padding first  avia-builder-el-8  el_after_av_one_half  el_before_av_two_fifth  column-top-margin\" style='border-radius:0px; '><\/div>\n<div class=\"flex_column av_two_fifth  flex_column_div av-zero-column-padding   avia-builder-el-9  el_after_av_three_fifth  el_before_av_one_fifth  column-top-margin\" style='border-radius:0px; '><\/div>\n<div class=\"flex_column av_one_fifth  flex_column_div av-zero-column-padding first  avia-builder-el-10  el_after_av_two_fifth  el_before_av_three_fourth  \" style='border-radius:0px; '><\/div>\n<div class=\"flex_column av_three_fourth  flex_column_div av-zero-column-padding   avia-builder-el-11  el_after_av_one_fifth  el_before_av_one_fourth  \" style='border-radius:0px; '><\/div>\n<div class=\"flex_column av_one_fourth  flex_column_div av-zero-column-padding first  avia-builder-el-12  el_after_av_three_fourth  el_before_av_two_third  column-top-margin\" style='border-radius:0px; '><\/div>\n<div class=\"flex_column av_two_third  flex_column_div av-zero-column-padding   avia-builder-el-13  el_after_av_one_fourth  el_before_av_one_third  column-top-margin\" style='border-radius:0px; '><\/div>\n<div class=\"flex_column av_one_third  flex_column_div av-zero-column-padding first  avia-builder-el-14  el_after_av_two_third  el_before_av_one_half  column-top-margin\" style='border-radius:0px; '><\/div>\n<div class=\"flex_column av_one_half  flex_column_div av-zero-column-padding   avia-builder-el-15  el_after_av_one_third  el_before_av_one_full  column-top-margin\" style='border-radius:0px; '><\/div>\n<div class=\"flex_column av_one_full  flex_column_div av-zero-column-padding first  avia-builder-el-16  el_after_av_one_half  el_before_av_one_half  column-top-margin\" style='border-radius:0px; '><\/div>\n<div class=\"flex_column av_one_half  flex_column_div av-zero-column-padding first  avia-builder-el-17  el_after_av_one_full  el_before_av_three_fourth  column-top-margin\" style='border-radius:0px; '><\/div>\n<div class=\"flex_column av_three_fourth  flex_column_div av-zero-column-padding first  avia-builder-el-18  el_after_av_one_half  el_before_av_one_half  column-top-margin\" style='border-radius:0px; '><\/div>\n<div class=\"flex_column av_one_half  flex_column_div av-zero-column-padding first  avia-builder-el-19  el_after_av_three_fourth  el_before_av_one_half  column-top-margin\" style='border-radius:0px; '><\/div>\n<div class=\"flex_column av_one_half  flex_column_div av-zero-column-padding   avia-builder-el-20  el_after_av_one_half  avia-builder-el-last  column-top-margin\" style='border-radius:0px; '><\/div>\n","protected":false},"excerpt":{"rendered":"","protected":false},"author":2,"featured_media":0,"parent":62,"menu_order":40,"comment_status":"open","ping_status":"open","template":"","meta":{"footnotes":""},"class_list":["post-189","page","type-page","status-publish","hentry"],"aioseo_notices":[],"jetpack_sharing_enabled":true,"jetpack_shortlink":"https:\/\/wp.me\/P6N9ot-33","jetpack-related-posts":[],"_links":{"self":[{"href":"https:\/\/www.vss-sezana.si\/index.php?rest_route=\/wp\/v2\/pages\/189","targetHints":{"allow":["GET"]}}],"collection":[{"href":"https:\/\/www.vss-sezana.si\/index.php?rest_route=\/wp\/v2\/pages"}],"about":[{"href":"https:\/\/www.vss-sezana.si\/index.php?rest_route=\/wp\/v2\/types\/page"}],"author":[{"embeddable":true,"href":"https:\/\/www.vss-sezana.si\/index.php?rest_route=\/wp\/v2\/users\/2"}],"replies":[{"embeddable":true,"href":"https:\/\/www.vss-sezana.si\/index.php?rest_route=%2Fwp%2Fv2%2Fcomments&post=189"}],"version-history":[{"count":51,"href":"https:\/\/www.vss-sezana.si\/index.php?rest_route=\/wp\/v2\/pages\/189\/revisions"}],"predecessor-version":[{"id":11281,"href":"https:\/\/www.vss-sezana.si\/index.php?rest_route=\/wp\/v2\/pages\/189\/revisions\/11281"}],"up":[{"embeddable":true,"href":"https:\/\/www.vss-sezana.si\/index.php?rest_route=\/wp\/v2\/pages\/62"}],"wp:attachment":[{"href":"https:\/\/www.vss-sezana.si\/index.php?rest_route=%2Fwp%2Fv2%2Fmedia&parent=189"}],"curies":[{"name":"wp","href":"https:\/\/api.w.org\/{rel}","templated":true}]}}