{"id":187,"date":"2013-08-30T10:17:42","date_gmt":"2013-08-30T08:17:42","guid":{"rendered":"http:\/\/1028.gvs.arnes.si\/blog\/?page_id=187"},"modified":"2025-12-30T14:35:51","modified_gmt":"2025-12-30T13:35:51","slug":"vpis-v-visji-ali-isti-letnik","status":"publish","type":"page","link":"https:\/\/www.vss-sezana.si\/?page_id=187","title":{"rendered":"Vpis v vi\u0161ji ali isti letnik"},"content":{"rendered":"<div class=\"flex_column av_one_third  flex_column_div first  avia-builder-el-0  el_before_av_two_third  avia-builder-el-first  \" ><p><div class='avia-image-container  av-styling-    avia-builder-el-1  el_before_av_image  avia-builder-el-first  avia-align-center '  itemprop=\"image\" itemscope=\"itemscope\" itemtype=\"https:\/\/schema.org\/ImageObject\"  ><div class='avia-image-container-inner'><div class='avia-image-overlay-wrap'><img data-recalc-dims=\"1\" class='avia_image' src=\"https:\/\/i0.wp.com\/vss-sezana.si\/wp-content\/uploads\/2013\/08\/Matej_Zupec_Kamen2.jpg?w=1500&#038;ssl=1\" alt='' title='Matej \u017dupec'   itemprop=\"thumbnailUrl\"  \/><\/div><\/div><\/div><br \/>\n<div class='avia-image-container  av-styling-    avia-builder-el-2  el_after_av_image  avia-builder-el-last  avia-align-center '  itemprop=\"image\" itemscope=\"itemscope\" itemtype=\"https:\/\/schema.org\/ImageObject\"  ><div class='avia-image-container-inner'><div class='avia-image-overlay-wrap'><img data-recalc-dims=\"1\" class='avia_image' src=\"https:\/\/i0.wp.com\/vss-sezana.si\/wp-content\/uploads\/2013\/08\/Matej_Zupec_Kamen1.jpg?w=1500&#038;ssl=1\" alt='' title='Matej \u017dupec'   itemprop=\"thumbnailUrl\"  \/><\/div><\/div><\/div><\/p><\/div>\n<div class=\"flex_column av_two_third  flex_column_div   avia-builder-el-3  el_after_av_one_third  avia-builder-el-last  \" ><section class=\"av_textblock_section \"  itemscope=\"itemscope\" itemtype=\"https:\/\/schema.org\/CreativeWork\" ><div class='avia_textblock  '   itemprop=\"text\" ><p><strong><span style=\"text-decoration: underline;\">Pravice in ugodnosti iz statusa lahko \u0161tudent v vi\u0161jem \u0161olstvu uveljavlja najve\u010d tri leta<\/span>. To\u00a0pomeni, da lahko poleg rednega vpisa v 1. in 2. letnik \u0161tudent enkrat ponavlja letnik <span style=\"text-decoration: underline;\">ali<\/span> enkrat zamenja \u0161tudijski program oziroma se prepi\u0161e na drugo vi\u0161jo strokovno \u0161olo.<\/strong><\/p>\n<h2><strong>VPIS V VI\u0160JI LETNIK<\/strong><\/h2>\n<p style=\"text-align: justify;\">V vi\u0161ji letnik lahko\u00a0v okviru rednega \u0161tudija\u00a0napreduje, kdor je uspe\u0161no opravil obveznosti iz modulov, predmetov in prakti\u010dnega izobra\u017eevanja 1. letnika v obsegu najmanj 45 KT. Pri tem morajo biti v celoti opravljene obveznosti iz vaj in prakti\u010dnega izobra\u017eevanja.<\/p>\n<p style=\"text-align: justify;\">Izredni \u0161tudent\u00a0se vpi\u0161e vsako \u0161tudijsko leto, letnik pa se mu prizna, ko ima opravljene vse zahtevane obveznosti programa za posamezen letnik.<\/p>\n<p>Ob vpisu je potrebno predlo\u017eiti:<\/p>\n<ul>\n<li>izpolnjeno vpisnico za vpis v vi\u0161ji letnik\/cikel (obrazec\u00a0<a href=\"https:\/\/vss-sezana.si\/wp-content\/uploads\/2013\/09\/Vps-2_VPISNICA-2letnik.pdf\" target=\"_blank\" rel=\"noopener\">Vps-2<\/a>; natisnite obojestransko),<\/li>\n<li>potrdilo o pla\u010dilu vpisnine (<a href=\"https:\/\/vss-sezana.si\/wp-content\/uploads\/2013\/09\/Placevanje_obveznosti.pdf\">Pla\u010devanje obveznosti<\/a>),<\/li>\n<li>potrdilo o pla\u010dilu \u0161olnine ali potrdilo o pla\u010dilu akontacije \u0161olnine in potrjeno izjavo podjetja\/zavoda o pla\u010dilu \u0161olnine (izredni \u0161tudentje; obrazec\u00a0<a href=\"https:\/\/vss-sezana.si\/wp-content\/uploads\/2013\/09\/izjava-o-placilu-solnine-nova.pdf\" target=\"_blank\" rel=\"noopener\">Izjava podjetja\/zavoda<\/a>).<\/li>\n<\/ul>\n<p>Termin vpisa\u00a0in roki za oddajo pro\u0161enj za pogojni ali ponovni vpis v vi\u0161ji letnik\u00a0so za\u00a0posamezno \u0161tudijsko leto\u00a0dolo\u010deni s \u0161tudijskim koledarjem.<\/p>\n<p>Natan\u010dnej\u0161a navodila v zvezi z vpisom objavlja referat v okviru novic.<\/p>\n<h2><\/h2>\n<h2><strong>PONOVNI VPIS V ISTI LETNIK<\/strong><\/h2>\n<p style=\"text-align: justify;\">Za ponovni vpis v isti letnik je potrebno opraviti \u0161tudijske obveznosti in prakti\u010dno izobra\u017eevanje v obsegu najmanj 20 KT. Obveznosti iz prakti\u010dnega izobra\u017eevanja morajo biti opravljene v celoti. Ponavljanje odobri \u0161tudijska komisija na podlagi pisne vloge \u0161tudenta\/ke. Vloga se odda na obrazcu\u00a0<a href=\"https:\/\/vss-sezana.si\/wp-content\/uploads\/2013\/09\/PonV-vloga_Vloga-PONOVNI-VPIS.pdf\" target=\"_blank\" rel=\"noopener\">Pon-vloga<\/a>, do roka, predvidenega s \u0161tudijskim koledarjem.<br \/>\n\u0160tudent se v \u010dasu \u0161tudija lahko enkrat ponovno vpi\u0161e v isti letnik.<\/p>\n<h2><\/h2>\n<h2><strong>EVIDEN\u010cNI VPIS<\/strong><\/h2>\n<p style=\"text-align: justify;\">Z eviden\u010dnim vpisom se \u0161tudentu brez statusa\u00a0omogo\u010di opravljanje \u0161tudijskih obveznosti.\u00a0Opravljanje izpitov in drugih manjkajo\u010dih obveznosti\u00a0 je potrebno pla\u010dati po veljavnem ceniku.<br \/>\nEviden\u010dni vpis je mogo\u010d do spremembe izbranega programa, kadarkoli v \u0161tudijskem letu, velja pa do konca teko\u010dega \u0161tudijskega leta. \u0160tudent ob vpisu predlo\u017ei izpolnjen obrazec\u00a0<a href=\"https:\/\/vss-sezana.si\/wp-content\/uploads\/2013\/09\/Vps-EV.pdf\" target=\"_blank\" rel=\"noopener\">Vps-EV<\/a>\u00a0in potrdilo o pla\u010dilu vpisnine.<\/p>\n<p style=\"text-align: justify;\">\u0160tudent rednega \u0161tudija\u00a0se lahko vpi\u0161e eviden\u010dno,\u00a0\u010de ne izpolni pogojev za\u00a0 vklju\u010ditev v \u0161tudijski proces, ali je \u017ee bil trikrat vpisan v izbran vi\u0161je\u0161olski program. Eviden\u010dno se lahko vpi\u0161e tisti\u00a0\u0161tudent izrednega \u0161tudija, ki je \u017ee bil dvakrat (vpis v letnike) oz. trikrat (vpis v cikle) vpisan v izbran vi\u0161je\u0161olski program.<br \/>\n\u0160tudent z eviden\u010dnim vpisom ne pridobi statusa!<\/p>\n<\/div><\/section><\/div>\n","protected":false},"excerpt":{"rendered":"","protected":false},"author":2,"featured_media":0,"parent":62,"menu_order":30,"comment_status":"open","ping_status":"open","template":"","meta":{"footnotes":""},"class_list":["post-187","page","type-page","status-publish","hentry"],"aioseo_notices":[],"jetpack_sharing_enabled":true,"jetpack_shortlink":"https:\/\/wp.me\/P6N9ot-31","jetpack-related-posts":[],"_links":{"self":[{"href":"https:\/\/www.vss-sezana.si\/index.php?rest_route=\/wp\/v2\/pages\/187","targetHints":{"allow":["GET"]}}],"collection":[{"href":"https:\/\/www.vss-sezana.si\/index.php?rest_route=\/wp\/v2\/pages"}],"about":[{"href":"https:\/\/www.vss-sezana.si\/index.php?rest_route=\/wp\/v2\/types\/page"}],"author":[{"embeddable":true,"href":"https:\/\/www.vss-sezana.si\/index.php?rest_route=\/wp\/v2\/users\/2"}],"replies":[{"embeddable":true,"href":"https:\/\/www.vss-sezana.si\/index.php?rest_route=%2Fwp%2Fv2%2Fcomments&post=187"}],"version-history":[{"count":17,"href":"https:\/\/www.vss-sezana.si\/index.php?rest_route=\/wp\/v2\/pages\/187\/revisions"}],"predecessor-version":[{"id":11199,"href":"https:\/\/www.vss-sezana.si\/index.php?rest_route=\/wp\/v2\/pages\/187\/revisions\/11199"}],"up":[{"embeddable":true,"href":"https:\/\/www.vss-sezana.si\/index.php?rest_route=\/wp\/v2\/pages\/62"}],"wp:attachment":[{"href":"https:\/\/www.vss-sezana.si\/index.php?rest_route=%2Fwp%2Fv2%2Fmedia&parent=187"}],"curies":[{"name":"wp","href":"https:\/\/api.w.org\/{rel}","templated":true}]}}