{"id":185,"date":"2013-08-30T10:17:09","date_gmt":"2013-08-30T08:17:09","guid":{"rendered":"http:\/\/1028.gvs.arnes.si\/blog\/?page_id=185"},"modified":"2014-01-22T16:07:12","modified_gmt":"2014-01-22T15:07:12","slug":"priznavanje-znanja-in-prakse","status":"publish","type":"page","link":"https:\/\/www.vss-sezana.si\/?page_id=185","title":{"rendered":"Priznavanje znanja in prakse"},"content":{"rendered":"<div class=\"flex_column av_one_third  flex_column_div first  avia-builder-el-0  el_before_av_two_third  avia-builder-el-first  \" ><div class='avia-image-container  av-styling-    avia-builder-el-1  avia-builder-el-no-sibling  avia-align-center '  itemprop=\"image\" itemscope=\"itemscope\" itemtype=\"https:\/\/schema.org\/ImageObject\"  ><div class='avia-image-container-inner'><div class='avia-image-overlay-wrap'><img data-recalc-dims=\"1\" class='avia_image' src=\"https:\/\/i0.wp.com\/vss-sezana.si\/wp-content\/uploads\/2013\/08\/Martin-Peca-Studio2.jpg?w=1500&#038;ssl=1\" alt='Martin Peca' title='Martin Peca Studio2'   itemprop=\"thumbnailUrl\"  \/><\/div><\/div><\/div><\/div>\n<div class=\"flex_column av_two_third  flex_column_div   avia-builder-el-2  el_after_av_one_third  avia-builder-el-last  \" ><section class=\"av_textblock_section \"  itemscope=\"itemscope\" itemtype=\"https:\/\/schema.org\/CreativeWork\" ><div class='avia_textblock  '   itemprop=\"text\" ><h2><strong>NAVODILA IN MERILA ZA PRIZNAVANJE PREDHODNO PRIDOBLJENEGA ZNANJA<\/strong><\/h2>\n<p style=\"text-align: justify;\">Priznavanje predhodno pridobljenega znanja (tudi prakti\u010dnega) ureja <a href=\"http:\/\/www.uradni-list.si\/1\/objava.jsp?urlid=201020&amp;stevilka=877\">Pravilnik\u00a0o priznavanju predhodno pridobljenega znanja v vi\u0161jem strokovnem izobra\u017eevanju<\/a>, podrobneje pa interni dokument z naslovom\u00a0<a href=\"https:\/\/vss-sezana.si\/wp-content\/uploads\/2013\/09\/merila_za_priznavanje.pdf\" target=\"_blank\">Navodila in merila za priznavanje predhodno pridobljenega znanja<\/a>.<\/p>\n<p>V pomo\u010d\u00a0zaposlenim \u0161tudentom in \u0161tudentom, ki \u017ee imajo delovne izku\u0161nje v stroki, smo oblikovali dodatna\u00a0<a href=\"https:\/\/vss-sezana.si\/wp-content\/uploads\/2013\/09\/PRI_navodila_izredni.pdf\" target=\"_blank\">navodila za opravljanje ali priznavanje prakti\u010dnega izobra\u017eevanja<\/a>.<\/p>\n<p style=\"text-align: justify;\">Za priznanje predmetov prakti\u010dnega izobra\u017eevanja je bistvenega pomena, da se delovne naloge kandidata ujemajo s cilji programa:<\/p>\n<ul>\n<li style=\"text-align: justify;\">Cilji predmetov prakti\u010dnega izobra\u017eevanja 1. letnika programa Fotografija:\u00a0<a href=\"https:\/\/vss-sezana.si\/wp-content\/uploads\/2013\/09\/PRI-cilji1-FOT.pdf\" target=\"_blank\">PRI-cilji1-FOT<\/a><\/li>\n<li style=\"text-align: justify;\">Cilji predmetov prakti\u010dnega izobra\u017eevanja 2. letnika programa Fotografija:\u00a0<a href=\"https:\/\/vss-sezana.si\/wp-content\/uploads\/2013\/09\/PRI-cilji2-FOT-A-K.pdf\" target=\"_blank\">PRI-cilji2-FOT_A-K<\/a>\u00a0(Ateljejska fotografija in\u00a0Kreativna fotografija),\u00a0<a href=\"https:\/\/vss-sezana.si\/wp-content\/uploads\/2013\/09\/PRI-cilji2-FOT-A-R.pdf\" target=\"_blank\">PRI-cilji2-FOT_A-R<\/a>\u00a0(Ateljejska fotografija in Reporta\u017ena fotografija),\u00a0<a href=\"https:\/\/vss-sezana.si\/wp-content\/uploads\/2013\/09\/PRI-cilji2-FOT-F-TV.pdf\" target=\"_blank\">PRI-cilji2-FOT_F-TV\u00a0<\/a>(Temelji filmskega in TV snemanja in\u00a0Filmska in televizijska\u00a0fotografija)<\/li>\n<li style=\"text-align: justify;\">Cilji predmetov prakti\u010dnega izobra\u017eevanja 1. letnika programa Oblikovanje materialov:\u00a0<a href=\"https:\/\/vss-sezana.si\/wp-content\/uploads\/2013\/09\/PRI-cilji1-OBL-kamen.pdf\" target=\"_blank\">PRI-cilji1-OBL-kamen<\/a><\/li>\n<li style=\"text-align: justify;\">Cilji predmetov prakti\u010dnega izobra\u017eevanja 2. letnika programa Oblikovanje materialov:\u00a0<a href=\"https:\/\/vss-sezana.si\/wp-content\/uploads\/2013\/09\/PRI-cilji2-OBL-kamen.pdf\" target=\"_blank\">PRI-cilji2-OBL-kamen<\/a><\/li>\n<\/ul>\n<p style=\"text-align: justify;\">Postopki priznavanja predhodno pridobljenega znanja se opravljajo 2-krat letno. Vloge se oddajajo v dveh rokih, med 10. in 20. oktobrom ter med 1. in 10. marcem. Vloge na ustreznih obrazcih\u00a0se skupaj s prilogami oddajo v referatu Vi\u0161je strokovne \u0161ole, v \u010dasu uradnih ur, ali priporo\u010deno po po\u0161ti. V primeru, da zadnji dan roka nedelja, se kot skrajni rok za oddajo vloge smatra prvi naslednji delovni dan.<\/p>\n<p style=\"text-align: justify;\">Vloge \u2013 obrazci (obvezno tiskajte obojestransko):<\/p>\n<ul>\n<li style=\"text-align: justify;\">Priznavanje predhodno pridobljenega znanja (izpitov):\u00a0<a href=\"https:\/\/vss-sezana.si\/wp-content\/uploads\/2013\/09\/Prz-PPZ-vloga.pdf\" target=\"_blank\">Prz-PPZ-vloga<\/a><\/li>\n<li style=\"text-align: justify;\">Priznavanje prakti\u010dnega izobra\u017eevanja:\u00a0<a href=\"https:\/\/vss-sezana.si\/wp-content\/uploads\/2013\/09\/Prz-PRI-vloga1.pdf\" target=\"_blank\">Prz-PRI-vloga<\/a><\/li>\n<\/ul>\n<\/div><\/section><\/div>\n","protected":false},"excerpt":{"rendered":"","protected":false},"author":2,"featured_media":0,"parent":62,"menu_order":20,"comment_status":"open","ping_status":"open","template":"","meta":{"footnotes":""},"class_list":["post-185","page","type-page","status-publish","hentry"],"aioseo_notices":[],"jetpack_sharing_enabled":true,"jetpack_shortlink":"https:\/\/wp.me\/P6N9ot-2Z","jetpack-related-posts":[],"_links":{"self":[{"href":"https:\/\/www.vss-sezana.si\/index.php?rest_route=\/wp\/v2\/pages\/185","targetHints":{"allow":["GET"]}}],"collection":[{"href":"https:\/\/www.vss-sezana.si\/index.php?rest_route=\/wp\/v2\/pages"}],"about":[{"href":"https:\/\/www.vss-sezana.si\/index.php?rest_route=\/wp\/v2\/types\/page"}],"author":[{"embeddable":true,"href":"https:\/\/www.vss-sezana.si\/index.php?rest_route=\/wp\/v2\/users\/2"}],"replies":[{"embeddable":true,"href":"https:\/\/www.vss-sezana.si\/index.php?rest_route=%2Fwp%2Fv2%2Fcomments&post=185"}],"version-history":[{"count":15,"href":"https:\/\/www.vss-sezana.si\/index.php?rest_route=\/wp\/v2\/pages\/185\/revisions"}],"predecessor-version":[{"id":2713,"href":"https:\/\/www.vss-sezana.si\/index.php?rest_route=\/wp\/v2\/pages\/185\/revisions\/2713"}],"up":[{"embeddable":true,"href":"https:\/\/www.vss-sezana.si\/index.php?rest_route=\/wp\/v2\/pages\/62"}],"wp:attachment":[{"href":"https:\/\/www.vss-sezana.si\/index.php?rest_route=%2Fwp%2Fv2%2Fmedia&parent=185"}],"curies":[{"name":"wp","href":"https:\/\/api.w.org\/{rel}","templated":true}]}}