{"id":183,"date":"2013-08-30T10:21:12","date_gmt":"2013-08-30T08:21:12","guid":{"rendered":"http:\/\/1028.gvs.arnes.si\/blog\/?page_id=183"},"modified":"2025-12-30T14:32:23","modified_gmt":"2025-12-30T13:32:23","slug":"pojasnila-navodila-in-cenik","status":"publish","type":"page","link":"https:\/\/www.vss-sezana.si\/?page_id=183","title":{"rendered":"Zakonodaja, navodila in cenik"},"content":{"rendered":"<div class=\"flex_column av_one_third  flex_column_div first  avia-builder-el-0  el_before_av_two_third  avia-builder-el-first  \" ><section class=\"av_textblock_section \"  itemscope=\"itemscope\" itemtype=\"https:\/\/schema.org\/CreativeWork\" ><div class='avia_textblock  '   itemprop=\"text\" ><h2>NAVODILA ZA \u0160TUDENTE<\/h2>\n<ul>\n<li><a href=\"https:\/\/www.vss-sezana.si\/wp-content\/uploads\/2025\/12\/POJASNILA-K-IZPITNIM-PRAVILOM.pdf\">Pojasnila k prijavi na izpit in odjavi iz izpita<\/a><\/li>\n<li><a href=\"https:\/\/www.vss-sezana.si\/wp-content\/uploads\/2025\/12\/Pojasnila-k-placavanju_VSS.pdf\">Pla\u010devanje obveznosti \u0161tudentov<\/a><\/li>\n<li><a href=\"https:\/\/vss-sezana.si\/wp-content\/uploads\/2013\/09\/Uporaba_prostorov_za_sam_delo.pdf\" target=\"_blank\" rel=\"noopener\">Uporaba prostorov VS\u0160 za samostojno delo \u0161tudentov<\/a>\u00a0in\u00a0<a href=\"https:\/\/vss-sezana.si\/wp-content\/uploads\/2013\/09\/rabastudia2013.pdf\" target=\"_blank\" rel=\"noopener\">Samostojno delo \u0161tudentov v fotografskem studiu<\/a><\/li>\n<li><a href=\"https:\/\/vss-sezana.si\/wp-content\/uploads\/2013\/09\/navajanje-literature-ISO-690.pdf\" target=\"_blank\" rel=\"noopener\">Navajanje literature po standardu ISO 690<\/a><\/li>\n<li><a href=\"https:\/\/vss-sezana.si\/wp-content\/uploads\/2013\/09\/Navodila_semninarska.pdf\" target=\"_blank\" rel=\"noopener\">Navodila za izdelavo seminarske naloge oz. teoreti\u010dnega dela projektne naloge in pravila ozna\u010devanja izdelkov<\/a><\/li>\n<li><a href=\"https:\/\/vss-sezana.si\/wp-content\/uploads\/2013\/09\/PRAVILA_PRAKSA.pdf\" target=\"_blank\" rel=\"noopener\">Prakti\u010dno izobra\u017eevanje &#8211; navodila za \u0161tudente<\/a><\/li>\n<\/ul>\n<\/div><\/section><\/div>\n<div class=\"flex_column av_two_third  flex_column_div av-zero-column-padding   avia-builder-el-2  el_after_av_one_third  avia-builder-el-last  \" style='border-radius:0px; '><section class=\"av_textblock_section \"  itemscope=\"itemscope\" itemtype=\"https:\/\/schema.org\/CreativeWork\" ><div class='avia_textblock  '   itemprop=\"text\" ><h1>ZAKONODAJA IN DOKUMENTI<\/h1>\n<p>Zakonske osnove, ki urejajo podro\u010dje vi\u0161jega strokovnega izobra\u017eevanja, prestavljajo <a href=\"https:\/\/www.gov.si\/drzavni-organi\/ministrstva\/ministrstvo-za-vzgojo-in-izobrazevanje\/zakonodaja\/\">temeljni predpisi o vi\u0161jem strokovnem izobra\u017eevanju<\/a> ter nanje vezani podzakonski predpisi.\u00a0Delovanje \u0161ole dodatno urejajo interni akti zavoda \u0160C Se\u017eana in interni akti Vi\u0161je strokovne \u0161ole.<\/p>\n<p>Vsi akti so dostopni v referatu, v \u010dasu uradnih ur. Akti, ki urejajo delovanje zavoda \u0160C Se\u017eana in Vi\u0161je strokovne \u0161ole kot organizacijske enote zavoda, so dostopni v tajni\u0161tvu \u0160C Se\u017eana, v delovnem \u010dasu poslovne sekretarke, po predhodni najavi.<\/p>\n<\/div><\/section><br \/>\n<section class=\"av_textblock_section \"  itemscope=\"itemscope\" itemtype=\"https:\/\/schema.org\/CreativeWork\" ><div class='avia_textblock  '   itemprop=\"text\" ><h2>INTERNI AKTI VS\u0160<\/h2>\n<ul>\n<li><a href=\"https:\/\/www.vss-sezana.si\/wp-content\/uploads\/2014\/02\/Ustanovitveni_akt_SC_Se\u017eana.pdf\" target=\"_blank\" rel=\"noopener\">Sklep o ustanovitvi javnega vzgojno-izobra\u017eevalnega zavoda \u00bb\u0160olski center Sre\u010dka Kosovela Se\u017eana\u00ab<\/a><\/li>\n<li><a href=\"https:\/\/www.vss-sezana.si\/wp-content\/uploads\/2025\/12\/2_RAZVOJNI-PROGRAM-VSS-za-obdobje-2024-2029.pdf\">Razvojni na\u010drt vi\u0161je strokovne \u0161ole za obdobje 2024-2029<\/a><\/li>\n<li><a href=\"https:\/\/www.vss-sezana.si\/wp-content\/uploads\/2025\/12\/LDN-VSS_2025-2026.pdf\">Letni delovni na\u010drt Vi\u0161je strokovne \u0161ole<\/a> (za posamezno \u0161tudijsko leto)<\/li>\n<li><a href=\"https:\/\/www.vss-sezana.si\/wp-content\/uploads\/2025\/02\/VSS-LETNO-POROCILO_23-24.pdf\">Poro\u010dilo o delu Vi\u0161je strokovne \u0161ole<\/a> (za posamezno \u0161tudijsko leto)<\/li>\n<li><a href=\"https:\/\/www.vss-sezana.si\/wp-content\/uploads\/2025\/02\/SAMOEVALVACIJSKO_POROCILO_2022-23_VSS.pdf\">Samoevalvacijsko poro\u010dilo<\/a> (za predhodno \u0161tudijsko leto)<\/li>\n<li><a href=\"https:\/\/www.vss-sezana.si\/wp-content\/uploads\/2014\/02\/Poslovnik_VS\u0160-2.pdf\" target=\"_blank\" rel=\"noopener\">Poslovnik Vi\u0161je strokovne \u0161ole<\/a><\/li>\n<li><a href=\"https:\/\/www.vss-sezana.si\/wp-content\/uploads\/2014\/02\/Poslovnik-\u0160tudijske-komisije.pdf\" target=\"_blank\" rel=\"noopener\">Poslovnik \u0160tudijske komisije Vi\u0161je strokovne \u0161ole \u0160C Se\u017eana<\/a><\/li>\n<li><a href=\"https:\/\/www.vss-sezana.si\/wp-content\/uploads\/2014\/02\/Poslovnik_komisije_za_kakovost.pdf\" target=\"_blank\" rel=\"noopener\">Poslovnik Komisije za spremljanje in zagotavljanje kakovosti Vi\u0161je strokovne \u0161ole \u0160C Se\u017eana<\/a><\/li>\n<li><a href=\"https:\/\/www.vss-sezana.si\/wp-content\/uploads\/2014\/03\/Poslovnik_strate\u0161kega_sveta.pdf\" target=\"_blank\" rel=\"noopener\">Poslovnik strate\u0161kega sveta<\/a><\/li>\n<li><a href=\"https:\/\/www.vss-sezana.si\/wp-content\/uploads\/2014\/02\/Poslovnik_aktiv-OBL.pdf\" target=\"_blank\" rel=\"noopener\">Poslovnik strokovnega aktiva programa Oblikovanje materialov<\/a> in <a href=\"https:\/\/www.vss-sezana.si\/wp-content\/uploads\/2014\/02\/Poslovnik_aktiv-FOT.pdf\" target=\"_blank\" rel=\"noopener\">Poslovnik strokovnega aktiva programa Fotografija<\/a><\/li>\n<li><a href=\"https:\/\/www.vss-sezana.si\/wp-content\/uploads\/2025\/12\/Pravilnik-o-diplomiranju_dopolnjen-2025-kopija.pdf\">Pravilnik o diplomiranju\u00a0<\/a><\/li>\n<li><a href=\"https:\/\/www.vss-sezana.si\/wp-content\/uploads\/2014\/02\/Pravilnik-VS\u0160-o-izrednem-\u0161tudiju-11.pdf\" target=\"_blank\" rel=\"noopener\">Pravilnik Vi\u0161je strokovne \u0161ole \u0160C Sre\u010dka Kosovela Se\u017eana o izvajanju izrednega \u0161tudija<\/a><\/li>\n<li><a href=\"https:\/\/www.vss-sezana.si\/wp-content\/uploads\/2014\/02\/Pravilnik-disc-odgovornost.pdf\" target=\"_blank\" rel=\"noopener\">Pravilnik o odgovornosti \u0161tudentov in disciplinskih ukrepih<\/a><\/li>\n<li><a href=\"https:\/\/www.vss-sezana.si\/wp-content\/uploads\/2014\/02\/Pravila-izpitnega-reda.pdf\" target=\"_blank\" rel=\"noopener\">Pravila izpitnega reda, ocenjevanja znanja, priznavanja kreditnih to\u010dk in napredovanja po programih na Vi\u0161ji strokovni \u0161oli \u0160C Se\u017eana<\/a><\/li>\n<li><a href=\"https:\/\/vss-sezana.si\/wp-content\/uploads\/2013\/09\/St_izdelki1.pdf\" target=\"_blank\" rel=\"noopener\">Pravila ravnanja z izdelki \u0161tudentov<\/a><\/li>\n<li><a href=\"https:\/\/www.vss-sezana.si\/wp-content\/uploads\/2014\/02\/Hi\u0161ni-red-Vi\u0161je-\u0161ole.pdf\" target=\"_blank\" rel=\"noopener\"><span style=\"line-height: 1.5em;\">Hi\u0161ni red\u00a0Vi\u0161je strokovne \u0161ole<\/span><\/a><\/li>\n<li><a href=\"https:\/\/www.vss-sezana.si\/wp-content\/uploads\/2014\/02\/merila-za-priznavanje.pdf\" target=\"_blank\" rel=\"noopener\">Navodila in merila za priznavanje predhodno pridobljenega znanja<\/a><\/li>\n<li><a href=\"https:\/\/vss-sezana.si\/wp-content\/uploads\/2013\/09\/Pravila_Marmor.pdf\" target=\"_blank\" rel=\"noopener\">Pravila obna\u0161anja\u00a0\u0161tudentov med izvajanjem \u0161tudijskega procesa v prostorih podjetja Marmor Se\u017eana d.d.<\/a><\/li>\n<li><a href=\"https:\/\/www.vss-sezana.si\/wp-content\/uploads\/2025\/12\/Cenik_VSS_2026.pdf\">Cenik vi\u0161je strokovne \u0161ole <\/a>(za posamezno \u0161tudijsko leto)<\/li>\n<\/ul>\n<\/div><\/section><\/p><\/div>\n","protected":false},"excerpt":{"rendered":"","protected":false},"author":2,"featured_media":0,"parent":62,"menu_order":50,"comment_status":"open","ping_status":"open","template":"","meta":{"footnotes":""},"class_list":["post-183","page","type-page","status-publish","hentry"],"aioseo_notices":[],"jetpack_sharing_enabled":true,"jetpack_shortlink":"https:\/\/wp.me\/P6N9ot-2X","jetpack-related-posts":[],"_links":{"self":[{"href":"https:\/\/www.vss-sezana.si\/index.php?rest_route=\/wp\/v2\/pages\/183","targetHints":{"allow":["GET"]}}],"collection":[{"href":"https:\/\/www.vss-sezana.si\/index.php?rest_route=\/wp\/v2\/pages"}],"about":[{"href":"https:\/\/www.vss-sezana.si\/index.php?rest_route=\/wp\/v2\/types\/page"}],"author":[{"embeddable":true,"href":"https:\/\/www.vss-sezana.si\/index.php?rest_route=\/wp\/v2\/users\/2"}],"replies":[{"embeddable":true,"href":"https:\/\/www.vss-sezana.si\/index.php?rest_route=%2Fwp%2Fv2%2Fcomments&post=183"}],"version-history":[{"count":34,"href":"https:\/\/www.vss-sezana.si\/index.php?rest_route=\/wp\/v2\/pages\/183\/revisions"}],"predecessor-version":[{"id":11198,"href":"https:\/\/www.vss-sezana.si\/index.php?rest_route=\/wp\/v2\/pages\/183\/revisions\/11198"}],"up":[{"embeddable":true,"href":"https:\/\/www.vss-sezana.si\/index.php?rest_route=\/wp\/v2\/pages\/62"}],"wp:attachment":[{"href":"https:\/\/www.vss-sezana.si\/index.php?rest_route=%2Fwp%2Fv2%2Fmedia&parent=183"}],"curies":[{"name":"wp","href":"https:\/\/api.w.org\/{rel}","templated":true}]}}