{"id":171,"date":"2013-08-30T09:58:15","date_gmt":"2013-08-30T07:58:15","guid":{"rendered":"http:\/\/1028.gvs.arnes.si\/blog\/?page_id=171"},"modified":"2025-12-30T14:25:08","modified_gmt":"2025-12-30T13:25:08","slug":"osnovni-podatki-2","status":"publish","type":"page","link":"https:\/\/www.vss-sezana.si\/?page_id=171","title":{"rendered":"Osnovni podatki"},"content":{"rendered":"<div class='avia-image-container  av-styling-    avia-builder-el-0  el_before_av_one_half  avia-builder-el-first  avia-align-center '  itemprop=\"image\" itemscope=\"itemscope\" itemtype=\"https:\/\/schema.org\/ImageObject\"  ><div class='avia-image-container-inner'><div class='avia-image-overlay-wrap'><img data-recalc-dims=\"1\" class='avia_image' src=\"https:\/\/i0.wp.com\/vss-sezana.si\/wp-content\/uploads\/2013\/08\/Sindi_Stor_stavba_1030x360px.jpg?w=1500&#038;ssl=1\" alt='' title='Sindi_Stor_stavba_1030x360px'   itemprop=\"thumbnailUrl\"  \/><\/div><\/div><\/div>\n<div class=\"flex_column av_one_half  flex_column_div first  avia-builder-el-1  el_after_av_image  el_before_av_two_third  \" ><section class=\"av_textblock_section \"  itemscope=\"itemscope\" itemtype=\"https:\/\/schema.org\/CreativeWork\" ><div class='avia_textblock  '   itemprop=\"text\" ><h2><b>KONTAKT<\/b><\/h2>\n<p><em><b>\u0160olski center Sre\u010dka Kosovela Se\u017eana<\/b><\/em><br \/>\n<em> <b>Vi\u0161ja strokovna \u0161ola<\/b><\/em><\/p>\n<p>Naslov: Kra\u0161ka ulica 2, 6210 Se\u017eana<br \/>\nTelefon: +386 05 731 35 16<br \/>\n<a href=\"mailto:info@vss-sezana.si\">info@vss-sezana.si<\/a><br \/>\nwww.vss-sezana.si<\/p>\n<p><b>Ravnateljica<\/b>: Jasna Klan\u010di\u0161ar, doc. MgA<br \/>\n<a href=\"mailto:ravnateljica@vss-sezana.si\">ravnateljica@vss-sezana.si<\/a><br \/>\n<strong>Referentka za \u0161tudijske in \u0161tudentske zadeve:<\/strong><br \/>\nKatja Skok\u00a0 <a href=\"mailto:referat@vss-sezana.si\">referat@vss-sezana.si<\/a><\/p>\n<p><strong>Uradne ure referata:<\/strong><br \/>\ntorek 12:30 do 14:30<\/p>\n<p><b>Organizatorka prakti\u010dnega izobra\u017eevanja<\/b>:<br \/>\nMaja Pre\u0161eren<br \/>\nTelefon: +386 05 7313 514 \/ +386\u00a031 369 226<br \/>\n<strong>Uradne ure organizatorke PRI:<\/strong><br \/>\ntorek od 13.30\u00a0do 15.30<br \/>\npetek\u00a0od 8.00 do 10.00 (po predhodni najavi na\u00a0<a href=\"mailto:maja.preseren@vss-sezana.si\" target=\"_blank\" rel=\"noopener\">maja.preseren@vss-sezana.si<\/a>)<\/p>\n<p><em><b>\u0160olski center Sre\u010dka Kosovela Se\u017eana<\/b><\/em><\/p>\n<p>Direktor: Du\u0161an \u0160tolfa<br \/>\nNaslov: Stjenkova 3, 6210 Se\u017eana<br \/>\nTelefon: +386 05 731 12 80<br \/>\nFax: +386 05 731 12 89<br \/>\n<a href=\"mailto:ss.srecko-kosovel@guest.arnes.si\">ss.srecko-kosovel@guest.arnes.si<\/a><br \/>\n<a href=\"http:\/\/www.ss-sezana.si\/\" target=\"_blank\" rel=\"noopener\">www.ss-sezana.si<\/a><\/p>\n<p>Podra\u010dun pri UJP: 01100-6030704985<br \/>\nMati\u010dna \u0161t.: 5009189000<br \/>\nDav\u010dna \u0161t.: 74080601<br \/>\nPoslovna sekretarka: Helena \u017dele<br \/>\nRa\u010dunovodja: Enisa Pinces<\/p>\n<p><strong>Poobla\u0161\u010dena oseba za varstvo osebnih podatkov:<\/strong><br \/>\nNadja \u0160uligoj Kunilo<br \/>\nTelefon: +386 05 335 84 13<br \/>\n<a href=\"mailto:nadja.kunilo@gimng.si\">nadja.kunilo@gimng.si<\/a><\/p>\n<\/div><\/section><br \/>\n<div  class='hr hr-default   avia-builder-el-3  el_after_av_textblock  el_before_av_contact '><span class='hr-inner ' ><span class='hr-inner-style'><\/span><\/span><\/div><br \/>\n<form action=\"https:\/\/www.vss-sezana.si\/?page_id=171\" method=\"post\"  class=\"avia_ajax_form av-form-labels-visible   avia-builder-el-4  el_after_av_hr  avia-builder-el-last   \" data-avia-form-id=\"1\" data-avia-redirect=''><fieldset><h3>Pi\u0161ite nam<\/h3><p class=' first_form  form_element form_fullwidth' id='element_avia_1_1'><label for=\"avia_1_1\">Name <abbr class=\"required\" title=\"required\">*<\/abbr><\/label> <input name=\"avia_1_1\" class=\"text_input is_empty\" type=\"text\" id=\"avia_1_1\" value=\"\" \/><\/p><p class=' first_form  form_element form_fullwidth' id='element_avia_2_1'><label for=\"avia_2_1\">E-Mail <abbr class=\"required\" title=\"required\">*<\/abbr><\/label> <input name=\"avia_2_1\" class=\"text_input is_email\" type=\"text\" id=\"avia_2_1\" value=\"\" \/><\/p><p class=' first_form  form_element form_fullwidth' id='element_avia_3_1'><label for=\"avia_3_1\">Subject <abbr class=\"required\" title=\"required\">*<\/abbr><\/label> <input name=\"avia_3_1\" class=\"text_input is_empty\" type=\"text\" id=\"avia_3_1\" value=\"\" \/><\/p><p class=' first_form  form_element form_fullwidth av-last-visible-form-element' id='element_avia_4_1'>\t <label for=\"avia_4_1\" class=\"textare_label hidden textare_label_avia_4_1\">Message <abbr class=\"required\" title=\"required\">*<\/abbr><\/label>\t <textarea  name=\"avia_4_1\" class=\"text_area is_empty\" cols=\"40\" rows=\"7\" id=\"avia_4_1\" ><\/textarea><\/p><p class=\"hidden\"><input type=\"text\" name=\"avia_5_1\" class=\"hidden \" id=\"avia_5_1\" value=\"\" \/><\/p><p class=\"form_element \"><input type=\"hidden\" value=\"1\" name=\"avia_generated_form1\" \/><input type=\"submit\" value=\"Submit\" class=\"button\"  data-sending-label=\"Sending\"\/><\/p><\/fieldset><\/form><div id=\"ajaxresponse_1\" class=\"ajaxresponse ajaxresponse_1 hidden\"><\/div><\/p><\/div><div class=\"flex_column av_two_third  flex_column_div av-zero-column-padding first  avia-builder-el-5  el_after_av_one_half  avia-builder-el-last  column-top-margin\" style='border-radius:0px; '><section class=\"av_textblock_section \"  itemscope=\"itemscope\" itemtype=\"https:\/\/schema.org\/CreativeWork\" ><div class='avia_textblock  '   itemprop=\"text\" ><h2 style=\"text-align: justify;\"><b>PREDSTAVITEV \u0160OLE<\/b><\/h2>\n<p style=\"text-align: justify;\">Vi\u0161ja strokovna \u0161ola je bila v za\u010detku leta 2008 ustanovljena v okviru javnega zavoda \u0160olski center Sre\u010dka Kosovela Se\u017eana. Sede\u017e centra je na Stjenkovi ulici 3, kjer izvaja dejavnosti druga organizacijska enota zavoda, Gimnazija in ekonomska \u0161ola, medtem ko deluje Vi\u0161ja strokovna \u0161ola v prostorih Visoko\u0161olskega sredi\u0161\u010da Se\u017eana, na Kra\u0161ki ulici 2.<\/p>\n<p style=\"text-align: justify;\">Vi\u0161ja strokovna \u0161ola izvaja dva izobra\u017eevalna programa, Oblikovanje materialov in Fotografijo. \u0160tudij je organiziran v dveh letnikih. Izobra\u017eevalni proces temelji na prepletu teoreti\u010dnih znanj in obrtnih ve\u0161\u010din, zato je \u0161tudij organiziran v obliki predavanj, seminarskih in laboratorijskih vaj. Poleg tega se v vsakem \u0161tudijskem letu\u00a0izvede 10 tednov prakti\u010dnega izobra\u017eevanja v podjetjih ali pri obrtnikih.<\/p>\n<p style=\"text-align: justify;\">Vaje in nekatera predavanja potekajo v specialnih u\u010dilnicah oz. laboratorijih, ki omogo\u010dajo \u0161tudentom spoznavanje delovne opreme in sodobne tehnologije. U\u010dni proces izvajajo predavatelji in in\u0161truktorji\u00a0z delovnimi izku\u0161njami na podro\u010dju stroke.<\/p>\n<p style=\"text-align: justify;\">\n<p style=\"text-align: justify;\">Informativni dnevi so organizirani v prostorih Vi\u0161je strokovne \u0161ole, na Kra\u0161ki ulici 2 v Se\u017eani.<\/p>\n<h2 style=\"text-align: justify;\"><\/h2>\n<\/div><\/section><br \/>\n<div  class='hr hr-default   avia-builder-el-7  el_after_av_textblock  el_before_av_textblock '><span class='hr-inner ' ><span class='hr-inner-style'><\/span><\/span><\/div><br \/>\n<section class=\"av_textblock_section \"  itemscope=\"itemscope\" itemtype=\"https:\/\/schema.org\/CreativeWork\" ><div class='avia_textblock  '   itemprop=\"text\" ><h2><b>PRESENTATION OF THE SCHOOL<\/b><\/h2>\n<p>The Higher Vocational College (Vi\u0161ja strokovna \u0161ola) was established at the beginning of 2008 within the framework of the Public Institution known as the \u201cSrecko Kosovel School Centre, Se\u017eana\u201d (\u0160olski center Sre\u010dka Kosovela Se\u017eana). The head office of the Srecko Kosovel School Centre is situated in Stjenkova ulica 3, where one of the 2 organisational units of the Srecko Kosovel School Centre is also situated. This 1st organisational unit consists of two upper secondary schools: the Grammar School (Gimnazija) and Gimnazija specialising in economics \u2013 School of Economics\u00a0 (Ekonomska \u0161ola). The 2nd organisational unit is the Higher Vocational College (Vi\u0161ja strokovna \u0161ola), which offers undergraduate programmes, and operates on the premises of the Higher Education Centre Se\u017eana.<\/p>\n<p>The Higher Vocational College provides two study curricula: Designing Materials and Photography. The length of the course is 2 years. The interweaving of theoretical knowledge and craftsmen\u2019s skills lays the groundwork for the education process which is thus organised in the form of lectures, seminar theses and laboratory exercises. Additionally, in each academic Year the students participate in 10 weekly practical training courses given by commercial companies or craftsmen.<\/p>\n<p>Exercises and certain lectures take place in the special classrooms or laboratories, which enable the students to learn about working equipment and modern technologies. The study curriculum is conducted with the guidance of qualified lecturers and instructors who have skills and experience in the related fields of science.<\/p>\n<\/div><\/section><\/p><\/div><\/p>\n","protected":false},"excerpt":{"rendered":"","protected":false},"author":2,"featured_media":0,"parent":2,"menu_order":10,"comment_status":"open","ping_status":"closed","template":"","meta":{"footnotes":""},"class_list":["post-171","page","type-page","status-publish","hentry"],"aioseo_notices":[],"jetpack_sharing_enabled":true,"jetpack_shortlink":"https:\/\/wp.me\/P6N9ot-2L","jetpack-related-posts":[],"_links":{"self":[{"href":"https:\/\/www.vss-sezana.si\/index.php?rest_route=\/wp\/v2\/pages\/171","targetHints":{"allow":["GET"]}}],"collection":[{"href":"https:\/\/www.vss-sezana.si\/index.php?rest_route=\/wp\/v2\/pages"}],"about":[{"href":"https:\/\/www.vss-sezana.si\/index.php?rest_route=\/wp\/v2\/types\/page"}],"author":[{"embeddable":true,"href":"https:\/\/www.vss-sezana.si\/index.php?rest_route=\/wp\/v2\/users\/2"}],"replies":[{"embeddable":true,"href":"https:\/\/www.vss-sezana.si\/index.php?rest_route=%2Fwp%2Fv2%2Fcomments&post=171"}],"version-history":[{"count":67,"href":"https:\/\/www.vss-sezana.si\/index.php?rest_route=\/wp\/v2\/pages\/171\/revisions"}],"predecessor-version":[{"id":11197,"href":"https:\/\/www.vss-sezana.si\/index.php?rest_route=\/wp\/v2\/pages\/171\/revisions\/11197"}],"up":[{"embeddable":true,"href":"https:\/\/www.vss-sezana.si\/index.php?rest_route=\/wp\/v2\/pages\/2"}],"wp:attachment":[{"href":"https:\/\/www.vss-sezana.si\/index.php?rest_route=%2Fwp%2Fv2%2Fmedia&parent=171"}],"curies":[{"name":"wp","href":"https:\/\/api.w.org\/{rel}","templated":true}]}}