{"id":169,"date":"2013-08-30T09:56:09","date_gmt":"2013-08-30T07:56:09","guid":{"rendered":"http:\/\/1028.gvs.arnes.si\/blog\/?page_id=169"},"modified":"2026-02-10T12:55:12","modified_gmt":"2026-02-10T11:55:12","slug":"preizkus-nadarjenosti","status":"publish","type":"page","link":"https:\/\/www.vss-sezana.si\/?page_id=169","title":{"rendered":"Preizkus nadarjenosti"},"content":{"rendered":"<div class=\"flex_column av_one_third  flex_column_div first  avia-builder-el-0  el_before_av_two_third  avia-builder-el-first  \" ><section class=\"av_textblock_section \"  itemscope=\"itemscope\" itemtype=\"https:\/\/schema.org\/CreativeWork\" ><div class='avia_textblock  '   itemprop=\"text\" ><h2>Navodila in obrazci<\/h2>\n<ul>\n<li>Navodila za pripravo predstavitvene mape (portfolia) za vpis na vi\u0161je\u0161olski <a href=\"https:\/\/vss-sezana.si\/wp-content\/uploads\/2013\/09\/navodila_PPN-OBL.pdf\" target=\"_blank\">\u0161tudijski program oblikovanje materialov<\/a><\/li>\n<li>Navodila za pripravo predstavitvene mape (portfolia) za vpis na vi\u0161je\u0161olski <a href=\"https:\/\/vss-sezana.si\/wp-content\/uploads\/2013\/09\/navodila_PPN-FOTO.pdf\" target=\"_blank\">\u0161tudijski program fotografija<\/a><\/li>\n<li><a href=\"https:\/\/vss-sezana.si\/wp-content\/uploads\/2013\/09\/Iz-3_IZJAVA-PNN-avtorstvo.pdf\" target=\"_blank\">Izjava o avtorstvu predstavitvene mape<\/a>\u00a0obrazec Iz-3<\/li>\n<\/ul>\n<\/div><\/section><\/div>\n<div class=\"flex_column av_two_third  flex_column_div   avia-builder-el-2  el_after_av_one_third  avia-builder-el-last  \" ><section class=\"av_textblock_section \"  itemscope=\"itemscope\" itemtype=\"https:\/\/schema.org\/CreativeWork\" ><div class='avia_textblock  '   itemprop=\"text\" ><h2>PREIZKUS NADARJENOSTI<\/h2>\n<h2><span style=\"font-size: 16px;\">Osnovni pogoj za vpis\u00a0na vi\u0161jo strokovno \u0161olo je:<\/span><\/h2>\n<ul>\n<li style=\"text-align: justify;\">opravljena splo\u0161na ali poklicna matura oziroma kon\u010dano temu ustrezno izobra\u017eevanje po\u00a0starej\u0161ih predpisih,\u00a0ali<\/li>\n<li style=\"text-align: justify;\">opravljen mojstrski, delovodski ali poslovodski izpit, tri leta delovnih izku\u0161enj in opravljen preizkus znanja iz splo\u0161noizobra\u017eevalnih predmetov v obsegu, dolo\u010denem za poklicno maturo v srednjem strokovnem izobra\u017eevanju.<\/li>\n<\/ul>\n<p>Dodatni pogoj za <strong>vpis v program Oblikovanje materialov<\/strong> je\u00a0preizkus posebne nadarjenosti.<br \/>\nKandidat nadarjenost izkazuje\u00a0s predstavitveno mapo (portfoliom):<\/p>\n<ul>\n<li>z najmanj desetimi risbami opazovanih motivov ali izdelkov, maksimalne velikosti 50 x 70 cm, v poljubnih risarskih tehnikah,\u00a0ali<\/li>\n<li>z najmanj tremi izdelki (ali fotografijami in opisi izdelkov),\u00a0ali<\/li>\n<li>z najmanj eno maketo.<\/li>\n<\/ul>\n<p>O nadarjenosti presoja strokovna komisija na podlagi predlo\u017eenih izdelkov in njihovega zagovora.<\/p>\n<p>Natan\u010dna navodila za izdelavo predstavitvene mape si lahko ogledate\u00a0<a href=\"https:\/\/vss-sezana.si\/wp-content\/uploads\/2013\/09\/navodila_PPN-OBL.pdf\" target=\"_blank\" rel=\"noopener\">tukaj<\/a>. Mapi obvezno prilo\u017eite izjavo o avtorstvu na obrazcu\u00a0<a href=\"https:\/\/vss-sezana.si\/wp-content\/uploads\/2013\/09\/Iz-3_IZJAVA-PNN-avtorstvo.pdf\" target=\"_blank\" rel=\"noopener\">Iz-3<\/a>.<\/p>\n<p>Dodatni pogoj za <strong>vpis v program\u00a0Fotografija<\/strong> je\u00a0preizkus posebne nadarjenosti.<br \/>\nKandidat nadarjenost izkazuje\u00a0s predstavitveno mapo (portfoliom), ki\u00a0mora vsebovati 20 avtoriziranih fotografij na primerni podlagi, formata cca 20 x 30 cm. Kandidat v mapi predstavi\u00a0\u0161tiri razli\u010dne tematske sklope.<\/p>\n<p>O nadarjenosti presoja strokovna komisija na podlagi predlo\u017eenih izdelkov in njihovega zagovora.<\/p>\n<p>Natan\u010dna navodila za izdelavo predstavitvene mape si lahko ogledate\u00a0<a href=\"https:\/\/vss-sezana.si\/wp-content\/uploads\/2013\/09\/navodila_PPN-FOTO.pdf\" target=\"_blank\" rel=\"noopener\">tukaj<\/a>. Mapi obvezno prilo\u017eite izjavo o avtorstvu na obrazcu\u00a0<a href=\"https:\/\/vss-sezana.si\/wp-content\/uploads\/2013\/09\/Iz-3_IZJAVA-PNN-avtorstvo.pdf\" target=\"_blank\" rel=\"noopener\">Iz-3<\/a>.<\/p>\n<p style=\"text-align: justify;\"><strong>Predstavitveno mapo za opravljanje preizkusa posebne nadarjenosti\u00a0morate predlo\u017eiti ob pristopu k zagovoru.<\/strong> Kandidate, prijavljene v prvem prijavnem roku, bo \u0161ola obvestila o terminu zagovora po po\u0161ti, prijavljene v drugem prijavnem roku pa po elektronski po\u0161ti, v kolikor jo bo kandidat navedel v prijavnem obrazcu. Razpored kandidatov za zagovor v okviru preizkusa posebne nadarjenosti bo v obeh rokih objavljen tudi na \u0161olski spletni strani.<br \/>\nZa to\u010den termin preizkusa nadarjenosti in zagovora predstavitvene mape, ki je dolo\u010den v skladu z Rokovnikom Ministrstva za vzgojo in izobra\u017eevanje, boste pravo\u010dasno obve\u0161\u010deni osebno.<br \/>\n<strong>Ob pristopu k zagovoru mora kandidat predlo\u017eiti osebni dokument s fotografijo.<\/strong><br \/>\nO izidu preizkusa nadarjenosti bodo kandidati obve\u0161\u010deni istega dne, po zaklju\u010denih preizkusih. Kandidati, ki izpolnjujejo vpisne pogoje in bodo preizkus uspe\u0161no opravili, bodo povabljeni k vpisu\u00a0\u00a0(ve\u010d v rubriki <a href=\"https:\/\/www.vss-sezana.si\/?page_id=82\" target=\"_blank\" rel=\"noopener\">Prijava in vpis<\/a>).<\/p>\n<\/div><\/section><\/div>\n","protected":false},"excerpt":{"rendered":"","protected":false},"author":2,"featured_media":0,"parent":2,"menu_order":50,"comment_status":"open","ping_status":"closed","template":"","meta":{"footnotes":""},"class_list":["post-169","page","type-page","status-publish","hentry"],"aioseo_notices":[],"jetpack_sharing_enabled":true,"jetpack_shortlink":"https:\/\/wp.me\/P6N9ot-2J","jetpack-related-posts":[],"_links":{"self":[{"href":"https:\/\/www.vss-sezana.si\/index.php?rest_route=\/wp\/v2\/pages\/169","targetHints":{"allow":["GET"]}}],"collection":[{"href":"https:\/\/www.vss-sezana.si\/index.php?rest_route=\/wp\/v2\/pages"}],"about":[{"href":"https:\/\/www.vss-sezana.si\/index.php?rest_route=\/wp\/v2\/types\/page"}],"author":[{"embeddable":true,"href":"https:\/\/www.vss-sezana.si\/index.php?rest_route=\/wp\/v2\/users\/2"}],"replies":[{"embeddable":true,"href":"https:\/\/www.vss-sezana.si\/index.php?rest_route=%2Fwp%2Fv2%2Fcomments&post=169"}],"version-history":[{"count":32,"href":"https:\/\/www.vss-sezana.si\/index.php?rest_route=\/wp\/v2\/pages\/169\/revisions"}],"predecessor-version":[{"id":11231,"href":"https:\/\/www.vss-sezana.si\/index.php?rest_route=\/wp\/v2\/pages\/169\/revisions\/11231"}],"up":[{"embeddable":true,"href":"https:\/\/www.vss-sezana.si\/index.php?rest_route=\/wp\/v2\/pages\/2"}],"wp:attachment":[{"href":"https:\/\/www.vss-sezana.si\/index.php?rest_route=%2Fwp%2Fv2%2Fmedia&parent=169"}],"curies":[{"name":"wp","href":"https:\/\/api.w.org\/{rel}","templated":true}]}}