{"id":167,"date":"2013-08-30T09:55:27","date_gmt":"2013-08-30T07:55:27","guid":{"rendered":"http:\/\/1028.gvs.arnes.si\/blog\/?page_id=167"},"modified":"2015-09-21T14:18:42","modified_gmt":"2015-09-21T12:18:42","slug":"predstavitev-programov","status":"publish","type":"page","link":"https:\/\/www.vss-sezana.si\/?page_id=167","title":{"rendered":"Predstavitev programov"},"content":{"rendered":"<div class=\"flex_column av_one_third  flex_column_div first  avia-builder-el-0  el_before_av_two_third  avia-builder-el-first  \" ><p><div class='avia-image-container  av-styling-    avia-builder-el-1  el_before_av_image  avia-builder-el-first  avia-align-center '  itemprop=\"image\" itemscope=\"itemscope\" itemtype=\"https:\/\/schema.org\/ImageObject\"  ><div class='avia-image-container-inner'><div class='avia-image-overlay-wrap'><img data-recalc-dims=\"1\" class='avia_image' src=\"https:\/\/i0.wp.com\/vss-sezana.si\/wp-content\/uploads\/2013\/08\/Martin-Peca_udar.jpg?w=1500&#038;ssl=1\" alt='Martin Peca' title='Martin Peca'   itemprop=\"thumbnailUrl\"  \/><\/div><\/div><\/div><br \/>\n<div class='avia-image-container  av-styling-    avia-builder-el-2  el_after_av_image  avia-builder-el-last  avia-align-center '  itemprop=\"image\" itemscope=\"itemscope\" itemtype=\"https:\/\/schema.org\/ImageObject\"  ><div class='avia-image-container-inner'><div class='avia-image-overlay-wrap'><img data-recalc-dims=\"1\" class='avia_image' src=\"https:\/\/i0.wp.com\/vss-sezana.si\/wp-content\/uploads\/2013\/08\/Studio.jpg?w=1500&#038;ssl=1\" alt='' title='Studio'   itemprop=\"thumbnailUrl\"  \/><\/div><\/div><\/div><\/p><\/div>\n<div class=\"flex_column av_two_third  flex_column_div av-zero-column-padding   avia-builder-el-3  el_after_av_one_third  avia-builder-el-last  \" style='border-radius:0px; '><section class=\"av_textblock_section \"  itemscope=\"itemscope\" itemtype=\"https:\/\/schema.org\/CreativeWork\" ><div class='avia_textblock  '   itemprop=\"text\" ><h2><strong>PREDSTAVITEV PROGRAMOV<\/strong><\/h2>\n<p style=\"text-align: justify;\">Vi\u0161ja strokovna \u0161ola razpisuje dva vi\u0161je\u0161olska \u0161tudijska programa: <a href=\"https:\/\/www.vss-sezana.si\/?page_id=86\" target=\"_blank\"><strong>Oblikovanje materialov<\/strong>,<\/a> v okviru katerega omogo\u010da \u0161tudij po izbirnem modulu Kamen, in <a href=\"https:\/\/www.vss-sezana.si\/?page_id=60\" target=\"_blank\"><strong>Fotografija<\/strong><\/a>. Programa sta oblikovana tako, da upo\u0161tevata potrebe sodobnega gospodarstva in sta kreditno ovrednotena po sistemu ECTS.<\/p>\n<p style=\"text-align: justify;\">\u0160tudij traja skupno dve leti. Program\u00a0v\u00a0vsakem letniku\u00a0dolo\u010da 10 tednov (400 ur) prakti\u010dnega izobra\u017eevanja pri delodajalcih. Uspe\u0161no opravljeno prakti\u010dno izobra\u017eevanje je pogoj za vpis v vi\u0161ji letnik oz. za dokon\u010danje \u0161tudija.<\/p>\n<p style=\"text-align: justify;\">\u0160ola je prva javna ustanova v Sloveniji, ki omogo\u010da izobra\u017eevanje na podro\u010dju fotografije na stopnji, vi\u0161ji od srednje\u0161olske, in v tem trenutku edina vi\u0161ja \u0161ola, na kateri se je mogo\u010de iz\u0161olati za oblikovanje kamna.<\/p>\n<p style=\"text-align: justify;\"><a href=\"https:\/\/www.vss-sezana.si\/wp-content\/uploads\/2014\/01\/predmetnik-FOT-2014.pdf\" target=\"_blank\">Predmetnik programa Fotografija<\/a><br \/>\n<a href=\"https:\/\/www.vss-sezana.si\/wp-content\/uploads\/2014\/01\/predmetnik-OBL-2014.pdf\" target=\"_blank\">Predmetnik programa Oblikovanje materialov &#8211; Kamen<\/a><\/p>\n<\/div><\/section><\/div>\n","protected":false},"excerpt":{"rendered":"","protected":false},"author":2,"featured_media":0,"parent":2,"menu_order":30,"comment_status":"open","ping_status":"closed","template":"","meta":{"footnotes":""},"class_list":["post-167","page","type-page","status-publish","hentry"],"aioseo_notices":[],"jetpack_sharing_enabled":true,"jetpack_shortlink":"https:\/\/wp.me\/P6N9ot-2H","jetpack-related-posts":[],"_links":{"self":[{"href":"https:\/\/www.vss-sezana.si\/index.php?rest_route=\/wp\/v2\/pages\/167","targetHints":{"allow":["GET"]}}],"collection":[{"href":"https:\/\/www.vss-sezana.si\/index.php?rest_route=\/wp\/v2\/pages"}],"about":[{"href":"https:\/\/www.vss-sezana.si\/index.php?rest_route=\/wp\/v2\/types\/page"}],"author":[{"embeddable":true,"href":"https:\/\/www.vss-sezana.si\/index.php?rest_route=\/wp\/v2\/users\/2"}],"replies":[{"embeddable":true,"href":"https:\/\/www.vss-sezana.si\/index.php?rest_route=%2Fwp%2Fv2%2Fcomments&post=167"}],"version-history":[{"count":15,"href":"https:\/\/www.vss-sezana.si\/index.php?rest_route=\/wp\/v2\/pages\/167\/revisions"}],"predecessor-version":[{"id":4408,"href":"https:\/\/www.vss-sezana.si\/index.php?rest_route=\/wp\/v2\/pages\/167\/revisions\/4408"}],"up":[{"embeddable":true,"href":"https:\/\/www.vss-sezana.si\/index.php?rest_route=\/wp\/v2\/pages\/2"}],"wp:attachment":[{"href":"https:\/\/www.vss-sezana.si\/index.php?rest_route=%2Fwp%2Fv2%2Fmedia&parent=167"}],"curies":[{"name":"wp","href":"https:\/\/api.w.org\/{rel}","templated":true}]}}